{"id":10156,"date":"2024-02-01T16:52:13","date_gmt":"2024-02-01T15:52:13","guid":{"rendered":"https:\/\/www.hotelmarcopolo.it\/?page_id=10156"},"modified":"2024-02-02T13:04:09","modified_gmt":"2024-02-02T12:04:09","slug":"hotel-in-jesolo-ganzjahrig-geoffnet","status":"publish","type":"page","link":"https:\/\/www.hotelmarcopolo.it\/de\/hotel-in-jesolo-ganzjahrig-geoffnet\/","title":{"rendered":"Hotel in Jesolo ganzj\u00e4hrig ge\u00f6ffnet"},"content":{"rendered":"<p>[vc_row css=&#8220;.vc_custom_1633956512254{margin-top: 80px !important;margin-bottom: 40px !important;}&#8220;][vc_column] <h2 style=\"color:#1c1c1c;padding:px;text-align:;font-size:35px;line-height:40px;letter-spacing: px;font-weight:\" class=\"    \">Suchen Sie ein ganzj\u00e4hrig ge\u00f6ffnetes Hotel in Jesolo? W\u00e4hlen Sie das Hotel Marco Polo in Jesolo Lido<\/h2> <div style=\"background-color:;height: 20px\" class=\"nicdark_section  \"><\/div>[vc_column_text]Das Marco Polo<strong> ist ein ganzj\u00e4hrig ge\u00f6ffnetes Hotel in Jesolo<\/strong>. Das Hotel <strong>liegt in der Via Bafile<\/strong>, der Hauptstra\u00dfe von Jesolo, nur wenige Schritte vom Meer entfernt und bietet seinen Kunden moderne und ger\u00e4umige Zimmer mit einem einfachen und eleganten Design zu jeder Jahreszeit.<\/p>\n<p>Im Marco Polo zu \u00fcbernachten bedeutet, <strong>jede Facette von Jesolo zu erleben<\/strong>. Vom lebhaften Sommer bis zur Winterruhe, ohne auf Komfort und Wohlbefinden zu verzichten.[\/vc_column_text] <h2 style=\"color:#1c1c1c;padding:px;text-align:;font-size:25px;line-height:30px;letter-spacing: px;font-weight:\" class=\"    \">Jesolo im Herbst und Winter entdecken<\/h2> <div style=\"background-color:;height: 20px\" class=\"nicdark_section  \"><\/div>[vc_column_text]Jesolo offenbart sich in den k\u00fchleren Jahreszeiten anders und schenkt seinen G\u00e4sten authentische und eindrucksvolle Erlebnisse. Das Hotel Marco Polo empf\u00e4ngt Sie das ganze Jahr \u00fcber f\u00fcr Ihren Urlaub in Jesolo.<\/p>\n<p>Hier sind einige <strong>Ideen und Vorschl\u00e4ge<\/strong>, um Ihren Winteraufenthalt noch spezieller zu gestalten.[\/vc_column_text] <h3 style=\"color:#1c1c1c;padding:px;text-align:;font-size:20px;line-height:25px;letter-spacing: px;font-weight:\" class=\"    \">Spazierg\u00e4nge am Strand<\/h3> <div style=\"background-color:;height: 20px\" class=\"nicdark_section  \"><\/div>[vc_column_text]Es gibt nichts Entspannenderes, als an k\u00fchlen Herbst- oder Wintertagen <strong>am einsamen Strand von Jesolo zu spazieren<\/strong>. Genie\u00dfen Sie die frische Luft, das Rauschen der Wellen und die einzigartige Aussicht,<strong> auch mit Ihren 4-beinigen Freunden<\/strong>, die bei uns immer willkommen sind.[\/vc_column_text]<div style=\"background-color:;height: 20px\" class=\"nicdark_section  \"><\/div>[vc_single_image image=&#8220;10200&#8243; img_size=&#8220;full&#8220; alignment=&#8220;center&#8220;]<div style=\"background-color:;height: 20px\" class=\"nicdark_section  \"><\/div> <h3 style=\"color:#1c1c1c;padding:px;text-align:;font-size:20px;line-height:25px;letter-spacing: px;font-weight:\" class=\"    \">\u00d6nogastronomische Routen<\/h3> <div style=\"background-color:;height: 20px\" class=\"nicdark_section  \"><\/div>[vc_column_text]<strong>Genie\u00dfen Sie die lokale K\u00fcche<\/strong> in den ganzj\u00e4hrig ge\u00f6ffneten Restaurants in der Via Bafile. Jesolo bietet eine gro\u00dfe Auswahl an Lokalen, von Restaurants bis zu Tavernen und Pubs, die typische Gerichte der Lagune anbieten und Ihren Gaumen w\u00e4rmen und erfreuen werden.[\/vc_column_text] <h3 style=\"color:#1c1c1c;padding:px;text-align:;font-size:20px;line-height:25px;letter-spacing: px;font-weight:\" class=\"    \">Ausfl\u00fcge in Venedig<\/h3> <div style=\"background-color:;height: 20px\" class=\"nicdark_section  \"><\/div>[vc_column_text]Herbst, Winter und Fr\u00fchling sind die besten Zeiten, um das nahe gelegene Venedig zu besuchen, ohne die charakteristische Hitze und Hitze des Sommers. Vom Hotel Marco Polo aus k\u00f6nnen Sie Venedig sowohl mit dem Bus als auch mit dem Motorboot von Punta Sabbioni aus leicht erreichen.[\/vc_column_text] <h3 style=\"color:#1c1c1c;padding:px;text-align:;font-size:20px;line-height:25px;letter-spacing: px;font-weight:\" class=\"    \">Shopping und lokale Veranstaltungen<\/h3> <div style=\"background-color:;height: 20px\" class=\"nicdark_section  \"><\/div>[vc_column_text]Die Gesch\u00e4fte und M\u00e4rkte von Jesolo sind das ganze Jahr \u00fcber ge\u00f6ffnet. Profitieren Sie vom Shopping, entdecken Sie die Kreationen der lokalen Handwerker und nehmen Sie an kulturellen Veranstaltungen teil, die die Stadt beleben.[\/vc_column_text] <h2 style=\"color:#1c1c1c;padding:px;text-align:;font-size:25px;line-height:30px;letter-spacing: px;font-weight:\" class=\"    \">Sonderangebote f\u00fcr Herbst und Winter<\/h2> <div style=\"background-color:;height: 20px\" class=\"nicdark_section  \"><\/div>[vc_column_text]Um Ihren Aufenthalt im Herbst und Winter noch attraktiver zu gestalten, bieten wir Angebote mit exklusiven Dienstleistungen und Erm\u00e4\u00dfigungen auf lokale Aktivit\u00e4ten. Besuchen Sie die Website und unsere sozialen Netzwerke, um die perfekte L\u00f6sung f\u00fcr Ihren Aufenthalt zu finden, und z\u00f6gern Sie nicht, uns unter <a href=\"mailto:info@hotelmarcopolo.it\">info@hotelmarcopolo.it<\/a> oder unter <a href=\"tel:000421380606\">+39 0421 380606<\/a> zu kontaktieren, um ein pers\u00f6nliches Angebot anzufordern.<\/p>\n<p><a class=\"nicdark_display_inline_block nd_options_font_weight_bold nd_options_second_font\" style=\"letter-spacing: 2px; line-height: 11px; font-size: 11px; background-color: #8f0000; padding: 15px 35px; ; color: #ffffff;\" href=\"mailto:info@hotelmarcopolo.it\" rel=\"\">info@hotelmarcopolo.it<\/a><\/p>\n<p><a class=\"nicdark_display_inline_block nd_options_font_weight_bold nd_options_second_font\" style=\"letter-spacing: 2px; line-height: 11px; font-size: 11px; background-color: #8f0000; padding: 15px 35px; ; color: #ffffff;\" href=\"tel:+390421380606\" rel=\"\">0421 380606<\/a><\/p>\n<p>&nbsp;<\/p>\n<p>Das ganzj\u00e4hrig ge\u00f6ffnete Hotel Marco Polo<strong> ist der ideale Ausgangspunkt, um die zeitlose Sch\u00f6nheit von Jesolo zu entdecken<\/strong>. Erleben Sie Jesolo nicht nur im Sommer, lassen Sie sich auch in den k\u00fchleren Jahreszeiten von seinem Zauber verzaubern.[\/vc_column_text][\/vc_column][\/vc_row]<\/p>\n","protected":false},"excerpt":{"rendered":"<p>[vc_row css=&#8220;.vc_custom_1633956512254{margin-top: 80px !important;margin-bottom: 40px !important;}&#8220;][vc_column][vc_column_text]Das Marco Polo ist ein ganzj\u00e4hrig ge\u00f6ffnetes Hotel in Jesolo. Das Hotel liegt in der Via Bafile, der Hauptstra\u00dfe von Jesolo, nur wenige Schritte vom Meer entfernt und bietet seinen Kunden moderne und ger\u00e4umige Zimmer mit einem einfachen und eleganten Design zu jeder Jahreszeit. Im Marco Polo zu \u00fcbernachten bedeutet, [&hellip;]<\/p>\n","protected":false},"author":3,"featured_media":10167,"parent":0,"menu_order":0,"comment_status":"closed","ping_status":"closed","template":"","meta":{"footnotes":""},"class_list":["post-10156","page","type-page","status-publish","has-post-thumbnail","hentry"],"yoast_head":"<!-- This site is optimized with the Yoast SEO plugin v21.5 - https:\/\/yoast.com\/wordpress\/plugins\/seo\/ -->\n<title>Hotel in Jesolo ganzj\u00e4hrig ge\u00f6ffnet: entdecken Sie das Marco Polo<\/title>\n<meta name=\"description\" content=\"Das Hotel Marco Polo ist 365 Tage an 365 Tagen ge\u00f6ffnet und blickt auf die Via Bafile, nur wenige Schritte vom Meer entfernt. Entdecken Sie die Vorschl\u00e4ge f\u00fcr jede Jahreszeit.\" \/>\n<meta name=\"robots\" content=\"index, follow, max-snippet:-1, max-image-preview:large, max-video-preview:-1\" \/>\n<link rel=\"canonical\" href=\"https:\/\/www.hotelmarcopolo.it\/de\/hotel-in-jesolo-ganzjahrig-geoffnet\/\" \/>\n<meta property=\"og:locale\" content=\"de_DE\" \/>\n<meta property=\"og:type\" content=\"article\" \/>\n<meta property=\"og:title\" content=\"Hotel in Jesolo ganzj\u00e4hrig ge\u00f6ffnet: entdecken Sie das Marco Polo\" \/>\n<meta property=\"og:description\" content=\"Das Hotel Marco Polo ist 365 Tage an 365 Tagen ge\u00f6ffnet und blickt auf die Via Bafile, nur wenige Schritte vom Meer entfernt. Entdecken Sie die Vorschl\u00e4ge f\u00fcr jede Jahreszeit.\" \/>\n<meta property=\"og:url\" content=\"https:\/\/www.hotelmarcopolo.it\/de\/hotel-in-jesolo-ganzjahrig-geoffnet\/\" \/>\n<meta property=\"og:site_name\" content=\"Hotel Marco Polo\" \/>\n<meta property=\"article:modified_time\" content=\"2024-02-02T12:04:09+00:00\" \/>\n<meta property=\"og:image\" content=\"https:\/\/www.hotelmarcopolo.it\/wp-content\/uploads\/hotel_a_jesolo_aperto_tutto_anno_marco_polo.png\" \/>\n\t<meta property=\"og:image:width\" content=\"1920\" \/>\n\t<meta property=\"og:image:height\" content=\"305\" \/>\n\t<meta property=\"og:image:type\" content=\"image\/png\" \/>\n<meta name=\"twitter:card\" content=\"summary_large_image\" \/>\n<meta name=\"twitter:label1\" content=\"Gesch\u00e4tzte Lesezeit\" \/>\n\t<meta name=\"twitter:data1\" content=\"3\u00a0Minuten\" \/>\n<script type=\"application\/ld+json\" class=\"yoast-schema-graph\">{\"@context\":\"https:\/\/schema.org\",\"@graph\":[{\"@type\":\"WebPage\",\"@id\":\"https:\/\/www.hotelmarcopolo.it\/de\/hotel-in-jesolo-ganzjahrig-geoffnet\/\",\"url\":\"https:\/\/www.hotelmarcopolo.it\/de\/hotel-in-jesolo-ganzjahrig-geoffnet\/\",\"name\":\"Hotel in Jesolo ganzj\u00e4hrig ge\u00f6ffnet: entdecken Sie das Marco Polo\",\"isPartOf\":{\"@id\":\"https:\/\/www.hotelmarcopolo.it\/de\/#website\"},\"datePublished\":\"2024-02-01T15:52:13+00:00\",\"dateModified\":\"2024-02-02T12:04:09+00:00\",\"description\":\"Das Hotel Marco Polo ist 365 Tage an 365 Tagen ge\u00f6ffnet und blickt auf die Via Bafile, nur wenige Schritte vom Meer entfernt. Entdecken Sie die Vorschl\u00e4ge f\u00fcr jede Jahreszeit.\",\"breadcrumb\":{\"@id\":\"https:\/\/www.hotelmarcopolo.it\/de\/hotel-in-jesolo-ganzjahrig-geoffnet\/#breadcrumb\"},\"inLanguage\":\"de\",\"potentialAction\":[{\"@type\":\"ReadAction\",\"target\":[\"https:\/\/www.hotelmarcopolo.it\/de\/hotel-in-jesolo-ganzjahrig-geoffnet\/\"]}]},{\"@type\":\"BreadcrumbList\",\"@id\":\"https:\/\/www.hotelmarcopolo.it\/de\/hotel-in-jesolo-ganzjahrig-geoffnet\/#breadcrumb\",\"itemListElement\":[{\"@type\":\"ListItem\",\"position\":1,\"name\":\"Home\",\"item\":\"https:\/\/www.hotelmarcopolo.it\/de\/\"},{\"@type\":\"ListItem\",\"position\":2,\"name\":\"Hotel in Jesolo ganzj\u00e4hrig ge\u00f6ffnet\"}]},{\"@type\":\"WebSite\",\"@id\":\"https:\/\/www.hotelmarcopolo.it\/de\/#website\",\"url\":\"https:\/\/www.hotelmarcopolo.it\/de\/\",\"name\":\"Hotel Marco Polo\",\"description\":\"Un nuovo sito targato WordPress\",\"potentialAction\":[{\"@type\":\"SearchAction\",\"target\":{\"@type\":\"EntryPoint\",\"urlTemplate\":\"https:\/\/www.hotelmarcopolo.it\/de\/?s={search_term_string}\"},\"query-input\":\"required name=search_term_string\"}],\"inLanguage\":\"de\"}]}<\/script>\n<!-- \/ Yoast SEO plugin. -->","yoast_head_json":{"title":"Hotel in Jesolo ganzj\u00e4hrig ge\u00f6ffnet: entdecken Sie das Marco Polo","description":"Das Hotel Marco Polo ist 365 Tage an 365 Tagen ge\u00f6ffnet und blickt auf die Via Bafile, nur wenige Schritte vom Meer entfernt. Entdecken Sie die Vorschl\u00e4ge f\u00fcr jede Jahreszeit.","robots":{"index":"index","follow":"follow","max-snippet":"max-snippet:-1","max-image-preview":"max-image-preview:large","max-video-preview":"max-video-preview:-1"},"canonical":"https:\/\/www.hotelmarcopolo.it\/de\/hotel-in-jesolo-ganzjahrig-geoffnet\/","og_locale":"de_DE","og_type":"article","og_title":"Hotel in Jesolo ganzj\u00e4hrig ge\u00f6ffnet: entdecken Sie das Marco Polo","og_description":"Das Hotel Marco Polo ist 365 Tage an 365 Tagen ge\u00f6ffnet und blickt auf die Via Bafile, nur wenige Schritte vom Meer entfernt. Entdecken Sie die Vorschl\u00e4ge f\u00fcr jede Jahreszeit.","og_url":"https:\/\/www.hotelmarcopolo.it\/de\/hotel-in-jesolo-ganzjahrig-geoffnet\/","og_site_name":"Hotel Marco Polo","article_modified_time":"2024-02-02T12:04:09+00:00","og_image":[{"width":1920,"height":305,"url":"https:\/\/www.hotelmarcopolo.it\/wp-content\/uploads\/hotel_a_jesolo_aperto_tutto_anno_marco_polo.png","type":"image\/png"}],"twitter_card":"summary_large_image","twitter_misc":{"Gesch\u00e4tzte Lesezeit":"3\u00a0Minuten"},"schema":{"@context":"https:\/\/schema.org","@graph":[{"@type":"WebPage","@id":"https:\/\/www.hotelmarcopolo.it\/de\/hotel-in-jesolo-ganzjahrig-geoffnet\/","url":"https:\/\/www.hotelmarcopolo.it\/de\/hotel-in-jesolo-ganzjahrig-geoffnet\/","name":"Hotel in Jesolo ganzj\u00e4hrig ge\u00f6ffnet: entdecken Sie das Marco Polo","isPartOf":{"@id":"https:\/\/www.hotelmarcopolo.it\/de\/#website"},"datePublished":"2024-02-01T15:52:13+00:00","dateModified":"2024-02-02T12:04:09+00:00","description":"Das Hotel Marco Polo ist 365 Tage an 365 Tagen ge\u00f6ffnet und blickt auf die Via Bafile, nur wenige Schritte vom Meer entfernt. Entdecken Sie die Vorschl\u00e4ge f\u00fcr jede Jahreszeit.","breadcrumb":{"@id":"https:\/\/www.hotelmarcopolo.it\/de\/hotel-in-jesolo-ganzjahrig-geoffnet\/#breadcrumb"},"inLanguage":"de","potentialAction":[{"@type":"ReadAction","target":["https:\/\/www.hotelmarcopolo.it\/de\/hotel-in-jesolo-ganzjahrig-geoffnet\/"]}]},{"@type":"BreadcrumbList","@id":"https:\/\/www.hotelmarcopolo.it\/de\/hotel-in-jesolo-ganzjahrig-geoffnet\/#breadcrumb","itemListElement":[{"@type":"ListItem","position":1,"name":"Home","item":"https:\/\/www.hotelmarcopolo.it\/de\/"},{"@type":"ListItem","position":2,"name":"Hotel in Jesolo ganzj\u00e4hrig ge\u00f6ffnet"}]},{"@type":"WebSite","@id":"https:\/\/www.hotelmarcopolo.it\/de\/#website","url":"https:\/\/www.hotelmarcopolo.it\/de\/","name":"Hotel Marco Polo","description":"Un nuovo sito targato WordPress","potentialAction":[{"@type":"SearchAction","target":{"@type":"EntryPoint","urlTemplate":"https:\/\/www.hotelmarcopolo.it\/de\/?s={search_term_string}"},"query-input":"required name=search_term_string"}],"inLanguage":"de"}]}},"_links":{"self":[{"href":"https:\/\/www.hotelmarcopolo.it\/de\/wp-json\/wp\/v2\/pages\/10156","targetHints":{"allow":["GET"]}}],"collection":[{"href":"https:\/\/www.hotelmarcopolo.it\/de\/wp-json\/wp\/v2\/pages"}],"about":[{"href":"https:\/\/www.hotelmarcopolo.it\/de\/wp-json\/wp\/v2\/types\/page"}],"author":[{"embeddable":true,"href":"https:\/\/www.hotelmarcopolo.it\/de\/wp-json\/wp\/v2\/users\/3"}],"replies":[{"embeddable":true,"href":"https:\/\/www.hotelmarcopolo.it\/de\/wp-json\/wp\/v2\/comments?post=10156"}],"version-history":[{"count":5,"href":"https:\/\/www.hotelmarcopolo.it\/de\/wp-json\/wp\/v2\/pages\/10156\/revisions"}],"predecessor-version":[{"id":10242,"href":"https:\/\/www.hotelmarcopolo.it\/de\/wp-json\/wp\/v2\/pages\/10156\/revisions\/10242"}],"wp:featuredmedia":[{"embeddable":true,"href":"https:\/\/www.hotelmarcopolo.it\/de\/wp-json\/wp\/v2\/media\/10167"}],"wp:attachment":[{"href":"https:\/\/www.hotelmarcopolo.it\/de\/wp-json\/wp\/v2\/media?parent=10156"}],"curies":[{"name":"wp","href":"https:\/\/api.w.org\/{rel}","templated":true}]}}