{"id":3457,"date":"2021-05-28T15:06:38","date_gmt":"2021-05-28T13:06:38","guid":{"rendered":"https:\/\/www.hotelmarcopolo.it\/pet-friendly\/"},"modified":"2021-11-09T10:44:11","modified_gmt":"2021-11-09T09:44:11","slug":"tierfreundliche-anlage","status":"publish","type":"page","link":"https:\/\/www.hotelmarcopolo.it\/de\/tierfreundliche-anlage\/","title":{"rendered":"Tierfreundliche Anlage"},"content":{"rendered":"<p>[vc_row css=&#8220;.vc_custom_1633956562957{margin-top: 80px !important;margin-bottom: 40px !important;}&#8220;][vc_column] <h2 style=\"color:#1c1c1c;padding:px;text-align:;font-size:35px;line-height:40px;letter-spacing: px;font-weight:\" class=\"    \">Wir denken an Ihre vierbeinigen Freunde<\/h2> <div style=\"background-color:;height: 50px\" class=\"nicdark_section  \"><\/div>[vc_single_image image=&#8220;2253&#8243; img_size=&#8220;large&#8220;][vc_row_inner][vc_column_inner]<div style=\"background-color:;height: 25px\" class=\"nicdark_section  \"><\/div>[vc_column_text]F\u00fcr uns geh\u00f6ren auch sie zur Familie &#8211; <strong>unsere vierbeinigen Freunde!<\/strong><\/p>\n<p>Ein Hundekeks und eine Streicheleinheit bei der Ankunft sind das Geheimnis, damit sie sich wie Zuhause f\u00fchlen. Wir sorgen daf\u00fcr, dass sie stets den Komfort genie\u00dfen, den sie brauchen.<\/p>\n<p>Um die R\u00e4ume zu desinfizieren, verwenden wir die Ozonoclean-Technologie, die tiefgehend desinfiziert und schlechte Ger\u00fcche beseitigt.<\/p>\n<p>Um den Aufenthalt ganz besonders zu gestalten, haben wir an einfache aber n\u00fctzliche Serviceleistungen gedacht, die Sie f\u00fcr Ihren vierbeinigen Freund gut brauchen k\u00f6nnen!<\/p>\n<p>Im Zimmer steht Ihnen stets Folgendes zur Verf\u00fcgung:<\/p>\n<ul>\n<li>Fressnapf und Wassersch\u00fcssel mit kleinem Willkommensset<\/li>\n<li>Eine eigene Matte f\u00fcr Ihren vierbeinigen Freund, wo er sich<\/li>\n<\/ul>\n<p>Ausruhen kann An der Rezeption auf Anfrage:<\/p>\n<ul>\n<li>Stets verf\u00fcgbare Hundekotbeutel f\u00fcr Ihre Spazierg\u00e4nge<\/li>\n<li>Informationen \u00fcber Parks und Bereiche, wo Ihr felliger Freund frei laufen und sich austoben kann<\/li>\n<li>Kontakt zum Tierarzt mit zugeh\u00f6riger Spezialklinik, der rund um die Uhr im Einsatz ist<\/li>\n<li>Hundew\u00e4sche-Service auf Anfrage<\/li>\n<li>K\u00f6stliche, stets verf\u00fcgbare Leckerbissen<\/li>\n<li>Hygiene-Feuchtt\u00fccher<\/li>\n<li>Duft<\/li>\n<\/ul>\n<p>[\/vc_column_text][\/vc_column_inner][\/vc_row_inner][\/vc_column][\/vc_row][vc_row][vc_column width=&#8220;1\/3&#8243;][vc_single_image image=&#8220;2285&#8243; img_size=&#8220;full&#8220;][\/vc_column][vc_column width=&#8220;1\/3&#8243;][vc_single_image image=&#8220;2276&#8243; img_size=&#8220;full&#8220;][\/vc_column][vc_column width=&#8220;1\/3&#8243;][vc_single_image image=&#8220;2280&#8243; img_size=&#8220;full&#8220;][\/vc_column][\/vc_row][vc_row][vc_column]<div style=\"background-color:;height: 25px\" class=\"nicdark_section  \"><\/div>[vc_column_text]<strong>Im Hotel f\u00fcr Hunde zug\u00e4ngliche Bereiche<\/strong>: Alle Gemeinschaftsbereiche in unserem Hotel sind f\u00fcr Ihre felligen Freunde zug\u00e4nglich. Mit R\u00fccksicht auf andere G\u00e4ste (Hundeliebhaber oder andere) finden wir geeignete L\u00f6sungen f\u00fcr das Fr\u00fchst\u00fcck.<\/p>\n<p><strong>Reinigung<\/strong>: Mit R\u00fccksicht auf all unsere vierbeinigen und zweibeinigen G\u00e4ste werden <strong>s\u00e4mtliche Zimmer am Ende des Aufenthalts<\/strong> mit speziellen und antiallergischen Reinigungsmitteln <strong>desinfiziert<\/strong>, damit all unsere Kunden in Sicherheit und zufrieden ihren Aufenthalt verbringen k\u00f6nnen. Aus diesem Grund wird ein Endreinigungszuschlag (Euro 20,00 pro Tier) verlangt, wo bereits die t\u00e4gliche Reinigung und die Endreinigung inbegriffen sind.[\/vc_column_text]<div style=\"background-color:;height: 50px\" class=\"nicdark_section  \"><\/div>[\/vc_column][\/vc_row][vc_row full_width=&#8220;stretch_row&#8220; css=&#8220;.vc_custom_1634140057801{padding-top: 50px !important;padding-bottom: 50px !important;background-color: #f2f2f2 !important;}&#8220; el_class=&#8220;.servizi-pet&#8220;][vc_column] <h2 style=\"color:;padding:px;text-align:;font-size:px;line-height:px;letter-spacing: px;font-weight:\" class=\"    \">Kann ich mein Haustier \u00fcberallhin mitnehmen?<\/h2> [vc_column_text]<\/p>\n<p>[\/vc_column_text][vc_row_inner gap=&#8220;15&#8243;][vc_column_inner el_class=&#8220;.col-pet&#8220; width=&#8220;1\/3&#8243; css=&#8220;.vc_custom_1633592371978{background-color: #ffffff !important;}&#8220;]\n\n    <div class=\"nd_options_section \">    \n        <h1 style=\"color:\" class=\"nd_options_font_size_40\"><strong><span style=\"color:\">.<\/span> Hotel<\/strong><\/h1>\n        <div class=\"nd_options_section nd_options_height_20\"><\/div>\n        <p style=\"color:\"><\/p>\n<ul>\n<li>Hunde jeder Gr\u00f6\u00dfe erlaubt Geregelter<\/li>\n<li>Zugang<\/li>\n<li>Wassersch\u00fcsseln<\/li>\n<li>Kotbeutel<\/li>\n<li>Willkommensgeschenk<\/li>\n<\/ul>\n<p><\/p>\n    <\/div>\n\n  [\/vc_column_inner][vc_column_inner el_class=&#8220;.col-pet&#8220; width=&#8220;1\/3&#8243; css=&#8220;.vc_custom_1633592382638{background-color: #ffffff !important;}&#8220;]\n\n    <div class=\"nd_options_section \">    \n        <h1 style=\"color:\" class=\"nd_options_font_size_40\"><strong><span style=\"color:\">.<\/span> Zimmer<\/strong><\/h1>\n        <div class=\"nd_options_section nd_options_height_20\"><\/div>\n        <p style=\"color:\"><\/p>\n<ul>\n<li>Hundeh\u00fctte oder Kissen<\/li>\n<li>Sch\u00fcsseln<\/li>\n<li>Balkon<\/li>\n<li>Desinfektion mit Ozonclean<\/li>\n<\/ul>\n<p><\/p>\n    <\/div>\n\n  [\/vc_column_inner][vc_column_inner el_class=&#8220;.col-pet&#8220; width=&#8220;1\/3&#8243; css=&#8220;.vc_custom_1633592400262{background-color: #ffffff !important;}&#8220;]\n\n    <div class=\"nd_options_section \">    \n        <h1 style=\"color:\" class=\"nd_options_font_size_40\"><strong><span style=\"color:\">.<\/span> Strand<\/strong><\/h1>\n        <div class=\"nd_options_section nd_options_height_20\"><\/div>\n        <p style=\"color:\"><\/p>\n<ul>\n<li>Geregelter Zugang<\/li>\n<li>Hunden vorbehaltene Duschen<\/li>\n<li>Wassersch\u00fcsseln<\/li>\n<li>Kotschaufeln<\/li>\n<li>Kotbeutel<\/li>\n<li>Zugang zum Meer f\u00fcr Hunde<\/li>\n<li>\u00d6ffentlicher Park mit Hundebereich<\/li>\n<\/ul>\n<p><\/p>\n    <\/div>\n\n  [\/vc_column_inner][\/vc_row_inner][\/vc_column][\/vc_row][vc_row][vc_column]<div style=\"background-color:;height: 25px\" class=\"nicdark_section  \"><\/div> <h3 style=\"color:#1c1c1c;padding:px;text-align:;font-size:25px;line-height:35px;letter-spacing: px;font-weight:\" class=\"    \">Im Mittelpunkt der Aufmerksamkeit im Hotel wie auch am Strand<\/h3> <div style=\"background-color:;height: 35px\" class=\"nicdark_section  \"><\/div>[vc_row_inner][vc_column_inner width=&#8220;1\/4&#8243;][vc_single_image image=&#8220;1568&#8243; img_size=&#8220;full&#8220;][\/vc_column_inner][vc_column_inner width=&#8220;3\/4&#8243;][vc_column_text]Unser Hotel nimmt am Projekt <strong>Bau Bau Beach<\/strong> teil, um einen kompletten Service f\u00fcr unsere felligen Freunde zu bieten! Einen Kilometer von unserer Anlage entfernt finden Sie den Strand, der ausschlie\u00dflich Hunden gewidmet ist. Bei Reservierung sind ein Sonnenschirm und zwei Liegen verf\u00fcgbar. Je nach Saison wird Ihnen mit unserem Sondertarif eine Erm\u00e4\u00dfigung zwischen 10 und 20 % gew\u00e4hrt.[\/vc_column_text][\/vc_column_inner][\/vc_row_inner]<div style=\"background-color:;height: 70px\" class=\"nicdark_section  \"><\/div>[\/vc_column][\/vc_row]<\/p>\n","protected":false},"excerpt":{"rendered":"<p>[vc_row css=&#8220;.vc_custom_1633956562957{margin-top: 80px !important;margin-bottom: 40px !important;}&#8220;][vc_column][vc_single_image image=&#8220;2253&#8243; img_size=&#8220;large&#8220;][vc_row_inner][vc_column_inner][vc_column_text]F\u00fcr uns geh\u00f6ren auch sie zur Familie &#8211; unsere vierbeinigen Freunde! Ein Hundekeks und eine Streicheleinheit bei der Ankunft sind das Geheimnis, damit sie sich wie Zuhause f\u00fchlen. Wir sorgen daf\u00fcr, dass sie stets den Komfort genie\u00dfen, den sie brauchen. Um die R\u00e4ume zu desinfizieren, verwenden wir die [&hellip;]<\/p>\n","protected":false},"author":2,"featured_media":0,"parent":0,"menu_order":0,"comment_status":"closed","ping_status":"closed","template":"","meta":{"footnotes":""},"class_list":["post-3457","page","type-page","status-publish","hentry"],"yoast_head":"<!-- This site is optimized with the Yoast SEO plugin v21.5 - https:\/\/yoast.com\/wordpress\/plugins\/seo\/ -->\n<title>Pet Hotel in Jesolo Lido - Hotel Marco Polo<\/title>\n<meta name=\"description\" content=\"Wir betrachten Hund und Katze als Familienmitglieder. Um Ihren Aufenthalt zu einer besonderen Erfahrung zu machen, haben wir an einfache aber n\u00fctzliche Serviceleistungen gedacht, die Sie f\u00fcr Ihren vierbeinigen Freund gut brauchen k\u00f6nnen. Bis Ende April kann man mit ihm auch am Strand spazieren gehen.\" \/>\n<meta name=\"robots\" content=\"index, follow, max-snippet:-1, max-image-preview:large, max-video-preview:-1\" \/>\n<link rel=\"canonical\" href=\"https:\/\/www.hotelmarcopolo.it\/de\/tierfreundliche-anlage\/\" \/>\n<meta property=\"og:locale\" content=\"de_DE\" \/>\n<meta property=\"og:type\" content=\"article\" \/>\n<meta property=\"og:title\" content=\"Pet Hotel in Jesolo Lido - Hotel Marco Polo\" \/>\n<meta property=\"og:description\" content=\"Wir betrachten Hund und Katze als Familienmitglieder. Um Ihren Aufenthalt zu einer besonderen Erfahrung zu machen, haben wir an einfache aber n\u00fctzliche Serviceleistungen gedacht, die Sie f\u00fcr Ihren vierbeinigen Freund gut brauchen k\u00f6nnen. Bis Ende April kann man mit ihm auch am Strand spazieren gehen.\" \/>\n<meta property=\"og:url\" content=\"https:\/\/www.hotelmarcopolo.it\/de\/tierfreundliche-anlage\/\" \/>\n<meta property=\"og:site_name\" content=\"Hotel Marco Polo\" \/>\n<meta property=\"article:modified_time\" content=\"2021-11-09T09:44:11+00:00\" \/>\n<meta name=\"twitter:card\" content=\"summary_large_image\" \/>\n<meta name=\"twitter:label1\" content=\"Gesch\u00e4tzte Lesezeit\" \/>\n\t<meta name=\"twitter:data1\" content=\"4\u00a0Minuten\" \/>\n<script type=\"application\/ld+json\" class=\"yoast-schema-graph\">{\"@context\":\"https:\/\/schema.org\",\"@graph\":[{\"@type\":\"WebPage\",\"@id\":\"https:\/\/www.hotelmarcopolo.it\/de\/tierfreundliche-anlage\/\",\"url\":\"https:\/\/www.hotelmarcopolo.it\/de\/tierfreundliche-anlage\/\",\"name\":\"Pet Hotel in Jesolo Lido - Hotel Marco Polo\",\"isPartOf\":{\"@id\":\"https:\/\/www.hotelmarcopolo.it\/de\/#website\"},\"datePublished\":\"2021-05-28T13:06:38+00:00\",\"dateModified\":\"2021-11-09T09:44:11+00:00\",\"description\":\"Wir betrachten Hund und Katze als Familienmitglieder. Um Ihren Aufenthalt zu einer besonderen Erfahrung zu machen, haben wir an einfache aber n\u00fctzliche Serviceleistungen gedacht, die Sie f\u00fcr Ihren vierbeinigen Freund gut brauchen k\u00f6nnen. Bis Ende April kann man mit ihm auch am Strand spazieren gehen.\",\"breadcrumb\":{\"@id\":\"https:\/\/www.hotelmarcopolo.it\/de\/tierfreundliche-anlage\/#breadcrumb\"},\"inLanguage\":\"de\",\"potentialAction\":[{\"@type\":\"ReadAction\",\"target\":[\"https:\/\/www.hotelmarcopolo.it\/de\/tierfreundliche-anlage\/\"]}]},{\"@type\":\"BreadcrumbList\",\"@id\":\"https:\/\/www.hotelmarcopolo.it\/de\/tierfreundliche-anlage\/#breadcrumb\",\"itemListElement\":[{\"@type\":\"ListItem\",\"position\":1,\"name\":\"Home\",\"item\":\"https:\/\/www.hotelmarcopolo.it\/de\/\"},{\"@type\":\"ListItem\",\"position\":2,\"name\":\"Tierfreundliche Anlage\"}]},{\"@type\":\"WebSite\",\"@id\":\"https:\/\/www.hotelmarcopolo.it\/de\/#website\",\"url\":\"https:\/\/www.hotelmarcopolo.it\/de\/\",\"name\":\"Hotel Marco Polo\",\"description\":\"Un nuovo sito targato WordPress\",\"potentialAction\":[{\"@type\":\"SearchAction\",\"target\":{\"@type\":\"EntryPoint\",\"urlTemplate\":\"https:\/\/www.hotelmarcopolo.it\/de\/?s={search_term_string}\"},\"query-input\":\"required name=search_term_string\"}],\"inLanguage\":\"de\"}]}<\/script>\n<!-- \/ Yoast SEO plugin. -->","yoast_head_json":{"title":"Pet Hotel in Jesolo Lido - Hotel Marco Polo","description":"Wir betrachten Hund und Katze als Familienmitglieder. Um Ihren Aufenthalt zu einer besonderen Erfahrung zu machen, haben wir an einfache aber n\u00fctzliche Serviceleistungen gedacht, die Sie f\u00fcr Ihren vierbeinigen Freund gut brauchen k\u00f6nnen. Bis Ende April kann man mit ihm auch am Strand spazieren gehen.","robots":{"index":"index","follow":"follow","max-snippet":"max-snippet:-1","max-image-preview":"max-image-preview:large","max-video-preview":"max-video-preview:-1"},"canonical":"https:\/\/www.hotelmarcopolo.it\/de\/tierfreundliche-anlage\/","og_locale":"de_DE","og_type":"article","og_title":"Pet Hotel in Jesolo Lido - Hotel Marco Polo","og_description":"Wir betrachten Hund und Katze als Familienmitglieder. Um Ihren Aufenthalt zu einer besonderen Erfahrung zu machen, haben wir an einfache aber n\u00fctzliche Serviceleistungen gedacht, die Sie f\u00fcr Ihren vierbeinigen Freund gut brauchen k\u00f6nnen. Bis Ende April kann man mit ihm auch am Strand spazieren gehen.","og_url":"https:\/\/www.hotelmarcopolo.it\/de\/tierfreundliche-anlage\/","og_site_name":"Hotel Marco Polo","article_modified_time":"2021-11-09T09:44:11+00:00","twitter_card":"summary_large_image","twitter_misc":{"Gesch\u00e4tzte Lesezeit":"4\u00a0Minuten"},"schema":{"@context":"https:\/\/schema.org","@graph":[{"@type":"WebPage","@id":"https:\/\/www.hotelmarcopolo.it\/de\/tierfreundliche-anlage\/","url":"https:\/\/www.hotelmarcopolo.it\/de\/tierfreundliche-anlage\/","name":"Pet Hotel in Jesolo Lido - Hotel Marco Polo","isPartOf":{"@id":"https:\/\/www.hotelmarcopolo.it\/de\/#website"},"datePublished":"2021-05-28T13:06:38+00:00","dateModified":"2021-11-09T09:44:11+00:00","description":"Wir betrachten Hund und Katze als Familienmitglieder. Um Ihren Aufenthalt zu einer besonderen Erfahrung zu machen, haben wir an einfache aber n\u00fctzliche Serviceleistungen gedacht, die Sie f\u00fcr Ihren vierbeinigen Freund gut brauchen k\u00f6nnen. Bis Ende April kann man mit ihm auch am Strand spazieren gehen.","breadcrumb":{"@id":"https:\/\/www.hotelmarcopolo.it\/de\/tierfreundliche-anlage\/#breadcrumb"},"inLanguage":"de","potentialAction":[{"@type":"ReadAction","target":["https:\/\/www.hotelmarcopolo.it\/de\/tierfreundliche-anlage\/"]}]},{"@type":"BreadcrumbList","@id":"https:\/\/www.hotelmarcopolo.it\/de\/tierfreundliche-anlage\/#breadcrumb","itemListElement":[{"@type":"ListItem","position":1,"name":"Home","item":"https:\/\/www.hotelmarcopolo.it\/de\/"},{"@type":"ListItem","position":2,"name":"Tierfreundliche Anlage"}]},{"@type":"WebSite","@id":"https:\/\/www.hotelmarcopolo.it\/de\/#website","url":"https:\/\/www.hotelmarcopolo.it\/de\/","name":"Hotel Marco Polo","description":"Un nuovo sito targato WordPress","potentialAction":[{"@type":"SearchAction","target":{"@type":"EntryPoint","urlTemplate":"https:\/\/www.hotelmarcopolo.it\/de\/?s={search_term_string}"},"query-input":"required name=search_term_string"}],"inLanguage":"de"}]}},"_links":{"self":[{"href":"https:\/\/www.hotelmarcopolo.it\/de\/wp-json\/wp\/v2\/pages\/3457","targetHints":{"allow":["GET"]}}],"collection":[{"href":"https:\/\/www.hotelmarcopolo.it\/de\/wp-json\/wp\/v2\/pages"}],"about":[{"href":"https:\/\/www.hotelmarcopolo.it\/de\/wp-json\/wp\/v2\/types\/page"}],"author":[{"embeddable":true,"href":"https:\/\/www.hotelmarcopolo.it\/de\/wp-json\/wp\/v2\/users\/2"}],"replies":[{"embeddable":true,"href":"https:\/\/www.hotelmarcopolo.it\/de\/wp-json\/wp\/v2\/comments?post=3457"}],"version-history":[{"count":0,"href":"https:\/\/www.hotelmarcopolo.it\/de\/wp-json\/wp\/v2\/pages\/3457\/revisions"}],"wp:attachment":[{"href":"https:\/\/www.hotelmarcopolo.it\/de\/wp-json\/wp\/v2\/media?parent=3457"}],"curies":[{"name":"wp","href":"https:\/\/api.w.org\/{rel}","templated":true}]}}