{"id":3462,"date":"2021-05-26T18:11:58","date_gmt":"2021-05-26T16:11:58","guid":{"rendered":"https:\/\/www.hotelmarcopolo.it\/servizi\/"},"modified":"2024-04-22T09:47:56","modified_gmt":"2024-04-22T07:47:56","slug":"serviceleistungen","status":"publish","type":"page","link":"https:\/\/www.hotelmarcopolo.it\/de\/serviceleistungen\/","title":{"rendered":"Serviceleistungen"},"content":{"rendered":"<p>[vc_row css=&#8220;.vc_custom_1633945662910{margin-top: 80px !important;}&#8220;][vc_column][vc_column_text]<\/p>\n<p style=\"text-align: center;\">Unsere Anlage bietet Ihnen stets im Preis inbegriffene Serviceleistungen, ein kontinentales Fr\u00fchst\u00fcckbuffet mit Bedienung, einen Strandplatz mit zwei Liegen und einem Sonnenschirm pro Zimmer, der den Hotelg\u00e4sten vorbehalten ist, auf Anfrage zum Verleih stehende Fahrr\u00e4der, Parkplatz f\u00fcr Auto und Motorrad vor Ort, einen Sondertarif mit 10-%-iger Erm\u00e4\u00dfigung in den Restaurants der Via Bafile und ein kleines Willkommensgeschenk f\u00fcr unsere vierbeinigen Freunde.<\/p>\n<p>[\/vc_column_text][\/vc_column][\/vc_row][vc_row css=&#8220;.vc_custom_1633941050351{margin-top: 30px !important;}&#8220; el_class=&#8220;cont-servizi&#8220;][vc_column] <h2 style=\"color:;padding:px;text-align:;font-size:35px;line-height:40px;letter-spacing: px;font-weight:\" class=\"    \">Fr\u00fchst\u00fcck<\/h2> <div style=\"background-color:;height: 40px\" class=\"nicdark_section  \"><\/div>[vc_row_inner][vc_column_inner width=&#8220;1\/4&#8243;][vc_single_image image=&#8220;11060&#8243; img_size=&#8220;full&#8220;][\/vc_column_inner][vc_column_inner width=&#8220;1\/4&#8243;][vc_single_image image=&#8220;11090&#8243; img_size=&#8220;full&#8220;][\/vc_column_inner][vc_column_inner width=&#8220;1\/4&#8243;][vc_single_image image=&#8220;11068&#8243; img_size=&#8220;full&#8220;][\/vc_column_inner][vc_column_inner width=&#8220;1\/4&#8243;][vc_single_image image=&#8220;11097&#8243; img_size=&#8220;full&#8220;][\/vc_column_inner][\/vc_row_inner]<div style=\"background-color:;height: 0px\" class=\"nicdark_section  \"><\/div>[vc_column_text]Das Fr\u00fchst\u00fcck wird zwischen 7.30 und 10.00 Uhr auf der <strong>Innenterrasse serviert<\/strong>, die auf die Hauptstra\u00dfe von Jesolo, die Via Bafile, geht. Es besteht aus einem <strong>reichhaltigen kontinentalen Buffet<\/strong> mit Bedienung, das auch G\u00e4ste mit besonderen Ern\u00e4hrungsbed\u00fcrfnissen zufriedenstellt. Wir bieten eine Auswahl f\u00fcr <strong>Glutenunvertr\u00e4glichkeit, Lebensmittelintoleranzen und vegane Kost<\/strong>.<\/p>\n<p>Das Fr\u00fchst\u00fcck ist <strong>der erste Verw\u00f6hnmoment des Tages<\/strong>: Kaffee, Marmelade, hausgemachte Kuchen, Brot, Fruchts\u00e4fte, Joghurt, Muffins, Croissants und frisches Obst der Saison.<\/p>\n<p>Wenn ein langer Tag bevorsteht, kann man zum servierten Fr\u00fchst\u00fcck <strong>Bestellungen \u00e0 la Carte<\/strong> hinzuf\u00fcgen: vom Spiegelei, R\u00fchrei und knusprigen Speck bis hin zur K\u00e4se- und Wurstvariation.[\/vc_column_text][\/vc_column][\/vc_row][vc_row css=&#8220;.vc_custom_1633941032083{margin-top: 50px !important;}&#8220; el_class=&#8220;.cont-servizi&#8220;][vc_column width=&#8220;1\/3&#8243;]<div style=\"background-color:;height: 10px\" class=\"nicdark_section  \"><\/div>\n\n  <!--START team-->\n  <div class=\" nd_options_team_component_l5 nd_options_section nd_options_box_sizing_border_box  \">    \n    <div class=\"nd_options_section nd_options_position_relative\">\n\n      <img decoding=\"async\" alt=\"\" class=\"nd_options_section\" src=\"https:\/\/www.hotelmarcopolo.it\/wp-content\/uploads\/hotel-marco-polo-spiaggia.jpg\">\n\n      <div class=\"nd_options_bg_greydark_alpha_gradient_3 nd_options_position_absolute nd_options_left_0 nd_options_height_100_percentage nd_options_width_100_percentage nd_options_box_sizing_border_box\">\n        <div class=\"nd_options_position_absolute nd_options_bottom_30 nd_options_width_100_percentage nd_options_padding_botttom_0 nd_options_padding_50 nd_options_box_sizing_border_box nd_options_text_align_center\">\n          <h3 class=\"nd_options_color_white\">PRIVATSTRAND<\/h3>\n          <div class=\"nd_options_section nd_options_height_10\"><\/div>\n          <h6 class=\"nd_options_color_white\"><strong><\/strong><\/h6>\n        <\/div>\n      <\/div>\n\n    <\/div>\n  <\/div>\n  <!--END team-->\n<div style=\"background-color:;height: 20px\" class=\"nicdark_section  \"><\/div>[vc_column_text]Unser Strand ist ausschlie\u00dflich den G\u00e4sten des Hotels und der Lofts vorbehalten und kann bequem \u00fcber einen privaten Zugang erreicht werden. Wir stellen Ihnen <strong>1 Sonnenschirm und 2 Liegen pro Zimmer<\/strong> zur Verf\u00fcgung, sowie eine Umkleidekabine und den Rettungsdienst mit Bademeister. Bei Bedarf k\u00f6nnen Sie sich an den Bademeister direkt am Strand wenden.[\/vc_column_text]<div style=\"background-color:;height: 35px\" class=\"nicdark_section  \"><\/div>[\/vc_column][vc_column width=&#8220;1\/3&#8243;]<div style=\"background-color:;height: 10px\" class=\"nicdark_section  \"><\/div>\n\n  <!--START team-->\n  <div class=\" nd_options_team_component_l5 nd_options_section nd_options_box_sizing_border_box  \">    \n    <div class=\"nd_options_section nd_options_position_relative\">\n\n      <img decoding=\"async\" alt=\"\" class=\"nd_options_section\" src=\"https:\/\/www.hotelmarcopolo.it\/wp-content\/uploads\/hotel-marco-polo-parcheggio.jpg\">\n\n      <div class=\"nd_options_bg_greydark_alpha_gradient_3 nd_options_position_absolute nd_options_left_0 nd_options_height_100_percentage nd_options_width_100_percentage nd_options_box_sizing_border_box\">\n        <div class=\"nd_options_position_absolute nd_options_bottom_30 nd_options_width_100_percentage nd_options_padding_botttom_0 nd_options_padding_50 nd_options_box_sizing_border_box nd_options_text_align_center\">\n          <h3 class=\"nd_options_color_white\">PARKPLATZ<\/h3>\n          <div class=\"nd_options_section nd_options_height_10\"><\/div>\n          <h6 class=\"nd_options_color_white\"><strong><\/strong><\/h6>\n        <\/div>\n      <\/div>\n\n    <\/div>\n  <\/div>\n  <!--END team-->\n<div style=\"background-color:;height: 20px\" class=\"nicdark_section  \"><\/div>[vc_column_text]Vergessen Sie den Parkstress! Bei uns finden Sie vollkommen <strong>kostenlose<\/strong> Parkpl\u00e4tze vor Ort.[\/vc_column_text]<div style=\"background-color:;height: 35px\" class=\"nicdark_section  \"><\/div>[\/vc_column][vc_column width=&#8220;1\/3&#8243;]<div style=\"background-color:;height: 10px\" class=\"nicdark_section  \"><\/div>\n\n  <!--START team-->\n  <div class=\" nd_options_team_component_l5 nd_options_section nd_options_box_sizing_border_box  \">    \n    <div class=\"nd_options_section nd_options_position_relative\">\n\n      <img decoding=\"async\" alt=\"\" class=\"nd_options_section\" src=\"https:\/\/www.hotelmarcopolo.it\/wp-content\/uploads\/hotel-marco-polo-biciclette.jpg\">\n\n      <div class=\"nd_options_bg_greydark_alpha_gradient_3 nd_options_position_absolute nd_options_left_0 nd_options_height_100_percentage nd_options_width_100_percentage nd_options_box_sizing_border_box\">\n        <div class=\"nd_options_position_absolute nd_options_bottom_30 nd_options_width_100_percentage nd_options_padding_botttom_0 nd_options_padding_50 nd_options_box_sizing_border_box nd_options_text_align_center\">\n          <h3 class=\"nd_options_color_white\">FAHRRADVERLEIH<\/h3>\n          <div class=\"nd_options_section nd_options_height_10\"><\/div>\n          <h6 class=\"nd_options_color_white\"><strong><\/strong><\/h6>\n        <\/div>\n      <\/div>\n\n    <\/div>\n  <\/div>\n  <!--END team-->\n<div style=\"background-color:;height: 20px\" class=\"nicdark_section  \"><\/div>[vc_column_text]Wenn Sie m\u00f6chten, k\u00f6nnen Sie unsere Fahrr\u00e4der <strong>kostenlos<\/strong> benutzen. Um diesen Service in Anspruch zu nehmen, brauchen Sie nur an der Rezeption um die Schl\u00fcssel zu fragen und k\u00f6nnen sich dann auf eine Entdeckungstour durch <strong>Jesolo<\/strong>, <strong>Cavallino<\/strong> und die unber\u00fchrte Umgebung begeben.[\/vc_column_text]<div style=\"background-color:;height: 35px\" class=\"nicdark_section  \"><\/div>[\/vc_column][\/vc_row][vc_row el_class=&#8220;cont-servizi&#8220;][vc_column width=&#8220;1\/3&#8243;]<div style=\"background-color:;height: 10px\" class=\"nicdark_section  \"><\/div>\n\n  <!--START team-->\n  <div class=\" nd_options_team_component_l5 nd_options_section nd_options_box_sizing_border_box  \">    \n    <div class=\"nd_options_section nd_options_position_relative\">\n\n      <img decoding=\"async\" alt=\"\" class=\"nd_options_section\" src=\"https:\/\/www.hotelmarcopolo.it\/wp-content\/uploads\/hotel-marco-polo-faccia.jpg\">\n\n      <div class=\"nd_options_bg_greydark_alpha_gradient_3 nd_options_position_absolute nd_options_left_0 nd_options_height_100_percentage nd_options_width_100_percentage nd_options_box_sizing_border_box\">\n        <div class=\"nd_options_position_absolute nd_options_bottom_30 nd_options_width_100_percentage nd_options_padding_botttom_0 nd_options_padding_50 nd_options_box_sizing_border_box nd_options_text_align_center\">\n          <h3 class=\"nd_options_color_white\">PARTNER-RESTAURANTS<\/h3>\n          <div class=\"nd_options_section nd_options_height_10\"><\/div>\n          <h6 class=\"nd_options_color_white\"><strong><\/strong><\/h6>\n        <\/div>\n      <\/div>\n\n    <\/div>\n  <\/div>\n  <!--END team-->\n<div style=\"background-color:;height: 20px\" class=\"nicdark_section  \"><\/div>[vc_column_text]Mit den Restaurants in Jesolo haben wir Sondervereinbarungen. Bei Ihrer Ankunft erhalten Sie einen Gutschein, den Sie im entsprechenden Restaurant verwenden k\u00f6nnen, um eine Erm\u00e4\u00dfigung von<strong> 10 % auf die gesamte Speisekarte <\/strong>zu erhalten.[\/vc_column_text]<div style=\"background-color:;height: 35px\" class=\"nicdark_section  \"><\/div>[\/vc_column][vc_column width=&#8220;1\/3&#8243;]<div style=\"background-color:;height: 10px\" class=\"nicdark_section  \"><\/div>\n\n  <!--START team-->\n  <div class=\" nd_options_team_component_l5 nd_options_section nd_options_box_sizing_border_box  \">    \n    <div class=\"nd_options_section nd_options_position_relative\">\n\n      <img decoding=\"async\" alt=\"\" class=\"nd_options_section\" src=\"https:\/\/www.hotelmarcopolo.it\/wp-content\/uploads\/Progetto-senza-titolo-1.jpg\">\n\n      <div class=\"nd_options_bg_greydark_alpha_gradient_3 nd_options_position_absolute nd_options_left_0 nd_options_height_100_percentage nd_options_width_100_percentage nd_options_box_sizing_border_box\">\n        <div class=\"nd_options_position_absolute nd_options_bottom_30 nd_options_width_100_percentage nd_options_padding_botttom_0 nd_options_padding_50 nd_options_box_sizing_border_box nd_options_text_align_center\">\n          <h3 class=\"nd_options_color_white\">TIERFREUNDLICHE ANLAGE<\/h3>\n          <div class=\"nd_options_section nd_options_height_10\"><\/div>\n          <h6 class=\"nd_options_color_white\"><strong><\/strong><\/h6>\n        <\/div>\n      <\/div>\n\n    <\/div>\n  <\/div>\n  <!--END team-->\n<div style=\"background-color:;height: 20px\" class=\"nicdark_section  \"><\/div>[vc_column_text]Reisen Sie mit Ihrem Haustier? Das Marco Polo Hotel ist eine haustierfreundliche Struktur. Bei Ihrer Ankunft finden Sie alles, was Sie brauchen: <strong>Zwinger<\/strong> oder <strong>Matte, damit sich Ihr Welpe ausruhen kann<\/strong>, N\u00e4pfe f\u00fcr Wasser und Futter und einen Keks.<br \/>\nIhr <a href=\"https:\/\/www.hotelmarcopolo.it\/de\/tierfreundliche-anlage\/\">Haustierfreund<\/a> ist immer willkommen![\/vc_column_text]<div style=\"background-color:;height: 35px\" class=\"nicdark_section  \"><\/div>[\/vc_column][vc_column width=&#8220;1\/3&#8243;]<div style=\"background-color:;height: 10px\" class=\"nicdark_section  \"><\/div>\n\n  <!--START team-->\n  <div class=\" nd_options_team_component_l5 nd_options_section nd_options_box_sizing_border_box  \">    \n    <div class=\"nd_options_section nd_options_position_relative\">\n\n      <img decoding=\"async\" alt=\"\" class=\"nd_options_section\" src=\"https:\/\/www.hotelmarcopolo.it\/wp-content\/uploads\/hotel-marco-polo-biglietteria.jpg\">\n\n      <div class=\"nd_options_bg_greydark_alpha_gradient_3 nd_options_position_absolute nd_options_left_0 nd_options_height_100_percentage nd_options_width_100_percentage nd_options_box_sizing_border_box\">\n        <div class=\"nd_options_position_absolute nd_options_bottom_30 nd_options_width_100_percentage nd_options_padding_botttom_0 nd_options_padding_50 nd_options_box_sizing_border_box nd_options_text_align_center\">\n          <h3 class=\"nd_options_color_white\">\u00d6RTLICHER TICKETVERKAUF<\/h3>\n          <div class=\"nd_options_section nd_options_height_10\"><\/div>\n          <h6 class=\"nd_options_color_white\"><strong><\/strong><\/h6>\n        <\/div>\n      <\/div>\n\n    <\/div>\n  <\/div>\n  <!--END team-->\n<div style=\"background-color:;height: 20px\" class=\"nicdark_section  \"><\/div>[vc_column_text]Unsere Stadt bietet <strong>unz\u00e4hlige Attraktionen<\/strong>. Theaterveranstaltungen, Konzerte, gef\u00fchrte Besichtigungen. Wir bieten Ihnen einen <strong>Ticketservice f\u00fcr die wichtigsten Veranstaltungen<\/strong>, die in unserer Stadt stattfinden, sowie f\u00fcr den Zutritt zu Wasser- und Vergn\u00fcgungsparks.[\/vc_column_text]<div style=\"background-color:;height: 35px\" class=\"nicdark_section  \"><\/div>[\/vc_column][\/vc_row][vc_row el_class=&#8220;cont-servizi&#8220;][vc_column width=&#8220;1\/3&#8243;]<div style=\"background-color:;height: 10px\" class=\"nicdark_section  \"><\/div>\n\n  <!--START team-->\n  <div class=\" nd_options_team_component_l5 nd_options_section nd_options_box_sizing_border_box  \">    \n    <div class=\"nd_options_section nd_options_position_relative\">\n\n      <img decoding=\"async\" alt=\"\" class=\"nd_options_section\" src=\"https:\/\/www.hotelmarcopolo.it\/wp-content\/uploads\/hotel-marco-polo-colonnina-ricarica-auto-elettriche.jpg\">\n\n      <div class=\"nd_options_bg_greydark_alpha_gradient_3 nd_options_position_absolute nd_options_left_0 nd_options_height_100_percentage nd_options_width_100_percentage nd_options_box_sizing_border_box\">\n        <div class=\"nd_options_position_absolute nd_options_bottom_30 nd_options_width_100_percentage nd_options_padding_botttom_0 nd_options_padding_50 nd_options_box_sizing_border_box nd_options_text_align_center\">\n          <h3 class=\"nd_options_color_white\">AUFLADEN VON ELEKTROAUTOS<\/h3>\n          <div class=\"nd_options_section nd_options_height_10\"><\/div>\n          <h6 class=\"nd_options_color_white\"><strong><\/strong><\/h6>\n        <\/div>\n      <\/div>\n\n    <\/div>\n  <\/div>\n  <!--END team-->\n<div style=\"background-color:;height: 20px\" class=\"nicdark_section  \"><\/div>[vc_column_text]Im Hotel Marco Polo k\u00fcmmern wir uns um alle Bed\u00fcrfnisse unserer G\u00e4ste und respektieren die Umwelt. Wenn Sie ein <strong>Elektrofahrzeug<\/strong> haben, bieten wir Ihnen die M\u00f6glichkeit, es dank unserer brandneuen <strong>Ladestation aufzuladen<\/strong>. Fragen Sie nach allen Details an der Rezeption.[\/vc_column_text]<div style=\"background-color:;height: 35px\" class=\"nicdark_section  \"><\/div>[\/vc_column][vc_column width=&#8220;1\/3&#8243;]<div style=\"background-color:;height: 10px\" class=\"nicdark_section  \"><\/div>\n\n  <!--START team-->\n  <div class=\" nd_options_team_component_l5 nd_options_section nd_options_box_sizing_border_box  \">    \n    <div class=\"nd_options_section nd_options_position_relative\">\n\n      <img decoding=\"async\" alt=\"\" class=\"nd_options_section\" src=\"https:\/\/www.hotelmarcopolo.it\/wp-content\/uploads\/hotel-marco-polo-taxi.png\">\n\n      <div class=\"nd_options_bg_greydark_alpha_gradient_3 nd_options_position_absolute nd_options_left_0 nd_options_height_100_percentage nd_options_width_100_percentage nd_options_box_sizing_border_box\">\n        <div class=\"nd_options_position_absolute nd_options_bottom_30 nd_options_width_100_percentage nd_options_padding_botttom_0 nd_options_padding_50 nd_options_box_sizing_border_box nd_options_text_align_center\">\n          <h3 class=\"nd_options_color_white\">BUCHBARES TAXI-SERVICE<\/h3>\n          <div class=\"nd_options_section nd_options_height_10\"><\/div>\n          <h6 class=\"nd_options_color_white\"><strong><\/strong><\/h6>\n        <\/div>\n      <\/div>\n\n    <\/div>\n  <\/div>\n  <!--END team-->\n<div style=\"background-color:;height: 20px\" class=\"nicdark_section  \"><\/div>[vc_column_text]Wir k\u00f6nnen auf Anfrage und bei Reservierung ein <strong>Taxi-Service<\/strong> f\u00fcr den Transfer von und zu den Flugh\u00e4fen und gr\u00f6\u00dften Bahnh\u00f6fen in der N\u00e4he von Jesolo organisieren.[\/vc_column_text]<div style=\"background-color:;height: 35px\" class=\"nicdark_section  \"><\/div>[\/vc_column][vc_column width=&#8220;1\/3&#8243;]<div style=\"background-color:;height: 10px\" class=\"nicdark_section  \"><\/div>\n\n  <!--START team-->\n  <div class=\" nd_options_team_component_l5 nd_options_section nd_options_box_sizing_border_box  \">    \n    <div class=\"nd_options_section nd_options_position_relative\">\n\n      <img decoding=\"async\" alt=\"\" class=\"nd_options_section\" src=\"https:\/\/www.hotelmarcopolo.it\/wp-content\/uploads\/hotel-marco-polo-escursioni.png\">\n\n      <div class=\"nd_options_bg_greydark_alpha_gradient_3 nd_options_position_absolute nd_options_left_0 nd_options_height_100_percentage nd_options_width_100_percentage nd_options_box_sizing_border_box\">\n        <div class=\"nd_options_position_absolute nd_options_bottom_30 nd_options_width_100_percentage nd_options_padding_botttom_0 nd_options_padding_50 nd_options_box_sizing_border_box nd_options_text_align_center\">\n          <h3 class=\"nd_options_color_white\">AUSFL\u00dcGE UND TOUREN<\/h3>\n          <div class=\"nd_options_section nd_options_height_10\"><\/div>\n          <h6 class=\"nd_options_color_white\"><strong><\/strong><\/h6>\n        <\/div>\n      <\/div>\n\n    <\/div>\n  <\/div>\n  <!--END team-->\n<div style=\"background-color:;height: 20px\" class=\"nicdark_section  \"><\/div>[vc_column_text]Wenn Sie Ihren Aufenthalt in Jesolo nutzen m\u00f6chten, um vollends s\u00e4mtliche <strong>Kunst- und Natursch\u00f6nheiten <\/strong>zu genie\u00dfen, die unsere Region zu bieten hat, z\u00f6gern Sie nicht, unsere Mitarbeiter um Informationen und Tipps zu fragen. Wir helfen Ihnen gerne <strong>Ausfl\u00fcge<\/strong> nach Venedig, Verona, Treviso, Padua, Caorle und zu anderen Orten der Umgebung zu organisieren.[\/vc_column_text]<div style=\"background-color:;height: 35px\" class=\"nicdark_section  \"><\/div>[\/vc_column][\/vc_row][vc_row][vc_column]<div style=\"background-color:;height: 50px\" class=\"nicdark_section  \"><\/div>[\/vc_column][\/vc_row]<\/p>\n","protected":false},"excerpt":{"rendered":"<p>[vc_row css=&#8220;.vc_custom_1633945662910{margin-top: 80px !important;}&#8220;][vc_column][vc_column_text] Unsere Anlage bietet Ihnen stets im Preis inbegriffene Serviceleistungen, ein kontinentales Fr\u00fchst\u00fcckbuffet mit Bedienung, einen Strandplatz mit zwei Liegen und einem Sonnenschirm pro Zimmer, der den Hotelg\u00e4sten vorbehalten ist, auf Anfrage zum Verleih stehende Fahrr\u00e4der, Parkplatz f\u00fcr Auto und Motorrad vor Ort, einen Sondertarif mit 10-%-iger Erm\u00e4\u00dfigung in den Restaurants der [&hellip;]<\/p>\n","protected":false},"author":2,"featured_media":0,"parent":0,"menu_order":0,"comment_status":"closed","ping_status":"closed","template":"","meta":{"footnotes":""},"class_list":["post-3462","page","type-page","status-publish","hentry"],"yoast_head":"<!-- This site is optimized with the Yoast SEO plugin v21.5 - https:\/\/yoast.com\/wordpress\/plugins\/seo\/ -->\n<title>Die Serviceleistungen des Hotels Marco Polo<\/title>\n<meta name=\"description\" content=\"Tolles 3-Sterne-Hotel in der bekannten Via Bafile in Jesolo. Ausgestattet mit Parkplatz sowie Klimaanlage, fahrrad- und tierfreundliche Anlage.\" \/>\n<meta name=\"robots\" content=\"index, follow, max-snippet:-1, max-image-preview:large, max-video-preview:-1\" \/>\n<link rel=\"canonical\" href=\"https:\/\/www.hotelmarcopolo.it\/de\/serviceleistungen\/\" \/>\n<meta property=\"og:locale\" content=\"de_DE\" \/>\n<meta property=\"og:type\" content=\"article\" \/>\n<meta property=\"og:title\" content=\"Die Serviceleistungen des Hotels Marco Polo\" \/>\n<meta property=\"og:description\" content=\"Tolles 3-Sterne-Hotel in der bekannten Via Bafile in Jesolo. Ausgestattet mit Parkplatz sowie Klimaanlage, fahrrad- und tierfreundliche Anlage.\" \/>\n<meta property=\"og:url\" content=\"https:\/\/www.hotelmarcopolo.it\/de\/serviceleistungen\/\" \/>\n<meta property=\"og:site_name\" content=\"Hotel Marco Polo\" \/>\n<meta property=\"article:modified_time\" content=\"2024-04-22T07:47:56+00:00\" \/>\n<meta name=\"twitter:card\" content=\"summary_large_image\" \/>\n<meta name=\"twitter:label1\" content=\"Gesch\u00e4tzte Lesezeit\" \/>\n\t<meta name=\"twitter:data1\" content=\"4\u00a0Minuten\" \/>\n<script type=\"application\/ld+json\" class=\"yoast-schema-graph\">{\"@context\":\"https:\/\/schema.org\",\"@graph\":[{\"@type\":\"WebPage\",\"@id\":\"https:\/\/www.hotelmarcopolo.it\/de\/serviceleistungen\/\",\"url\":\"https:\/\/www.hotelmarcopolo.it\/de\/serviceleistungen\/\",\"name\":\"Die Serviceleistungen des Hotels Marco Polo\",\"isPartOf\":{\"@id\":\"https:\/\/www.hotelmarcopolo.it\/de\/#website\"},\"datePublished\":\"2021-05-26T16:11:58+00:00\",\"dateModified\":\"2024-04-22T07:47:56+00:00\",\"description\":\"Tolles 3-Sterne-Hotel in der bekannten Via Bafile in Jesolo. Ausgestattet mit Parkplatz sowie Klimaanlage, fahrrad- und tierfreundliche Anlage.\",\"breadcrumb\":{\"@id\":\"https:\/\/www.hotelmarcopolo.it\/de\/serviceleistungen\/#breadcrumb\"},\"inLanguage\":\"de\",\"potentialAction\":[{\"@type\":\"ReadAction\",\"target\":[\"https:\/\/www.hotelmarcopolo.it\/de\/serviceleistungen\/\"]}]},{\"@type\":\"BreadcrumbList\",\"@id\":\"https:\/\/www.hotelmarcopolo.it\/de\/serviceleistungen\/#breadcrumb\",\"itemListElement\":[{\"@type\":\"ListItem\",\"position\":1,\"name\":\"Home\",\"item\":\"https:\/\/www.hotelmarcopolo.it\/de\/\"},{\"@type\":\"ListItem\",\"position\":2,\"name\":\"Serviceleistungen\"}]},{\"@type\":\"WebSite\",\"@id\":\"https:\/\/www.hotelmarcopolo.it\/de\/#website\",\"url\":\"https:\/\/www.hotelmarcopolo.it\/de\/\",\"name\":\"Hotel Marco Polo\",\"description\":\"Un nuovo sito targato WordPress\",\"potentialAction\":[{\"@type\":\"SearchAction\",\"target\":{\"@type\":\"EntryPoint\",\"urlTemplate\":\"https:\/\/www.hotelmarcopolo.it\/de\/?s={search_term_string}\"},\"query-input\":\"required name=search_term_string\"}],\"inLanguage\":\"de\"}]}<\/script>\n<!-- \/ Yoast SEO plugin. -->","yoast_head_json":{"title":"Die Serviceleistungen des Hotels Marco Polo","description":"Tolles 3-Sterne-Hotel in der bekannten Via Bafile in Jesolo. Ausgestattet mit Parkplatz sowie Klimaanlage, fahrrad- und tierfreundliche Anlage.","robots":{"index":"index","follow":"follow","max-snippet":"max-snippet:-1","max-image-preview":"max-image-preview:large","max-video-preview":"max-video-preview:-1"},"canonical":"https:\/\/www.hotelmarcopolo.it\/de\/serviceleistungen\/","og_locale":"de_DE","og_type":"article","og_title":"Die Serviceleistungen des Hotels Marco Polo","og_description":"Tolles 3-Sterne-Hotel in der bekannten Via Bafile in Jesolo. Ausgestattet mit Parkplatz sowie Klimaanlage, fahrrad- und tierfreundliche Anlage.","og_url":"https:\/\/www.hotelmarcopolo.it\/de\/serviceleistungen\/","og_site_name":"Hotel Marco Polo","article_modified_time":"2024-04-22T07:47:56+00:00","twitter_card":"summary_large_image","twitter_misc":{"Gesch\u00e4tzte Lesezeit":"4\u00a0Minuten"},"schema":{"@context":"https:\/\/schema.org","@graph":[{"@type":"WebPage","@id":"https:\/\/www.hotelmarcopolo.it\/de\/serviceleistungen\/","url":"https:\/\/www.hotelmarcopolo.it\/de\/serviceleistungen\/","name":"Die Serviceleistungen des Hotels Marco Polo","isPartOf":{"@id":"https:\/\/www.hotelmarcopolo.it\/de\/#website"},"datePublished":"2021-05-26T16:11:58+00:00","dateModified":"2024-04-22T07:47:56+00:00","description":"Tolles 3-Sterne-Hotel in der bekannten Via Bafile in Jesolo. Ausgestattet mit Parkplatz sowie Klimaanlage, fahrrad- und tierfreundliche Anlage.","breadcrumb":{"@id":"https:\/\/www.hotelmarcopolo.it\/de\/serviceleistungen\/#breadcrumb"},"inLanguage":"de","potentialAction":[{"@type":"ReadAction","target":["https:\/\/www.hotelmarcopolo.it\/de\/serviceleistungen\/"]}]},{"@type":"BreadcrumbList","@id":"https:\/\/www.hotelmarcopolo.it\/de\/serviceleistungen\/#breadcrumb","itemListElement":[{"@type":"ListItem","position":1,"name":"Home","item":"https:\/\/www.hotelmarcopolo.it\/de\/"},{"@type":"ListItem","position":2,"name":"Serviceleistungen"}]},{"@type":"WebSite","@id":"https:\/\/www.hotelmarcopolo.it\/de\/#website","url":"https:\/\/www.hotelmarcopolo.it\/de\/","name":"Hotel Marco Polo","description":"Un nuovo sito targato WordPress","potentialAction":[{"@type":"SearchAction","target":{"@type":"EntryPoint","urlTemplate":"https:\/\/www.hotelmarcopolo.it\/de\/?s={search_term_string}"},"query-input":"required name=search_term_string"}],"inLanguage":"de"}]}},"_links":{"self":[{"href":"https:\/\/www.hotelmarcopolo.it\/de\/wp-json\/wp\/v2\/pages\/3462","targetHints":{"allow":["GET"]}}],"collection":[{"href":"https:\/\/www.hotelmarcopolo.it\/de\/wp-json\/wp\/v2\/pages"}],"about":[{"href":"https:\/\/www.hotelmarcopolo.it\/de\/wp-json\/wp\/v2\/types\/page"}],"author":[{"embeddable":true,"href":"https:\/\/www.hotelmarcopolo.it\/de\/wp-json\/wp\/v2\/users\/2"}],"replies":[{"embeddable":true,"href":"https:\/\/www.hotelmarcopolo.it\/de\/wp-json\/wp\/v2\/comments?post=3462"}],"version-history":[{"count":4,"href":"https:\/\/www.hotelmarcopolo.it\/de\/wp-json\/wp\/v2\/pages\/3462\/revisions"}],"predecessor-version":[{"id":11153,"href":"https:\/\/www.hotelmarcopolo.it\/de\/wp-json\/wp\/v2\/pages\/3462\/revisions\/11153"}],"wp:attachment":[{"href":"https:\/\/www.hotelmarcopolo.it\/de\/wp-json\/wp\/v2\/media?parent=3462"}],"curies":[{"name":"wp","href":"https:\/\/api.w.org\/{rel}","templated":true}]}}