{"id":3470,"date":"2021-05-28T11:46:17","date_gmt":"2021-05-28T09:46:17","guid":{"rendered":"https:\/\/www.hotelmarcopolo.it\/dintorni\/"},"modified":"2023-06-08T16:03:04","modified_gmt":"2023-06-08T14:03:04","slug":"umgebung","status":"publish","type":"page","link":"https:\/\/www.hotelmarcopolo.it\/de\/umgebung\/","title":{"rendered":"Umgebung"},"content":{"rendered":"<p>[vc_row css=&#8220;.vc_custom_1633956250378{margin-top: 80px !important;}&#8220;][vc_column width=&#8220;1\/2&#8243; el_class=&#8220;nd_options_text_align_left&#8220;]\n\n    <div class=\"nd_options_section nd_options_position_relative \">\n\n        <img decoding=\"async\" style=\"top:px\" alt=\"\" class=\"nd_options_position_absolute nd_options_left_0\" width=\"80\" src=\"https:\/\/www.hotelmarcopolo.it\/wp-content\/uploads\/church-2.png\">\n\n        <div style=\"padding-left:100px\" class=\"nd_options_section nd_options_box_sizing_border_box\">\n            \n            <h3 class=\"  \" style=\"margin:0px 0px 10px 0px;color:#000000;font-size:px;line-height:px\">Kirche<\/h3> \n            <p class=\"nd_options_second_font nd_options_line_height_20_important \" style=\"margin:0px 0px 5px 0px;color:#878787;font-size:14px;line-height:24px\">Auf der Piazza Trieste befindet sich die Kirche Santa Maria Ausiliatrice, wo t\u00e4glich der Gottesdienst gefeiert wird, im Juli und August auch um 21.00 Uhr.<\/p> \n            \n\n        <\/div>\n\n    <\/div>\n\n  <div style=\"background-color:;height: 50px\" class=\"nicdark_section  \"><\/div>[\/vc_column][vc_column width=&#8220;1\/2&#8243;]\n\n    <div class=\"nd_options_section nd_options_position_relative \">\n\n        <img decoding=\"async\" style=\"top:px\" alt=\"\" class=\"nd_options_position_absolute nd_options_left_0\" width=\"80\" src=\"https:\/\/www.hotelmarcopolo.it\/wp-content\/uploads\/store-2.png\">\n\n        <div style=\"padding-left:100px\" class=\"nd_options_section nd_options_box_sizing_border_box\">\n            \n            <h3 class=\"  \" style=\"margin:0px 0px 10px 0px;color:#000000;font-size:px;line-height:px\">Superm\u00e4rkte<\/h3> \n            <p class=\"nd_options_second_font nd_options_line_height_20_important \" style=\"margin:0px 0px 5px 0px;color:#878787;font-size:14px;line-height:24px\">In unmittelbarer N\u00e4he finden Sie die Superm\u00e4rkte Eurospar oder Maxi. Au\u00dferdem befindet sich das Einkaufszentrum Laguna Shopping mit dem Supermarkt Famila ganz in der N\u00e4he unserer Anlage oder IperTosano im Dorf Jesolo.<\/p> \n            \n\n        <\/div>\n\n    <\/div>\n\n  <div style=\"background-color:;height: 50px\" class=\"nicdark_section  \"><\/div>[\/vc_column][\/vc_row][vc_row][vc_column width=&#8220;1\/2&#8243; el_class=&#8220;nd_options_text_align_left&#8220;]\n\n    <div class=\"nd_options_section nd_options_position_relative \">\n\n        <img decoding=\"async\" style=\"top:px\" alt=\"\" class=\"nd_options_position_absolute nd_options_left_0\" width=\"80\" src=\"https:\/\/www.hotelmarcopolo.it\/wp-content\/uploads\/bus-stop-2.png\">\n\n        <div style=\"padding-left:100px\" class=\"nd_options_section nd_options_box_sizing_border_box\">\n            \n            <h3 class=\"  \" style=\"margin:0px 0px 10px 0px;color:#000000;font-size:px;line-height:px\">Busbahnhof<\/h3> \n            <p class=\"nd_options_second_font nd_options_line_height_20_important \" style=\"margin:0px 0px 5px 0px;color:#878787;font-size:14px;line-height:24px\">Der Busbahnhof von Jesolo liegt nur ein paar Gehminuten vom Hotel Marco Polo entfernt, w\u00e4hrend sich die n\u00e4chste Haltestelle vor der Kirche auf der Piazza Trieste befindet.<\/p> \n            \n\n        <\/div>\n\n    <\/div>\n\n  <div style=\"background-color:;height: 50px\" class=\"nicdark_section  \"><\/div>[\/vc_column][vc_column width=&#8220;1\/2&#8243;]\n\n    <div class=\"nd_options_section nd_options_position_relative \">\n\n        <img decoding=\"async\" style=\"top:px\" alt=\"\" class=\"nd_options_position_absolute nd_options_left_0\" width=\"80\" src=\"https:\/\/www.hotelmarcopolo.it\/wp-content\/uploads\/pawprint-1.png\">\n\n        <div style=\"padding-left:100px\" class=\"nd_options_section nd_options_box_sizing_border_box\">\n            \n            <h3 class=\"  \" style=\"margin:0px 0px 10px 0px;color:#000000;font-size:px;line-height:px\">Bau Bau Beach<\/h3> \n            <p class=\"nd_options_second_font nd_options_line_height_20_important \" style=\"margin:0px 0px 5px 0px;color:#878787;font-size:14px;line-height:24px\">Der Strandabschnitt, der unseren vierbeinigen Freunden vorbehalten ist, liegt ebenfalls in Lido di Jesolo. Sie erreichen ihn zu Fu\u00df, wenn Sie den Strand oder die Via Bafile entlanggehen. Er ist ca 1,5 km von unserem Hotel entfernt. Wir stellen auch Fahrr\u00e4der f\u00fcr all jene zur Verf\u00fcgung, die ihn schnell erreichen m\u00f6chten.<\/p> \n            \n\n        <\/div>\n\n    <\/div>\n\n  <div style=\"background-color:;height: 50px\" class=\"nicdark_section  \"><\/div>[\/vc_column][\/vc_row][vc_row css=&#8220;.vc_custom_1633956262377{margin-bottom: 30px !important;}&#8220;][vc_column width=&#8220;1\/2&#8243; el_class=&#8220;nd_options_text_align_left&#8220;]\n\n    <div class=\"nd_options_section nd_options_position_relative \">\n\n        <img decoding=\"async\" style=\"top:px\" alt=\"\" class=\"nd_options_position_absolute nd_options_left_0\" width=\"80\" src=\"https:\/\/www.hotelmarcopolo.it\/wp-content\/uploads\/pharmacy.png\">\n\n        <div style=\"padding-left:100px\" class=\"nd_options_section nd_options_box_sizing_border_box\">\n            \n            <h3 class=\"  \" style=\"margin:0px 0px 10px 0px;color:#000000;font-size:px;line-height:px\">Apotheke<\/h3> \n            <p class=\"nd_options_second_font nd_options_line_height_20_important \" style=\"margin:0px 0px 5px 0px;color:#878787;font-size:14px;line-height:24px\">Die Apotheke Cossettini befindet sich neben unserem Hotel und ist t\u00e4glich ge\u00f6ffnet.<\/p> \n            \n\n        <\/div>\n\n    <\/div>\n\n  <div style=\"background-color:;height: 50px\" class=\"nicdark_section  \"><\/div>[\/vc_column][vc_column width=&#8220;1\/2&#8243;]\n\n    <div class=\"nd_options_section nd_options_position_relative \">\n\n        <img decoding=\"async\" style=\"top:px\" alt=\"\" class=\"nd_options_position_absolute nd_options_left_0\" width=\"80\" src=\"https:\/\/www.hotelmarcopolo.it\/wp-content\/uploads\/atm-machine.png\">\n\n        <div style=\"padding-left:100px\" class=\"nd_options_section nd_options_box_sizing_border_box\">\n            \n            <h3 class=\"  \" style=\"margin:0px 0px 10px 0px;color:#000000;font-size:px;line-height:px\">Bancomat<\/h3> \n            <p class=\"nd_options_second_font nd_options_line_height_20_important \" style=\"margin:0px 0px 5px 0px;color:#878787;font-size:14px;line-height:24px\">Bei der Bank Unicredit auf der Piazza Trieste, in der N\u00e4he der Kirche, k\u00f6nnen Sie bequem Ihre Ein- und Auszahlungen erledigen.<\/p> \n            \n\n        <\/div>\n\n    <\/div>\n\n  <div style=\"background-color:;height: 50px\" class=\"nicdark_section  \"><\/div>[\/vc_column][\/vc_row]<\/p>\n","protected":false},"excerpt":{"rendered":"<p>[vc_row css=&#8220;.vc_custom_1633956250378{margin-top: 80px !important;}&#8220;][vc_column width=&#8220;1\/2&#8243; el_class=&#8220;nd_options_text_align_left&#8220;][\/vc_column][vc_column width=&#8220;1\/2&#8243;][\/vc_column][\/vc_row][vc_row][vc_column width=&#8220;1\/2&#8243; el_class=&#8220;nd_options_text_align_left&#8220;][\/vc_column][vc_column width=&#8220;1\/2&#8243;][\/vc_column][\/vc_row][vc_row css=&#8220;.vc_custom_1633956262377{margin-bottom: 30px !important;}&#8220;][vc_column width=&#8220;1\/2&#8243; el_class=&#8220;nd_options_text_align_left&#8220;][\/vc_column][vc_column width=&#8220;1\/2&#8243;][\/vc_column][\/vc_row]<\/p>\n","protected":false},"author":2,"featured_media":0,"parent":0,"menu_order":0,"comment_status":"closed","ping_status":"closed","template":"","meta":{"footnotes":""},"class_list":["post-3470","page","type-page","status-publish","hentry"],"yoast_head":"<!-- This site is optimized with the Yoast SEO plugin v21.5 - https:\/\/yoast.com\/wordpress\/plugins\/seo\/ -->\n<title>Hotel Marco Polo und Umgebung<\/title>\n<meta name=\"description\" content=\"Nur ein paar Schritte vom Hotel Marco Polo entfernt finden Sie: eine Kirche, Superm\u00e4rkte, Bankomat, den Bau Bau Beach, den Busbahnhof und eine Apotheke.\" \/>\n<meta name=\"robots\" content=\"index, follow, max-snippet:-1, max-image-preview:large, max-video-preview:-1\" \/>\n<link rel=\"canonical\" href=\"https:\/\/www.hotelmarcopolo.it\/de\/umgebung\/\" \/>\n<meta property=\"og:locale\" content=\"de_DE\" \/>\n<meta property=\"og:type\" content=\"article\" \/>\n<meta property=\"og:title\" content=\"Hotel Marco Polo und Umgebung\" \/>\n<meta property=\"og:description\" content=\"Nur ein paar Schritte vom Hotel Marco Polo entfernt finden Sie: eine Kirche, Superm\u00e4rkte, Bankomat, den Bau Bau Beach, den Busbahnhof und eine Apotheke.\" \/>\n<meta property=\"og:url\" content=\"https:\/\/www.hotelmarcopolo.it\/de\/umgebung\/\" \/>\n<meta property=\"og:site_name\" content=\"Hotel Marco Polo\" \/>\n<meta property=\"article:modified_time\" content=\"2023-06-08T14:03:04+00:00\" \/>\n<meta name=\"twitter:card\" content=\"summary_large_image\" \/>\n<meta name=\"twitter:label1\" content=\"Gesch\u00e4tzte Lesezeit\" \/>\n\t<meta name=\"twitter:data1\" content=\"2\u00a0Minuten\" \/>\n<script type=\"application\/ld+json\" class=\"yoast-schema-graph\">{\"@context\":\"https:\/\/schema.org\",\"@graph\":[{\"@type\":\"WebPage\",\"@id\":\"https:\/\/www.hotelmarcopolo.it\/de\/umgebung\/\",\"url\":\"https:\/\/www.hotelmarcopolo.it\/de\/umgebung\/\",\"name\":\"Hotel Marco Polo und Umgebung\",\"isPartOf\":{\"@id\":\"https:\/\/www.hotelmarcopolo.it\/de\/#website\"},\"datePublished\":\"2021-05-28T09:46:17+00:00\",\"dateModified\":\"2023-06-08T14:03:04+00:00\",\"description\":\"Nur ein paar Schritte vom Hotel Marco Polo entfernt finden Sie: eine Kirche, Superm\u00e4rkte, Bankomat, den Bau Bau Beach, den Busbahnhof und eine Apotheke.\",\"breadcrumb\":{\"@id\":\"https:\/\/www.hotelmarcopolo.it\/de\/umgebung\/#breadcrumb\"},\"inLanguage\":\"de\",\"potentialAction\":[{\"@type\":\"ReadAction\",\"target\":[\"https:\/\/www.hotelmarcopolo.it\/de\/umgebung\/\"]}]},{\"@type\":\"BreadcrumbList\",\"@id\":\"https:\/\/www.hotelmarcopolo.it\/de\/umgebung\/#breadcrumb\",\"itemListElement\":[{\"@type\":\"ListItem\",\"position\":1,\"name\":\"Home\",\"item\":\"https:\/\/www.hotelmarcopolo.it\/de\/\"},{\"@type\":\"ListItem\",\"position\":2,\"name\":\"Umgebung\"}]},{\"@type\":\"WebSite\",\"@id\":\"https:\/\/www.hotelmarcopolo.it\/de\/#website\",\"url\":\"https:\/\/www.hotelmarcopolo.it\/de\/\",\"name\":\"Hotel Marco Polo\",\"description\":\"Un nuovo sito targato WordPress\",\"potentialAction\":[{\"@type\":\"SearchAction\",\"target\":{\"@type\":\"EntryPoint\",\"urlTemplate\":\"https:\/\/www.hotelmarcopolo.it\/de\/?s={search_term_string}\"},\"query-input\":\"required name=search_term_string\"}],\"inLanguage\":\"de\"}]}<\/script>\n<!-- \/ Yoast SEO plugin. -->","yoast_head_json":{"title":"Hotel Marco Polo und Umgebung","description":"Nur ein paar Schritte vom Hotel Marco Polo entfernt finden Sie: eine Kirche, Superm\u00e4rkte, Bankomat, den Bau Bau Beach, den Busbahnhof und eine Apotheke.","robots":{"index":"index","follow":"follow","max-snippet":"max-snippet:-1","max-image-preview":"max-image-preview:large","max-video-preview":"max-video-preview:-1"},"canonical":"https:\/\/www.hotelmarcopolo.it\/de\/umgebung\/","og_locale":"de_DE","og_type":"article","og_title":"Hotel Marco Polo und Umgebung","og_description":"Nur ein paar Schritte vom Hotel Marco Polo entfernt finden Sie: eine Kirche, Superm\u00e4rkte, Bankomat, den Bau Bau Beach, den Busbahnhof und eine Apotheke.","og_url":"https:\/\/www.hotelmarcopolo.it\/de\/umgebung\/","og_site_name":"Hotel Marco Polo","article_modified_time":"2023-06-08T14:03:04+00:00","twitter_card":"summary_large_image","twitter_misc":{"Gesch\u00e4tzte Lesezeit":"2\u00a0Minuten"},"schema":{"@context":"https:\/\/schema.org","@graph":[{"@type":"WebPage","@id":"https:\/\/www.hotelmarcopolo.it\/de\/umgebung\/","url":"https:\/\/www.hotelmarcopolo.it\/de\/umgebung\/","name":"Hotel Marco Polo und Umgebung","isPartOf":{"@id":"https:\/\/www.hotelmarcopolo.it\/de\/#website"},"datePublished":"2021-05-28T09:46:17+00:00","dateModified":"2023-06-08T14:03:04+00:00","description":"Nur ein paar Schritte vom Hotel Marco Polo entfernt finden Sie: eine Kirche, Superm\u00e4rkte, Bankomat, den Bau Bau Beach, den Busbahnhof und eine Apotheke.","breadcrumb":{"@id":"https:\/\/www.hotelmarcopolo.it\/de\/umgebung\/#breadcrumb"},"inLanguage":"de","potentialAction":[{"@type":"ReadAction","target":["https:\/\/www.hotelmarcopolo.it\/de\/umgebung\/"]}]},{"@type":"BreadcrumbList","@id":"https:\/\/www.hotelmarcopolo.it\/de\/umgebung\/#breadcrumb","itemListElement":[{"@type":"ListItem","position":1,"name":"Home","item":"https:\/\/www.hotelmarcopolo.it\/de\/"},{"@type":"ListItem","position":2,"name":"Umgebung"}]},{"@type":"WebSite","@id":"https:\/\/www.hotelmarcopolo.it\/de\/#website","url":"https:\/\/www.hotelmarcopolo.it\/de\/","name":"Hotel Marco Polo","description":"Un nuovo sito targato WordPress","potentialAction":[{"@type":"SearchAction","target":{"@type":"EntryPoint","urlTemplate":"https:\/\/www.hotelmarcopolo.it\/de\/?s={search_term_string}"},"query-input":"required name=search_term_string"}],"inLanguage":"de"}]}},"_links":{"self":[{"href":"https:\/\/www.hotelmarcopolo.it\/de\/wp-json\/wp\/v2\/pages\/3470","targetHints":{"allow":["GET"]}}],"collection":[{"href":"https:\/\/www.hotelmarcopolo.it\/de\/wp-json\/wp\/v2\/pages"}],"about":[{"href":"https:\/\/www.hotelmarcopolo.it\/de\/wp-json\/wp\/v2\/types\/page"}],"author":[{"embeddable":true,"href":"https:\/\/www.hotelmarcopolo.it\/de\/wp-json\/wp\/v2\/users\/2"}],"replies":[{"embeddable":true,"href":"https:\/\/www.hotelmarcopolo.it\/de\/wp-json\/wp\/v2\/comments?post=3470"}],"version-history":[{"count":0,"href":"https:\/\/www.hotelmarcopolo.it\/de\/wp-json\/wp\/v2\/pages\/3470\/revisions"}],"wp:attachment":[{"href":"https:\/\/www.hotelmarcopolo.it\/de\/wp-json\/wp\/v2\/media?parent=3470"}],"curies":[{"name":"wp","href":"https:\/\/api.w.org\/{rel}","templated":true}]}}