{"id":3475,"date":"2021-05-28T15:05:58","date_gmt":"2021-05-28T13:05:58","guid":{"rendered":"https:\/\/www.hotelmarcopolo.it\/contatti\/"},"modified":"2021-11-12T15:21:21","modified_gmt":"2021-11-12T14:21:21","slug":"kontakte","status":"publish","type":"page","link":"https:\/\/www.hotelmarcopolo.it\/de\/kontakte\/","title":{"rendered":"Kontakte"},"content":{"rendered":"<p>[vc_row css=&#8220;.vc_custom_1633956299380{margin-top: 30px !important;}&#8220;][vc_column width=&#8220;1\/2&#8243; css=&#8220;.vc_custom_1467214267244{padding-top: 10px !important;padding-bottom: 10px !important;}&#8220;] <h2 style=\"color:;padding:px;text-align:;font-size:25px;line-height:25px;letter-spacing: px;font-weight:normal\" class=\"   nd_options_first_font \">JOGGEN, SCHWIMMEN UND SHOPPEN<\/h2> <div style=\"background-color:;height: 20px\" class=\"nicdark_section  \"><\/div>[vc_column_text]Um interessantere Angebote zu erhalten, z\u00f6gern Sie nicht, uns direkt \u00fcber das untenstehende Formular zu kontaktieren. Wir sorgen daf\u00fcr, Ihnen den g\u00fcnstigsten Preis vorzubehalten.[\/vc_column_text]<div style=\"background-color:;height: 20px\" class=\"nicdark_section  \"><\/div>\n\n    <!--start form-->\n    <div id=\"nd_options_shortcode_cf7_3478\" class=\"nd_options_section \">\n      \n      <div class=\"nd_options_section nd_options_box_sizing_border_box\">\n        \n<div class=\"wpcf7 no-js\" id=\"wpcf7-f3478-o1\" lang=\"it-IT\" dir=\"ltr\">\n<div class=\"screen-reader-response\"><p role=\"status\" aria-live=\"polite\" aria-atomic=\"true\"><\/p> <ul><\/ul><\/div>\n<form action=\"\/de\/wp-json\/wp\/v2\/pages\/3475#wpcf7-f3478-o1\" method=\"post\" class=\"wpcf7-form init\" aria-label=\"Modulo di contatto\" novalidate=\"novalidate\" data-status=\"init\">\n<div>\n<input type=\"hidden\" name=\"_wpcf7\" value=\"3478\" \/>\n<input type=\"hidden\" name=\"_wpcf7_version\" value=\"5.8.5\" \/>\n<input type=\"hidden\" name=\"_wpcf7_locale\" value=\"it_IT\" \/>\n<input type=\"hidden\" name=\"_wpcf7_unit_tag\" value=\"wpcf7-f3478-o1\" \/>\n<input type=\"hidden\" name=\"_wpcf7_container_post\" value=\"0\" \/>\n<input type=\"hidden\" name=\"_wpcf7_posted_data_hash\" value=\"\" \/>\n<\/div>\n<p><label>Vor- und Nachname<\/label><br \/>\n<span class=\"wpcf7-form-control-wrap\" data-name=\"nome\"><input size=\"40\" class=\"wpcf7-form-control wpcf7-text wpcf7-validates-as-required\" aria-required=\"true\" aria-invalid=\"false\" value=\"\" type=\"text\" name=\"nome\" \/><\/span>\n<\/p>\n<p><label>Stadt<\/label><br \/>\n<span class=\"wpcf7-form-control-wrap\" data-name=\"citta\"><input size=\"40\" class=\"wpcf7-form-control wpcf7-text wpcf7-validates-as-required\" aria-required=\"true\" aria-invalid=\"false\" value=\"\" type=\"text\" name=\"citta\" \/><\/span>\n<\/p>\n<p><label>E-mail<\/label><br \/>\n<span class=\"wpcf7-form-control-wrap\" data-name=\"email\"><input size=\"40\" class=\"wpcf7-form-control wpcf7-email wpcf7-validates-as-required wpcf7-text wpcf7-validates-as-email\" aria-required=\"true\" aria-invalid=\"false\" value=\"\" type=\"email\" name=\"email\" \/><\/span>\n<\/p>\n<p><label>Telefonnummer<\/label><br \/>\n<span class=\"wpcf7-form-control-wrap\" data-name=\"telefono\"><input size=\"40\" class=\"wpcf7-form-control wpcf7-tel wpcf7-validates-as-required wpcf7-text wpcf7-validates-as-tel\" aria-required=\"true\" aria-invalid=\"false\" value=\"\" type=\"tel\" name=\"telefono\" \/><\/span>\n<\/p>\n<p><label>Informations-\/Buchungsanfrage<\/label><br \/>\n<span class=\"wpcf7-form-control-wrap\" data-name=\"informazioni\"><textarea cols=\"40\" rows=\"5\" class=\"wpcf7-form-control wpcf7-textarea wpcf7-validates-as-required\" aria-invalid=\"false\" name=\"informazioni\"><\/textarea><\/span>\n<\/p>\n<p>Wir teilen Ihnen mit, dass die von Ihnen bekannt gegebenen Daten mit EDV-Systemen in \u00dcbereinstimmung mit den von der g\u00fcltigen Datenschutzbestimmung (EU-Verordnung Nr. 679 von 2016) festgelegten Prinzipien und Zeiten verarbeitet werden, um Ihnen die gew\u00fcnschten Informationen zu erteilen und gegebenenfalls die Buchung von Zimmern oder anderer Serviceleistungen durchzuf\u00fchren\/zu best\u00e4tigen. Das vollst\u00e4ndige Informationsschreiben \u00fcber die Art und den Zweck der durchgef\u00fchrten Datenverarbeitung ist unter dem folgenden Link einsehbar.: Privacy Policy.\n<\/p>\n<p>Wenn Sie k\u00fcnftig an die von Ihnen angegebene Adresse unseren Newsletter\/regelm\u00e4\u00dfige Informationen \u00fcber unsere Tarife und Sonderangebote erhalten m\u00f6chten, m\u00fcssen Sie uns die entsprechende Zustimmung erteilen. Diese Zustimmung kann jedoch sp\u00e4ter jederzeit widerrufen werden, wie im Informationsschreiben angegeben ist.\n<\/p>\n<p><span class=\"wpcf7-form-control-wrap\" data-name=\"informativa\"><span class=\"wpcf7-form-control wpcf7-acceptance\"><span class=\"wpcf7-list-item\"><label><input type=\"checkbox\" name=\"informativa\" value=\"1\" aria-invalid=\"false\" \/><span class=\"wpcf7-list-item-label\">Ich nehme das Informationsschreiben zur Verarbeitung der personenbezogenen Daten zur Kenntnis.<\/span><\/label><\/span><\/span><\/span>\n<\/p>\n<p><span class=\"wpcf7-form-control-wrap\" data-name=\"newsletter\"><span class=\"wpcf7-form-control wpcf7-acceptance optional\"><span class=\"wpcf7-list-item\"><label><input type=\"checkbox\" name=\"newsletter\" value=\"1\" aria-invalid=\"false\" \/><span class=\"wpcf7-list-item-label\">Ich stimme der Zusendung des Newsletters und regelm\u00e4\u00dfiger Informationen \u00fcber Tarife und aktuelle Angebote an die von mir angegebene Adresse zu.<\/span><\/label><\/span><\/span><\/span>\n<\/p>\n<p><input class=\"wpcf7-form-control wpcf7-submit has-spinner\" type=\"submit\" value=\"SENDEN\" \/>\n<\/p><input type=\"text\" name=\"PufJq\" value=\"\" \/><input type='hidden' class='wpcf7-pum' value='{\"closepopup\":false,\"closedelay\":0,\"openpopup\":false,\"openpopup_id\":0}' \/><div class=\"wpcf7-response-output\" aria-hidden=\"true\"><\/div>\n<\/form>\n<\/div>\n \n      <\/div>  \n\n    <\/div>\n    <!--end form-->\n\n   [\/vc_column][vc_column width=&#8220;1\/2&#8243; css=&#8220;.vc_custom_1467214272039{padding-top: 10px !important;padding-bottom: 10px !important;}&#8220;][vc_raw_html]JTNDaWZyYW1lJTIwc3JjJTNEJTIyaHR0cHMlM0ElMkYlMkZ3d3cuZ29vZ2xlLmNvbSUyRm1hcHMlMkZlbWJlZCUzRnBiJTNEJTIxMW0xOCUyMTFtMTIlMjExbTMlMjExZDI3OTYuMjc0MTQxNzkxOTY1NiUyMTJkMTIuNjM5MjgwODE1MzI2MDg5JTIxM2Q0NS41MDQ1NTk3NzkxMDE0NTYlMjEybTMlMjExZjAlMjEyZjAlMjEzZjAlMjEzbTIlMjExaTEwMjQlMjEyaTc2OCUyMTRmMTMuMSUyMTNtMyUyMTFtMiUyMTFzMHg0NzdjMDA5ZTY1MmJiM2I1JTI1M0EweDUwMjI0MTA3MGIwMjk5NTUlMjEyc1ZpYSUyNTIwQmFmaWxlJTI1MkMlMjUyMDExMyUyNTJDJTI1MjAzMDAxNiUyNTIwSmVzb2xvJTI1MjBWRSUyMTVlMCUyMTNtMiUyMTFzaXQlMjEyc2l0JTIxNHYxNjM1ODUwNTIyNDUwJTIxNW0yJTIxMXNpdCUyMTJzaXQlMjIlMjB3aWR0aCUzRCUyMjEwMCUyNSUyMiUyMGhlaWdodCUzRCUyMjMwMCUyMiUyMHN0eWxlJTNEJTIyYm9yZGVyJTNBMCUzQiUyMiUyMGFsbG93ZnVsbHNjcmVlbiUzRCUyMiUyMiUyMGxvYWRpbmclM0QlMjJsYXp5JTIyJTNFJTNDJTJGaWZyYW1lJTNF[\/vc_raw_html][vc_row_inner][vc_column_inner]\n\n\n  <div class=\"nd_options_section  nd_options_display_table \">\n    <div class=\"nd_options_display_table_cell nd_options_vertical_align_middle nd_options_width_50_percentage nd_options_text_align_left nd_options_padding_10 nd_options_box_sizing_border_box\">\n      <p class=\" nd_options_second_font nd_options_margin_0 nd_options_padding_0\" style=\"color:#1c1c1c\">Stadt :<\/p>\n    <\/div>\n    <div class=\"nd_options_display_table_cell nd_options_vertical_align_middle nd_options_width_50_percentage nd_options_text_align_right nd_options_padding_10 nd_options_box_sizing_border_box\">\n      <p class=\" nd_options_second_font nd_options_margin_0 nd_options_padding_0\" style=\"color:#878787\">Lido di Jesolo, 30016<\/p>\n    <\/div>\n  <\/div>\n\n\n   <div style=\"background-color:#f1f1f1;height: 1px\" class=\"nicdark_section  \"><\/div>\n\n\n  <div class=\"nd_options_section  nd_options_display_table \">\n    <div class=\"nd_options_display_table_cell nd_options_vertical_align_middle nd_options_width_50_percentage nd_options_text_align_left nd_options_padding_10 nd_options_box_sizing_border_box\">\n      <p class=\" nd_options_second_font nd_options_margin_0 nd_options_padding_0\" style=\"color:#1c1c1c\">Adresse :<\/p>\n    <\/div>\n    <div class=\"nd_options_display_table_cell nd_options_vertical_align_middle nd_options_width_50_percentage nd_options_text_align_right nd_options_padding_10 nd_options_box_sizing_border_box\">\n      <p class=\" nd_options_second_font nd_options_margin_0 nd_options_padding_0\" style=\"color:#878787\">Via A. Bafile, 113<\/p>\n    <\/div>\n  <\/div>\n\n\n   <div style=\"background-color:#f1f1f1;height: 1px\" class=\"nicdark_section  \"><\/div>\n\n\n  <div class=\"nd_options_section  nd_options_display_table \">\n    <div class=\"nd_options_display_table_cell nd_options_vertical_align_middle nd_options_width_50_percentage nd_options_text_align_left nd_options_padding_10 nd_options_box_sizing_border_box\">\n      <p class=\" nd_options_second_font nd_options_margin_0 nd_options_padding_0\" style=\"color:#1c1c1c\">E-mail :<\/p>\n    <\/div>\n    <div class=\"nd_options_display_table_cell nd_options_vertical_align_middle nd_options_width_50_percentage nd_options_text_align_right nd_options_padding_10 nd_options_box_sizing_border_box\">\n      <p class=\" nd_options_second_font nd_options_margin_0 nd_options_padding_0\" style=\"color:#878787\">info@hotelmarcopolo.it<\/p>\n    <\/div>\n  <\/div>\n\n\n   <div style=\"background-color:#f1f1f1;height: 1px\" class=\"nicdark_section  \"><\/div>\n\n\n  <div class=\"nd_options_section  nd_options_display_table \">\n    <div class=\"nd_options_display_table_cell nd_options_vertical_align_middle nd_options_width_50_percentage nd_options_text_align_left nd_options_padding_10 nd_options_box_sizing_border_box\">\n      <p class=\" nd_options_second_font nd_options_margin_0 nd_options_padding_0\" style=\"color:#1c1c1c\">Telefon :<\/p>\n    <\/div>\n    <div class=\"nd_options_display_table_cell nd_options_vertical_align_middle nd_options_width_50_percentage nd_options_text_align_right nd_options_padding_10 nd_options_box_sizing_border_box\">\n      <p class=\" nd_options_second_font nd_options_margin_0 nd_options_padding_0\" style=\"color:#878787\">+ 39 0421380606<\/p>\n    <\/div>\n  <\/div>\n\n\n   <div style=\"background-color:#f1f1f1;height: 1px\" class=\"nicdark_section  \"><\/div>\n\n\n  <div class=\"nd_options_section  nd_options_display_table \">\n    <div class=\"nd_options_display_table_cell nd_options_vertical_align_middle nd_options_width_50_percentage nd_options_text_align_left nd_options_padding_10 nd_options_box_sizing_border_box\">\n      <p class=\" nd_options_second_font nd_options_margin_0 nd_options_padding_0\" style=\"color:#1c1c1c\">Fax :<\/p>\n    <\/div>\n    <div class=\"nd_options_display_table_cell nd_options_vertical_align_middle nd_options_width_50_percentage nd_options_text_align_right nd_options_padding_10 nd_options_box_sizing_border_box\">\n      <p class=\" nd_options_second_font nd_options_margin_0 nd_options_padding_0\" style=\"color:#878787\">+39 0421381834<\/p>\n    <\/div>\n  <\/div>\n\n\n   [\/vc_column_inner][\/vc_row_inner]<div style=\"background-color:;height: 35px\" class=\"nicdark_section  \"><\/div>[\/vc_column][\/vc_row][vc_row][vc_column]<div style=\"background-color:;height: 80px\" class=\"nicdark_section  \"><\/div>[vc_column_text]Das Hotel Marco Polo liegt in Lido di Jesolo, im Herzen des Tages- und Nachtlebens der Stadt.<\/p>\n<p>Dank seiner Lage in nur 100 Metern Entfernung zum Meer, das Sie \u00fcber einen Privatzugang erreichen k\u00f6nnen, ist es tags\u00fcber besonders f\u00fcr all jene geeignet, die das Strandleben unter freiem Himmel lieben.<\/p>\n<p>Am Abend und in der Nacht erweist sich das Hotel mit seinem Eingang auf die zentral gelegene Via Bafile als besonders g\u00fcnstig gelegen, n\u00e4mlich am Schauplatz der wichtigsten Tourismusattraktionen.[\/vc_column_text][\/vc_column][\/vc_row][vc_row][vc_column][vc_column_text]<strong>ANREISE MIT DEM AUTO<\/strong>[\/vc_column_text][vc_column_text]Wenn Sie von Mailand oder vom Brenner kommen: Nehmen Sie auf der Autobahn A4 die Ausfahrt Venedig\/Flughafen und fahren Sie Richtung SPIAGGE (Strand) weiter.<br \/>\nWenn Sie von Tarvis, Udine, Triest kommen: Nehmen Sie auf der Autobahn A4 die Ausfahrt Noventa\/S. Don\u00e0 di Piave.[\/vc_column_text][\/vc_column][\/vc_row][vc_row][vc_column][vc_column_text]<strong>ANREISE MIT DEM BUS<\/strong>[\/vc_column_text][vc_column_text]Es bestehen h\u00e4ufige Linienbusverbindungen zwischen Jesolo und anderen italienischen St\u00e4dten sowie europ\u00e4ischen L\u00e4ndern.<br \/>\nUnsere Anlage ist 5 Gehminuten vom Busbahnhof entfernt: Kreisverkehr Picchi. Tel. +39 0421 383633<br \/>\nInformationen \u00fcber die Busfahrpl\u00e4ne <a href=\"http:\/\/www.atvo.it\"><strong>www.atvo.it<\/strong><\/a>[\/vc_column_text][\/vc_column][\/vc_row][vc_row][vc_column][vc_column_text]<strong>ANREISE MIT DEM ZUG<\/strong>[\/vc_column_text][vc_column_text]Bahnh\u00f6fe[\/vc_column_text][vc_column_text]Mestre tel. +39 041 715555<\/p>\n<p>San Don\u00e0 di Piave tel. +39 0421 330835<\/p>\n<p>mit halbst\u00fcndlichen Linienbusverbindungen.[\/vc_column_text][\/vc_column][\/vc_row][vc_row][vc_column][vc_column_text]<strong>ANREISE MIT DEM FLUGZEUG<\/strong>[\/vc_column_text][vc_column_text]Flugh\u00e4fen[\/vc_column_text][vc_column_text]Venedig, Marco Polo, tel. +39 041 2606111<\/p>\n<p>Treviso, San Giuseppe, tel. +39 0422 20393<\/p>\n<p>Verona, Valerio Catullo, tel. +39 045 8095611<\/p>\n<p>Triest, Ronchi dei Legionari, tel. +39 040 631484[\/vc_column_text][\/vc_column][\/vc_row][vc_row][vc_column][vc_column_text]<strong>WENN SIE VENEDIG BESUCHEN M\u00d6CHTEN<\/strong>[\/vc_column_text][vc_column_text]In der N\u00e4he des Hotels (100 Meter entfernt) befindet sich die Haltestelle des Busses, der halbst\u00fcndlich nach Punta Sabbioni f\u00e4hrt.<br \/>\nVon hier k\u00f6nnen Sie Venedig mit dem Schiff erreichen. Die beste und beeindruckendste Art, um diese auf der ganzen Welt einzigartige Stadt zu besuchen.[\/vc_column_text][\/vc_column][\/vc_row]<\/p>\n","protected":false},"excerpt":{"rendered":"<p>[vc_row css=&#8220;.vc_custom_1633956299380{margin-top: 30px !important;}&#8220;][vc_column width=&#8220;1\/2&#8243; css=&#8220;.vc_custom_1467214267244{padding-top: 10px !important;padding-bottom: 10px !important;}&#8220;][vc_column_text]Um interessantere Angebote zu erhalten, z\u00f6gern Sie nicht, uns direkt \u00fcber das untenstehende Formular zu kontaktieren. Wir sorgen daf\u00fcr, Ihnen den g\u00fcnstigsten Preis vorzubehalten.[\/vc_column_text][\/vc_column][vc_column width=&#8220;1\/2&#8243; css=&#8220;.vc_custom_1467214272039{padding-top: 10px !important;padding-bottom: 10px !important;}&#8220;][vc_raw_html]JTNDaWZyYW1lJTIwc3JjJTNEJTIyaHR0cHMlM0ElMkYlMkZ3d3cuZ29vZ2xlLmNvbSUyRm1hcHMlMkZlbWJlZCUzRnBiJTNEJTIxMW0xOCUyMTFtMTIlMjExbTMlMjExZDI3OTYuMjc0MTQxNzkxOTY1NiUyMTJkMTIuNjM5MjgwODE1MzI2MDg5JTIxM2Q0NS41MDQ1NTk3NzkxMDE0NTYlMjEybTMlMjExZjAlMjEyZjAlMjEzZjAlMjEzbTIlMjExaTEwMjQlMjEyaTc2OCUyMTRmMTMuMSUyMTNtMyUyMTFtMiUyMTFzMHg0NzdjMDA5ZTY1MmJiM2I1JTI1M0EweDUwMjI0MTA3MGIwMjk5NTUlMjEyc1ZpYSUyNTIwQmFmaWxlJTI1MkMlMjUyMDExMyUyNTJDJTI1MjAzMDAxNiUyNTIwSmVzb2xvJTI1MjBWRSUyMTVlMCUyMTNtMiUyMTFzaXQlMjEyc2l0JTIxNHYxNjM1ODUwNTIyNDUwJTIxNW0yJTIxMXNpdCUyMTJzaXQlMjIlMjB3aWR0aCUzRCUyMjEwMCUyNSUyMiUyMGhlaWdodCUzRCUyMjMwMCUyMiUyMHN0eWxlJTNEJTIyYm9yZGVyJTNBMCUzQiUyMiUyMGFsbG93ZnVsbHNjcmVlbiUzRCUyMiUyMiUyMGxvYWRpbmclM0QlMjJsYXp5JTIyJTNFJTNDJTJGaWZyYW1lJTNF[\/vc_raw_html][vc_row_inner][vc_column_inner][\/vc_column_inner][\/vc_row_inner][\/vc_column][\/vc_row][vc_row][vc_column][vc_column_text]Das Hotel Marco Polo liegt in Lido di Jesolo, im Herzen des Tages- und Nachtlebens der Stadt. [&hellip;]<\/p>\n","protected":false},"author":2,"featured_media":0,"parent":0,"menu_order":0,"comment_status":"closed","ping_status":"closed","template":"","meta":{"footnotes":""},"class_list":["post-3475","page","type-page","status-publish","hentry"],"yoast_head":"<!-- This site is optimized with the Yoast SEO plugin v21.5 - https:\/\/yoast.com\/wordpress\/plugins\/seo\/ -->\n<title>Setzen Sie sich mit dem Hotel Marco Polo in Verbindung<\/title>\n<meta name=\"description\" content=\"Seite, die der Informationsanfrage f\u00fcr Buchungen im Hotel Marco Polo in Jesolo Lido dient.\" \/>\n<meta name=\"robots\" content=\"index, follow, max-snippet:-1, max-image-preview:large, max-video-preview:-1\" \/>\n<link rel=\"canonical\" href=\"https:\/\/www.hotelmarcopolo.it\/de\/kontakte\/\" \/>\n<meta property=\"og:locale\" content=\"de_DE\" \/>\n<meta property=\"og:type\" content=\"article\" \/>\n<meta property=\"og:title\" content=\"Setzen Sie sich mit dem Hotel Marco Polo in Verbindung\" \/>\n<meta property=\"og:description\" content=\"Seite, die der Informationsanfrage f\u00fcr Buchungen im Hotel Marco Polo in Jesolo Lido dient.\" \/>\n<meta property=\"og:url\" content=\"https:\/\/www.hotelmarcopolo.it\/de\/kontakte\/\" \/>\n<meta property=\"og:site_name\" content=\"Hotel Marco Polo\" \/>\n<meta property=\"article:modified_time\" content=\"2021-11-12T14:21:21+00:00\" \/>\n<meta name=\"twitter:card\" content=\"summary_large_image\" \/>\n<meta name=\"twitter:label1\" content=\"Gesch\u00e4tzte Lesezeit\" \/>\n\t<meta name=\"twitter:data1\" content=\"5\u00a0Minuten\" \/>\n<script type=\"application\/ld+json\" class=\"yoast-schema-graph\">{\"@context\":\"https:\/\/schema.org\",\"@graph\":[{\"@type\":\"WebPage\",\"@id\":\"https:\/\/www.hotelmarcopolo.it\/de\/kontakte\/\",\"url\":\"https:\/\/www.hotelmarcopolo.it\/de\/kontakte\/\",\"name\":\"Setzen Sie sich mit dem Hotel Marco Polo in Verbindung\",\"isPartOf\":{\"@id\":\"https:\/\/www.hotelmarcopolo.it\/de\/#website\"},\"datePublished\":\"2021-05-28T13:05:58+00:00\",\"dateModified\":\"2021-11-12T14:21:21+00:00\",\"description\":\"Seite, die der Informationsanfrage f\u00fcr Buchungen im Hotel Marco Polo in Jesolo Lido dient.\",\"breadcrumb\":{\"@id\":\"https:\/\/www.hotelmarcopolo.it\/de\/kontakte\/#breadcrumb\"},\"inLanguage\":\"de\",\"potentialAction\":[{\"@type\":\"ReadAction\",\"target\":[\"https:\/\/www.hotelmarcopolo.it\/de\/kontakte\/\"]}]},{\"@type\":\"BreadcrumbList\",\"@id\":\"https:\/\/www.hotelmarcopolo.it\/de\/kontakte\/#breadcrumb\",\"itemListElement\":[{\"@type\":\"ListItem\",\"position\":1,\"name\":\"Home\",\"item\":\"https:\/\/www.hotelmarcopolo.it\/de\/\"},{\"@type\":\"ListItem\",\"position\":2,\"name\":\"Kontakte\"}]},{\"@type\":\"WebSite\",\"@id\":\"https:\/\/www.hotelmarcopolo.it\/de\/#website\",\"url\":\"https:\/\/www.hotelmarcopolo.it\/de\/\",\"name\":\"Hotel Marco Polo\",\"description\":\"Un nuovo sito targato WordPress\",\"potentialAction\":[{\"@type\":\"SearchAction\",\"target\":{\"@type\":\"EntryPoint\",\"urlTemplate\":\"https:\/\/www.hotelmarcopolo.it\/de\/?s={search_term_string}\"},\"query-input\":\"required name=search_term_string\"}],\"inLanguage\":\"de\"}]}<\/script>\n<!-- \/ Yoast SEO plugin. -->","yoast_head_json":{"title":"Setzen Sie sich mit dem Hotel Marco Polo in Verbindung","description":"Seite, die der Informationsanfrage f\u00fcr Buchungen im Hotel Marco Polo in Jesolo Lido dient.","robots":{"index":"index","follow":"follow","max-snippet":"max-snippet:-1","max-image-preview":"max-image-preview:large","max-video-preview":"max-video-preview:-1"},"canonical":"https:\/\/www.hotelmarcopolo.it\/de\/kontakte\/","og_locale":"de_DE","og_type":"article","og_title":"Setzen Sie sich mit dem Hotel Marco Polo in Verbindung","og_description":"Seite, die der Informationsanfrage f\u00fcr Buchungen im Hotel Marco Polo in Jesolo Lido dient.","og_url":"https:\/\/www.hotelmarcopolo.it\/de\/kontakte\/","og_site_name":"Hotel Marco Polo","article_modified_time":"2021-11-12T14:21:21+00:00","twitter_card":"summary_large_image","twitter_misc":{"Gesch\u00e4tzte Lesezeit":"5\u00a0Minuten"},"schema":{"@context":"https:\/\/schema.org","@graph":[{"@type":"WebPage","@id":"https:\/\/www.hotelmarcopolo.it\/de\/kontakte\/","url":"https:\/\/www.hotelmarcopolo.it\/de\/kontakte\/","name":"Setzen Sie sich mit dem Hotel Marco Polo in Verbindung","isPartOf":{"@id":"https:\/\/www.hotelmarcopolo.it\/de\/#website"},"datePublished":"2021-05-28T13:05:58+00:00","dateModified":"2021-11-12T14:21:21+00:00","description":"Seite, die der Informationsanfrage f\u00fcr Buchungen im Hotel Marco Polo in Jesolo Lido dient.","breadcrumb":{"@id":"https:\/\/www.hotelmarcopolo.it\/de\/kontakte\/#breadcrumb"},"inLanguage":"de","potentialAction":[{"@type":"ReadAction","target":["https:\/\/www.hotelmarcopolo.it\/de\/kontakte\/"]}]},{"@type":"BreadcrumbList","@id":"https:\/\/www.hotelmarcopolo.it\/de\/kontakte\/#breadcrumb","itemListElement":[{"@type":"ListItem","position":1,"name":"Home","item":"https:\/\/www.hotelmarcopolo.it\/de\/"},{"@type":"ListItem","position":2,"name":"Kontakte"}]},{"@type":"WebSite","@id":"https:\/\/www.hotelmarcopolo.it\/de\/#website","url":"https:\/\/www.hotelmarcopolo.it\/de\/","name":"Hotel Marco Polo","description":"Un nuovo sito targato WordPress","potentialAction":[{"@type":"SearchAction","target":{"@type":"EntryPoint","urlTemplate":"https:\/\/www.hotelmarcopolo.it\/de\/?s={search_term_string}"},"query-input":"required name=search_term_string"}],"inLanguage":"de"}]}},"_links":{"self":[{"href":"https:\/\/www.hotelmarcopolo.it\/de\/wp-json\/wp\/v2\/pages\/3475","targetHints":{"allow":["GET"]}}],"collection":[{"href":"https:\/\/www.hotelmarcopolo.it\/de\/wp-json\/wp\/v2\/pages"}],"about":[{"href":"https:\/\/www.hotelmarcopolo.it\/de\/wp-json\/wp\/v2\/types\/page"}],"author":[{"embeddable":true,"href":"https:\/\/www.hotelmarcopolo.it\/de\/wp-json\/wp\/v2\/users\/2"}],"replies":[{"embeddable":true,"href":"https:\/\/www.hotelmarcopolo.it\/de\/wp-json\/wp\/v2\/comments?post=3475"}],"version-history":[{"count":0,"href":"https:\/\/www.hotelmarcopolo.it\/de\/wp-json\/wp\/v2\/pages\/3475\/revisions"}],"wp:attachment":[{"href":"https:\/\/www.hotelmarcopolo.it\/de\/wp-json\/wp\/v2\/media?parent=3475"}],"curies":[{"name":"wp","href":"https:\/\/api.w.org\/{rel}","templated":true}]}}