{"id":14078,"date":"2025-09-03T14:42:55","date_gmt":"2025-09-03T12:42:55","guid":{"rendered":"https:\/\/www.hotelmarcopolo.it\/politiche-di-cancellazione\/"},"modified":"2025-09-03T15:52:15","modified_gmt":"2025-09-03T13:52:15","slug":"szallodai-lemondasi-feltetelek","status":"publish","type":"page","link":"https:\/\/www.hotelmarcopolo.it\/hu\/szallodai-lemondasi-feltetelek\/","title":{"rendered":"Sz\u00e1llodai lemond\u00e1si felt\u00e9telek"},"content":{"rendered":"<p>[vc_row css=&#8221;.vc_custom_1633956447426{margin-top: 30px !important;}&#8221;][vc_column] <h2 style=\"color:#1c1c1c;padding:px;text-align:;font-size:34px;line-height:45px;letter-spacing: px;font-weight:\" class=\"    \">\u00c1ltal\u00e1nos felt\u00e9telek<\/h2> <div style=\"background-color:;height: 50px\" class=\"nicdark_section  \"><\/div>[vc_column_text]Amennyiben le kell mondania a tart\u00f3zkod\u00e1st, a Hotel Marco Polo a k\u00f6vetkez\u0151 lemond\u00e1si felt\u00e9teleket k\u00edn\u00e1lja \u00d6nnek.<\/p>\n<p>Lemond\u00e1si felt\u00e9telek szob\u00e1kra \u00e9s lakoszt\u00e1lyokra<\/p>\n<ul>\n<li>Az \u00e9rkez\u00e9s el\u0151tt 10\u20138 nappal t\u00f6rt\u00e9n\u0151 lemond\u00e1s eset\u00e9n a foglal\u00e1si \u00e1r 40%-a ker\u00fcl felsz\u00e1mol\u00e1sra.<\/li>\n<li>Az \u00e9rkez\u00e9s el\u0151tt 7\u20131 nappal t\u00f6rt\u00e9n\u0151 lemond\u00e1s eset\u00e9n a foglal\u00e1si \u00e1r 70%-a ker\u00fcl felsz\u00e1mol\u00e1sra.<\/li>\n<li>Meg nem jelen\u00e9s (no-show) vagy korai t\u00e1voz\u00e1s eset\u00e9n a foglal\u00e1si \u00e1r teljes \u00f6sszege felsz\u00e1mol\u00e1sra ker\u00fcl.<\/li>\n<\/ul>\n<p>Fenntartjuk a jogot, hogy \u00e1rhiba eset\u00e9n lemondjuk a foglal\u00e1st, a foglal\u00e1s visszaigazol\u00e1sa ut\u00e1n is.<\/p>\n<p>A lemond\u00e1st csak \u00edr\u00e1sban fogadjuk el. Ezek a lemond\u00e1si felt\u00e9telek f\u00fcggetlen\u00fcl \u00e9rv\u00e9nyesek att\u00f3l, hogy a lemondott szob\u00e1k teljes m\u00e9rt\u00e9kben vagy r\u00e9szben ism\u00e9t b\u00e9rbe ad\u00e1sra ker\u00fclnek-e.<\/p>\n<p>Ha m\u00e1r fizetett el\u0151leget, az a lemond\u00e1si felt\u00e9telek figyelembev\u00e9tele ut\u00e1n utalv\u00e1ny form\u00e1j\u00e1ban ker\u00fcl visszafizet\u00e9sre. K\u00e9szp\u00e9nzes visszat\u00e9r\u00edt\u00e9st nem biztos\u00edtunk.<\/p>\n<p>Ig\u00e9ny eset\u00e9n lehet\u0151s\u00e9get biztos\u00edtunk a foglal\u00e1s ingyenes elhalaszt\u00e1s\u00e1ra az \u00e9rkez\u00e9s el\u0151tt 10 napig, egy m\u00e1sik id\u0151szak kiv\u00e1laszt\u00e1s\u00e1val az adott \u00e9ven bel\u00fcl. Ebben az esetben az \u00faj foglal\u00e1sra m\u00e1r nem vonatkozik az ingyenes lemond\u00e1si lehet\u0151s\u00e9g, \u00e9s a k\u00f6vetkez\u0151 felt\u00e9telek \u00e9rv\u00e9nyesek:<\/p>\n<ul>\n<li>40%-os d\u00edj a lefoglal\u00e1s napj\u00e1t\u00f3l sz\u00e1m\u00edtott 7 napig tart\u00f3 lemond\u00e1sok eset\u00e9n.<\/li>\n<li>70%-os d\u00edj az 5 napt\u00f3l 1 napig tart\u00f3 lemond\u00e1sok eset\u00e9n az \u00e9rkez\u00e9s el\u0151tt.<\/li>\n<li>100% meg nem jelen\u00e9s (no-show) eset\u00e9n.<\/li>\n<\/ul>\n<p>[\/vc_column_text][\/vc_column][\/vc_row]<\/p>\n","protected":false},"excerpt":{"rendered":"<p>[vc_row css=&#8221;.vc_custom_1633956447426{margin-top: 30px !important;}&#8221;][vc_column][vc_column_text]Amennyiben le kell mondania a tart\u00f3zkod\u00e1st, a Hotel Marco Polo a k\u00f6vetkez\u0151 lemond\u00e1si felt\u00e9teleket k\u00edn\u00e1lja \u00d6nnek. Lemond\u00e1si felt\u00e9telek szob\u00e1kra \u00e9s lakoszt\u00e1lyokra Az \u00e9rkez\u00e9s el\u0151tt 10\u20138 nappal t\u00f6rt\u00e9n\u0151 lemond\u00e1s eset\u00e9n a foglal\u00e1si \u00e1r 40%-a ker\u00fcl felsz\u00e1mol\u00e1sra. Az \u00e9rkez\u00e9s el\u0151tt 7\u20131 nappal t\u00f6rt\u00e9n\u0151 lemond\u00e1s eset\u00e9n a foglal\u00e1si \u00e1r 70%-a ker\u00fcl felsz\u00e1mol\u00e1sra. Meg nem jelen\u00e9s [&hellip;]<\/p>\n","protected":false},"author":2,"featured_media":0,"parent":0,"menu_order":0,"comment_status":"closed","ping_status":"closed","template":"","meta":{"footnotes":""},"class_list":["post-14078","page","type-page","status-publish","hentry"],"yoast_head":"<!-- This site is optimized with the Yoast SEO plugin v21.5 - https:\/\/yoast.com\/wordpress\/plugins\/seo\/ -->\n<title>Sz\u00e1llodai lemond\u00e1si felt\u00e9telek - Hotel Marco Polo<\/title>\n<meta name=\"robots\" content=\"index, follow, max-snippet:-1, max-image-preview:large, max-video-preview:-1\" \/>\n<link rel=\"canonical\" href=\"https:\/\/www.hotelmarcopolo.it\/hu\/szallodai-lemondasi-feltetelek\/\" \/>\n<meta property=\"og:locale\" content=\"hu_HU\" \/>\n<meta property=\"og:type\" content=\"article\" \/>\n<meta property=\"og:title\" content=\"Sz\u00e1llodai lemond\u00e1si felt\u00e9telek - Hotel Marco Polo\" \/>\n<meta property=\"og:description\" content=\"[vc_row css=&#8221;.vc_custom_1633956447426{margin-top: 30px !important;}&#8221;][vc_column][vc_column_text]Amennyiben le kell mondania a tart\u00f3zkod\u00e1st, a Hotel Marco Polo a k\u00f6vetkez\u0151 lemond\u00e1si felt\u00e9teleket k\u00edn\u00e1lja \u00d6nnek. Lemond\u00e1si felt\u00e9telek szob\u00e1kra \u00e9s lakoszt\u00e1lyokra Az \u00e9rkez\u00e9s el\u0151tt 10\u20138 nappal t\u00f6rt\u00e9n\u0151 lemond\u00e1s eset\u00e9n a foglal\u00e1si \u00e1r 40%-a ker\u00fcl felsz\u00e1mol\u00e1sra. Az \u00e9rkez\u00e9s el\u0151tt 7\u20131 nappal t\u00f6rt\u00e9n\u0151 lemond\u00e1s eset\u00e9n a foglal\u00e1si \u00e1r 70%-a ker\u00fcl felsz\u00e1mol\u00e1sra. Meg nem jelen\u00e9s [&hellip;]\" \/>\n<meta property=\"og:url\" content=\"https:\/\/www.hotelmarcopolo.it\/hu\/szallodai-lemondasi-feltetelek\/\" \/>\n<meta property=\"og:site_name\" content=\"Hotel Marco Polo\" \/>\n<meta property=\"article:modified_time\" content=\"2025-09-03T13:52:15+00:00\" \/>\n<meta name=\"twitter:card\" content=\"summary_large_image\" \/>\n<meta name=\"twitter:label1\" content=\"Becs\u00fclt olvas\u00e1si id\u0151\" \/>\n\t<meta name=\"twitter:data1\" content=\"2 perc\" \/>\n<script type=\"application\/ld+json\" class=\"yoast-schema-graph\">{\"@context\":\"https:\/\/schema.org\",\"@graph\":[{\"@type\":\"WebPage\",\"@id\":\"https:\/\/www.hotelmarcopolo.it\/hu\/szallodai-lemondasi-feltetelek\/\",\"url\":\"https:\/\/www.hotelmarcopolo.it\/hu\/szallodai-lemondasi-feltetelek\/\",\"name\":\"Sz\u00e1llodai lemond\u00e1si felt\u00e9telek - Hotel Marco Polo\",\"isPartOf\":{\"@id\":\"https:\/\/www.hotelmarcopolo.it\/hu\/#website\"},\"datePublished\":\"2025-09-03T12:42:55+00:00\",\"dateModified\":\"2025-09-03T13:52:15+00:00\",\"breadcrumb\":{\"@id\":\"https:\/\/www.hotelmarcopolo.it\/hu\/szallodai-lemondasi-feltetelek\/#breadcrumb\"},\"inLanguage\":\"hu\",\"potentialAction\":[{\"@type\":\"ReadAction\",\"target\":[\"https:\/\/www.hotelmarcopolo.it\/hu\/szallodai-lemondasi-feltetelek\/\"]}]},{\"@type\":\"BreadcrumbList\",\"@id\":\"https:\/\/www.hotelmarcopolo.it\/hu\/szallodai-lemondasi-feltetelek\/#breadcrumb\",\"itemListElement\":[{\"@type\":\"ListItem\",\"position\":1,\"name\":\"Home\",\"item\":\"https:\/\/www.hotelmarcopolo.it\/hu\/\"},{\"@type\":\"ListItem\",\"position\":2,\"name\":\"Sz\u00e1llodai lemond\u00e1si felt\u00e9telek\"}]},{\"@type\":\"WebSite\",\"@id\":\"https:\/\/www.hotelmarcopolo.it\/hu\/#website\",\"url\":\"https:\/\/www.hotelmarcopolo.it\/hu\/\",\"name\":\"Hotel Marco Polo\",\"description\":\"Un nuovo sito targato WordPress\",\"potentialAction\":[{\"@type\":\"SearchAction\",\"target\":{\"@type\":\"EntryPoint\",\"urlTemplate\":\"https:\/\/www.hotelmarcopolo.it\/hu\/?s={search_term_string}\"},\"query-input\":\"required name=search_term_string\"}],\"inLanguage\":\"hu\"}]}<\/script>\n<!-- \/ Yoast SEO plugin. -->","yoast_head_json":{"title":"Sz\u00e1llodai lemond\u00e1si felt\u00e9telek - Hotel Marco Polo","robots":{"index":"index","follow":"follow","max-snippet":"max-snippet:-1","max-image-preview":"max-image-preview:large","max-video-preview":"max-video-preview:-1"},"canonical":"https:\/\/www.hotelmarcopolo.it\/hu\/szallodai-lemondasi-feltetelek\/","og_locale":"hu_HU","og_type":"article","og_title":"Sz\u00e1llodai lemond\u00e1si felt\u00e9telek - Hotel Marco Polo","og_description":"[vc_row css=&#8221;.vc_custom_1633956447426{margin-top: 30px !important;}&#8221;][vc_column][vc_column_text]Amennyiben le kell mondania a tart\u00f3zkod\u00e1st, a Hotel Marco Polo a k\u00f6vetkez\u0151 lemond\u00e1si felt\u00e9teleket k\u00edn\u00e1lja \u00d6nnek. Lemond\u00e1si felt\u00e9telek szob\u00e1kra \u00e9s lakoszt\u00e1lyokra Az \u00e9rkez\u00e9s el\u0151tt 10\u20138 nappal t\u00f6rt\u00e9n\u0151 lemond\u00e1s eset\u00e9n a foglal\u00e1si \u00e1r 40%-a ker\u00fcl felsz\u00e1mol\u00e1sra. Az \u00e9rkez\u00e9s el\u0151tt 7\u20131 nappal t\u00f6rt\u00e9n\u0151 lemond\u00e1s eset\u00e9n a foglal\u00e1si \u00e1r 70%-a ker\u00fcl felsz\u00e1mol\u00e1sra. Meg nem jelen\u00e9s [&hellip;]","og_url":"https:\/\/www.hotelmarcopolo.it\/hu\/szallodai-lemondasi-feltetelek\/","og_site_name":"Hotel Marco Polo","article_modified_time":"2025-09-03T13:52:15+00:00","twitter_card":"summary_large_image","twitter_misc":{"Becs\u00fclt olvas\u00e1si id\u0151":"2 perc"},"schema":{"@context":"https:\/\/schema.org","@graph":[{"@type":"WebPage","@id":"https:\/\/www.hotelmarcopolo.it\/hu\/szallodai-lemondasi-feltetelek\/","url":"https:\/\/www.hotelmarcopolo.it\/hu\/szallodai-lemondasi-feltetelek\/","name":"Sz\u00e1llodai lemond\u00e1si felt\u00e9telek - Hotel Marco Polo","isPartOf":{"@id":"https:\/\/www.hotelmarcopolo.it\/hu\/#website"},"datePublished":"2025-09-03T12:42:55+00:00","dateModified":"2025-09-03T13:52:15+00:00","breadcrumb":{"@id":"https:\/\/www.hotelmarcopolo.it\/hu\/szallodai-lemondasi-feltetelek\/#breadcrumb"},"inLanguage":"hu","potentialAction":[{"@type":"ReadAction","target":["https:\/\/www.hotelmarcopolo.it\/hu\/szallodai-lemondasi-feltetelek\/"]}]},{"@type":"BreadcrumbList","@id":"https:\/\/www.hotelmarcopolo.it\/hu\/szallodai-lemondasi-feltetelek\/#breadcrumb","itemListElement":[{"@type":"ListItem","position":1,"name":"Home","item":"https:\/\/www.hotelmarcopolo.it\/hu\/"},{"@type":"ListItem","position":2,"name":"Sz\u00e1llodai lemond\u00e1si felt\u00e9telek"}]},{"@type":"WebSite","@id":"https:\/\/www.hotelmarcopolo.it\/hu\/#website","url":"https:\/\/www.hotelmarcopolo.it\/hu\/","name":"Hotel Marco Polo","description":"Un nuovo sito targato WordPress","potentialAction":[{"@type":"SearchAction","target":{"@type":"EntryPoint","urlTemplate":"https:\/\/www.hotelmarcopolo.it\/hu\/?s={search_term_string}"},"query-input":"required name=search_term_string"}],"inLanguage":"hu"}]}},"_links":{"self":[{"href":"https:\/\/www.hotelmarcopolo.it\/hu\/wp-json\/wp\/v2\/pages\/14078","targetHints":{"allow":["GET"]}}],"collection":[{"href":"https:\/\/www.hotelmarcopolo.it\/hu\/wp-json\/wp\/v2\/pages"}],"about":[{"href":"https:\/\/www.hotelmarcopolo.it\/hu\/wp-json\/wp\/v2\/types\/page"}],"author":[{"embeddable":true,"href":"https:\/\/www.hotelmarcopolo.it\/hu\/wp-json\/wp\/v2\/users\/2"}],"replies":[{"embeddable":true,"href":"https:\/\/www.hotelmarcopolo.it\/hu\/wp-json\/wp\/v2\/comments?post=14078"}],"version-history":[{"count":2,"href":"https:\/\/www.hotelmarcopolo.it\/hu\/wp-json\/wp\/v2\/pages\/14078\/revisions"}],"predecessor-version":[{"id":14080,"href":"https:\/\/www.hotelmarcopolo.it\/hu\/wp-json\/wp\/v2\/pages\/14078\/revisions\/14080"}],"wp:attachment":[{"href":"https:\/\/www.hotelmarcopolo.it\/hu\/wp-json\/wp\/v2\/media?parent=14078"}],"curies":[{"name":"wp","href":"https:\/\/api.w.org\/{rel}","templated":true}]}}