{"id":5440,"date":"2021-11-10T18:02:20","date_gmt":"2021-11-10T17:02:20","guid":{"rendered":"https:\/\/www.hotelmarcopolo.it\/contact-sent\/"},"modified":"2022-03-18T10:28:36","modified_gmt":"2022-03-18T09:28:36","slug":"kapcsolat-elkuldve","status":"publish","type":"page","link":"https:\/\/www.hotelmarcopolo.it\/hu\/kapcsolat-elkuldve\/","title":{"rendered":"Kapcsolat elk\u00fcldve"},"content":{"rendered":"<p>[vc_row][vc_column]<div style=\"background-color:;height: 50px\" class=\"nicdark_section  \"><\/div> <h1 style=\"color:#1c1c1c;padding:px;text-align:center;font-size:40px;line-height:60px;letter-spacing: px;font-weight:bold\" class=\"   nd_options_first_font \">K\u00f6sz\u00f6nj\u00fck, hogy kapcsolatba l\u00e9pett vel\u00fcnk <\/h1> <div style=\"background-color:;height: 20px\" class=\"nicdark_section  \"><\/div> <p style=\"color:#1c1c1c;padding:px;text-align:center;font-size:25px;line-height:35px;letter-spacing: px;font-weight:lighter\" class=\"   nd_options_first_font \">Gondoskodunk a lehet\u0151 leggyorsabb v\u00e1laszad\u00e1sr\u00f3l <\/p> <div style=\"background-color:;height: 50px\" class=\"nicdark_section  \"><\/div>[\/vc_column][\/vc_row]<\/p>\n","protected":false},"excerpt":{"rendered":"<p>[vc_row][vc_column][\/vc_column][\/vc_row]<\/p>\n","protected":false},"author":2,"featured_media":0,"parent":0,"menu_order":0,"comment_status":"closed","ping_status":"closed","template":"","meta":{"footnotes":""},"class_list":["post-5440","page","type-page","status-publish","hentry"],"yoast_head":"<!-- This site is optimized with the Yoast SEO plugin v21.5 - https:\/\/yoast.com\/wordpress\/plugins\/seo\/ -->\n<title>Kapcsolat elk\u00fcldve - Hotel Marco Polo<\/title>\n<meta name=\"robots\" content=\"index, nofollow, max-snippet:-1, max-image-preview:large, max-video-preview:-1\" \/>\n<link rel=\"canonical\" href=\"https:\/\/www.hotelmarcopolo.it\/hu\/kapcsolat-elkuldve\/\" \/>\n<meta property=\"og:locale\" content=\"hu_HU\" \/>\n<meta property=\"og:type\" content=\"article\" \/>\n<meta property=\"og:title\" content=\"Kapcsolat elk\u00fcldve - Hotel Marco Polo\" \/>\n<meta property=\"og:description\" content=\"[vc_row][vc_column][\/vc_column][\/vc_row]\" \/>\n<meta property=\"og:url\" content=\"https:\/\/www.hotelmarcopolo.it\/hu\/kapcsolat-elkuldve\/\" \/>\n<meta property=\"og:site_name\" content=\"Hotel Marco Polo\" \/>\n<meta property=\"article:modified_time\" content=\"2022-03-18T09:28:36+00:00\" \/>\n<meta name=\"twitter:card\" content=\"summary_large_image\" \/>\n<meta name=\"twitter:label1\" content=\"Becs\u00fclt olvas\u00e1si id\u0151\" \/>\n\t<meta name=\"twitter:data1\" content=\"1 perc\" \/>\n<script type=\"application\/ld+json\" class=\"yoast-schema-graph\">{\"@context\":\"https:\/\/schema.org\",\"@graph\":[{\"@type\":\"WebPage\",\"@id\":\"https:\/\/www.hotelmarcopolo.it\/hu\/kapcsolat-elkuldve\/\",\"url\":\"https:\/\/www.hotelmarcopolo.it\/hu\/kapcsolat-elkuldve\/\",\"name\":\"Kapcsolat elk\u00fcldve - Hotel Marco Polo\",\"isPartOf\":{\"@id\":\"https:\/\/www.hotelmarcopolo.it\/hu\/#website\"},\"datePublished\":\"2021-11-10T17:02:20+00:00\",\"dateModified\":\"2022-03-18T09:28:36+00:00\",\"breadcrumb\":{\"@id\":\"https:\/\/www.hotelmarcopolo.it\/hu\/kapcsolat-elkuldve\/#breadcrumb\"},\"inLanguage\":\"hu\",\"potentialAction\":[{\"@type\":\"ReadAction\",\"target\":[\"https:\/\/www.hotelmarcopolo.it\/hu\/kapcsolat-elkuldve\/\"]}]},{\"@type\":\"BreadcrumbList\",\"@id\":\"https:\/\/www.hotelmarcopolo.it\/hu\/kapcsolat-elkuldve\/#breadcrumb\",\"itemListElement\":[{\"@type\":\"ListItem\",\"position\":1,\"name\":\"Home\",\"item\":\"https:\/\/www.hotelmarcopolo.it\/hu\/\"},{\"@type\":\"ListItem\",\"position\":2,\"name\":\"Kapcsolat elk\u00fcldve\"}]},{\"@type\":\"WebSite\",\"@id\":\"https:\/\/www.hotelmarcopolo.it\/hu\/#website\",\"url\":\"https:\/\/www.hotelmarcopolo.it\/hu\/\",\"name\":\"Hotel Marco Polo\",\"description\":\"Un nuovo sito targato WordPress\",\"potentialAction\":[{\"@type\":\"SearchAction\",\"target\":{\"@type\":\"EntryPoint\",\"urlTemplate\":\"https:\/\/www.hotelmarcopolo.it\/hu\/?s={search_term_string}\"},\"query-input\":\"required name=search_term_string\"}],\"inLanguage\":\"hu\"}]}<\/script>\n<!-- \/ Yoast SEO plugin. -->","yoast_head_json":{"title":"Kapcsolat elk\u00fcldve - Hotel Marco Polo","robots":{"index":"index","follow":"nofollow","max-snippet":"max-snippet:-1","max-image-preview":"max-image-preview:large","max-video-preview":"max-video-preview:-1"},"canonical":"https:\/\/www.hotelmarcopolo.it\/hu\/kapcsolat-elkuldve\/","og_locale":"hu_HU","og_type":"article","og_title":"Kapcsolat elk\u00fcldve - Hotel Marco Polo","og_description":"[vc_row][vc_column][\/vc_column][\/vc_row]","og_url":"https:\/\/www.hotelmarcopolo.it\/hu\/kapcsolat-elkuldve\/","og_site_name":"Hotel Marco Polo","article_modified_time":"2022-03-18T09:28:36+00:00","twitter_card":"summary_large_image","twitter_misc":{"Becs\u00fclt olvas\u00e1si id\u0151":"1 perc"},"schema":{"@context":"https:\/\/schema.org","@graph":[{"@type":"WebPage","@id":"https:\/\/www.hotelmarcopolo.it\/hu\/kapcsolat-elkuldve\/","url":"https:\/\/www.hotelmarcopolo.it\/hu\/kapcsolat-elkuldve\/","name":"Kapcsolat elk\u00fcldve - Hotel Marco Polo","isPartOf":{"@id":"https:\/\/www.hotelmarcopolo.it\/hu\/#website"},"datePublished":"2021-11-10T17:02:20+00:00","dateModified":"2022-03-18T09:28:36+00:00","breadcrumb":{"@id":"https:\/\/www.hotelmarcopolo.it\/hu\/kapcsolat-elkuldve\/#breadcrumb"},"inLanguage":"hu","potentialAction":[{"@type":"ReadAction","target":["https:\/\/www.hotelmarcopolo.it\/hu\/kapcsolat-elkuldve\/"]}]},{"@type":"BreadcrumbList","@id":"https:\/\/www.hotelmarcopolo.it\/hu\/kapcsolat-elkuldve\/#breadcrumb","itemListElement":[{"@type":"ListItem","position":1,"name":"Home","item":"https:\/\/www.hotelmarcopolo.it\/hu\/"},{"@type":"ListItem","position":2,"name":"Kapcsolat elk\u00fcldve"}]},{"@type":"WebSite","@id":"https:\/\/www.hotelmarcopolo.it\/hu\/#website","url":"https:\/\/www.hotelmarcopolo.it\/hu\/","name":"Hotel Marco Polo","description":"Un nuovo sito targato WordPress","potentialAction":[{"@type":"SearchAction","target":{"@type":"EntryPoint","urlTemplate":"https:\/\/www.hotelmarcopolo.it\/hu\/?s={search_term_string}"},"query-input":"required name=search_term_string"}],"inLanguage":"hu"}]}},"_links":{"self":[{"href":"https:\/\/www.hotelmarcopolo.it\/hu\/wp-json\/wp\/v2\/pages\/5440","targetHints":{"allow":["GET"]}}],"collection":[{"href":"https:\/\/www.hotelmarcopolo.it\/hu\/wp-json\/wp\/v2\/pages"}],"about":[{"href":"https:\/\/www.hotelmarcopolo.it\/hu\/wp-json\/wp\/v2\/types\/page"}],"author":[{"embeddable":true,"href":"https:\/\/www.hotelmarcopolo.it\/hu\/wp-json\/wp\/v2\/users\/2"}],"replies":[{"embeddable":true,"href":"https:\/\/www.hotelmarcopolo.it\/hu\/wp-json\/wp\/v2\/comments?post=5440"}],"version-history":[{"count":0,"href":"https:\/\/www.hotelmarcopolo.it\/hu\/wp-json\/wp\/v2\/pages\/5440\/revisions"}],"wp:attachment":[{"href":"https:\/\/www.hotelmarcopolo.it\/hu\/wp-json\/wp\/v2\/media?parent=5440"}],"curies":[{"name":"wp","href":"https:\/\/api.w.org\/{rel}","templated":true}]}}