{"id":5465,"date":"2021-05-28T15:06:38","date_gmt":"2021-05-28T13:06:38","guid":{"rendered":"https:\/\/www.hotelmarcopolo.it\/pet-friendly\/"},"modified":"2023-06-14T12:04:50","modified_gmt":"2023-06-14T10:04:50","slug":"hazisllatok-szamara-alkalmas","status":"publish","type":"page","link":"https:\/\/www.hotelmarcopolo.it\/hu\/hazisllatok-szamara-alkalmas\/","title":{"rendered":"H\u00e1zi\u00e1llatok sz\u00e1m\u00e1ra alkalmas"},"content":{"rendered":"<p>[vc_row css=&#8221;.vc_custom_1633956562957{margin-top: 80px !important;margin-bottom: 40px !important;}&#8221;][vc_column] <h2 style=\"color:#1c1c1c;padding:px;text-align:;font-size:35px;line-height:40px;letter-spacing: px;font-weight:\" class=\"    \">N\u00e9gyl\u00e1b\u00fa bar\u00e1taira gondolunk<\/h2> <div style=\"background-color:;height: 50px\" class=\"nicdark_section  \"><\/div>[vc_single_image image=&#8221;8693&#8243; img_size=&#8221;large&#8221;][vc_row_inner][vc_column_inner]<div style=\"background-color:;height: 25px\" class=\"nicdark_section  \"><\/div>[vc_column_text]Sz\u00e1munkra a csal\u00e1d \u0151k is, <strong>n\u00e9gyl\u00e1b\u00fa bar\u00e1taink!<\/strong><\/p>\n<p>\u00c9rkez\u00e9skor egy keksz \u00e9s egy \u00f6lel\u00e9s a titka annak, hogy otthon \u00e9rezz\u00e9k magukat, \u00e9s ottl\u00e9t\u00fck sor\u00e1n gondoskodunk arr\u00f3l, hogy mindig megkapj\u00e1k a sz\u00fcks\u00e9ges k\u00e9nyelmet.<\/p>\n<p>A k\u00f6rnyezet fert\u0151tlen\u00edt\u00e9s\u00e9re Ozonclean technol\u00f3gi\u00e1t haszn\u00e1lunk, amely m\u00e9lyen fert\u0151tlen\u00edt \u00e9s elker\u00fcli a rossz szagot<\/p>\n<p>Annak \u00e9rdek\u00e9ben, hogy tart\u00f3zkod\u00e1sa k\u00fcl\u00f6nleges legyen, olyan egyszer\u0171, de hasznos szolg\u00e1ltat\u00e1sokat gondoltunk, amelyeket \u00d6nnek aj\u00e1nlunk a n\u00e8gyl\u00e0bu bar\u00e0taira kezel\u00e9s\u00e9hez!<\/p>\n<p>Mindig megtal\u00e1lja a szob\u00e1j\u00e1ban :<\/p>\n<ul>\n<li>T\u00e1l \u00e9tel \u00e9s v\u00edz t\u00e1rol\u00e1s\u00e1ra kis \u00fcdv\u00f6zl\u0151k\u00e9szlettel<\/li>\n<li>Speci\u00e1lis sz\u0151nyeg n\u00e9gyl\u00e1b\u00fa bar\u00e1tj\u00e1nak, ahol pihenhet<\/li>\n<\/ul>\n<p>Ig\u00e9ny szerint a recepci\u00f3n<\/p>\n<ul>\n<li>Higi\u00e9nikus t\u00e1sk\u00e1k mindig rendelkez\u00e9sre \u00e1llnak, amikor s\u00e9t\u00e1lni indul<\/li>\n<li>Inform\u00e1ci\u00f3k azokr\u00f3l a parkokr\u00f3l \u00e9s ter\u00fcletekr\u0151l, ahol kedvence szabadon futhat \u00e9s sz\u00f3rakozhat<\/li>\n<li>\u00c1llatorvosi kapcsolat a szomsz\u00e9dos szakrendel\u0151vel, a nap 24 \u00f3r\u00e1j\u00e1ban \u00fcgyeletben<\/li>\n<li>Kutyamos\u00e1si szolg\u00e1ltat\u00e1s k\u00e9r\u00e9sre<\/li>\n<li>Zamatos finoms\u00e1gok mindig el\u00e9rhet\u0151ek<\/li>\n<li>Higi\u00e9nikus \u00e9s nedves t\u00f6rl\u0151kend\u0151k<\/li>\n<li>Illat<\/li>\n<\/ul>\n<p>[\/vc_column_text][\/vc_column_inner][\/vc_row_inner][\/vc_column][\/vc_row][vc_row][vc_column width=&#8221;1\/3&#8243;][vc_single_image image=&#8221;8679&#8243; img_size=&#8221;full&#8221;][\/vc_column][vc_column width=&#8221;1\/3&#8243;][vc_single_image image=&#8221;2280&#8243; img_size=&#8221;full&#8221;][\/vc_column][vc_column width=&#8221;1\/3&#8243;][vc_single_image image=&#8221;8686&#8243; img_size=&#8221;full&#8221;][\/vc_column][\/vc_row][vc_row][vc_column]<div style=\"background-color:;height: 25px\" class=\"nicdark_section  \"><\/div>[vc_column_text]<strong>Akad\u00e1lymentes helyis\u00e9gek a sz\u00e1llod\u00e1ban:<\/strong> tSz\u00e1llod\u00e1nk minden k\u00f6z\u00f6s helyis\u00e9ge el\u00e9rhet\u0151 kis\u00e1llat k\u00eds\u00e9r\u0151i sz\u00e1m\u00e1ra, m\u00e1sokat tiszteletben tartva (n\u00e9gyl\u00e1b\u00fa bar\u00e1tainkat szeretve vagy nem) tal\u00e1lunk reggelire megfelel\u0151 sz\u00e1ll\u00e1st.<\/p>\n<p><strong>Takar\u00edt\u00e1s<\/strong>: Minden n\u00e9gyl\u00e1b\u00fa \u00e9s k\u00e9tl\u00e1b\u00fa \u00fcgyfel\u00fcnk tekintet\u00e9ben a tart\u00f3zkod\u00e1s v\u00e9g\u00e9n <strong>minden helyis\u00e9get fert\u0151tlen\u00edt\u00fcnk<\/strong> speci\u00e1lis \u00e9s antiallerg\u00e9n mos\u00f3szerrel, hogy minden v\u00e1s\u00e1rl\u00f3nk biztons\u00e1gban \u00e9s el\u00e9gedetten \u00e9rezze mag\u00e1t. Emiatt v\u00e9gs\u0151 fel\u00e1rat kell fizetni (20,00 \u20ac \u00e1llatonk\u00e9nt), ahol a napi \u00e9s a v\u00e9gs\u0151 takar\u00edt\u00e1s m\u00e1r benne van.[\/vc_column_text]<div style=\"background-color:;height: 50px\" class=\"nicdark_section  \"><\/div>[\/vc_column][\/vc_row][vc_row full_width=&#8221;stretch_row&#8221; css=&#8221;.vc_custom_1634140057801{padding-top: 50px !important;padding-bottom: 50px !important;background-color: #f2f2f2 !important;}&#8221; el_class=&#8221;.servizi-pet&#8221;][vc_column] <h2 style=\"color:;padding:px;text-align:;font-size:px;line-height:px;letter-spacing: px;font-weight:\" class=\"    \">Mindig magammal vihetem a kedvencemet?<\/h2> [vc_column_text]<\/p>\n<p>[\/vc_column_text][vc_row_inner gap=&#8221;15&#8243;][vc_column_inner el_class=&#8221;.col-pet&#8221; width=&#8221;1\/3&#8243; css=&#8221;.vc_custom_1633592371978{background-color: #ffffff !important;}&#8221;]\n\n    <div class=\"nd_options_section \">    \n        <h1 style=\"color:\" class=\"nd_options_font_size_40\"><strong><span style=\"color:\">.<\/span> Sz\u00e0loda<\/strong><\/h1>\n        <div class=\"nd_options_section nd_options_height_20\"><\/div>\n        <p style=\"color:\"><\/p>\n<ul>\n<li>B\u00e1rmilyen m\u00e9ret\u0171 kutya megengedett<\/li>\n<li>Szab\u00e1lyozott hozz\u00e1f\u00e9r\u00e9s<\/li>\n<li>V\u00edztart\u00f3 ed\u00e9nyek<\/li>\n<li>Higi\u00e9nikus t\u00e1sk\u00e1k<\/li>\n<li>\u00dcdv\u00f6zl\u0151aj\u00e1nd\u00e9k<\/li>\n<\/ul>\n<p><\/p>\n    <\/div>\n\n  [\/vc_column_inner][vc_column_inner el_class=&#8221;.col-pet&#8221; width=&#8221;1\/3&#8243; css=&#8221;.vc_custom_1633592382638{background-color: #ffffff !important;}&#8221;]\n\n    <div class=\"nd_options_section \">    \n        <h1 style=\"color:\" class=\"nd_options_font_size_40\"><strong><span style=\"color:\">.<\/span> Szoba<\/strong><\/h1>\n        <div class=\"nd_options_section nd_options_height_20\"><\/div>\n        <p style=\"color:\"><\/p>\n<ul>\n<li>Kutya\u00e1gy vagy p\u00e1rna<\/li>\n<li>T\u00e1lak<\/li>\n<li>Erk\u00e9ly<\/li>\n<li>Higi\u00e9nia Ozonclean-nel<\/li>\n<\/ul>\n<p><\/p>\n    <\/div>\n\n  [\/vc_column_inner][vc_column_inner el_class=&#8221;.col-pet&#8221; width=&#8221;1\/3&#8243; css=&#8221;.vc_custom_1633592400262{background-color: #ffffff !important;}&#8221;]\n\n    <div class=\"nd_options_section \">    \n        <h1 style=\"color:\" class=\"nd_options_font_size_40\"><strong><span style=\"color:\">.<\/span> Strand<\/strong><\/h1>\n        <div class=\"nd_options_section nd_options_height_20\"><\/div>\n        <p style=\"color:\"><\/p>\n<ul>\n<li>Szab\u00e1lyozott hozz\u00e1f\u00e9r\u00e9s<\/li>\n<li>Kuty\u00e1k sz\u00e1m\u00e1ra fenntartott zuhanyz\u00f3k<\/li>\n<li>V\u00edztart\u00f3 ed\u00e9nyek<\/li>\n<li>Kis lap\u00e1tk\u00e0k<\/li>\n<li>Higi\u00e9nikus t\u00e1sk\u00e1k<\/li>\n<li>A tengerhez val\u00f3 hozz\u00e1f\u00e9r\u00e9s kuty\u00e1k sz\u00e1m\u00e1ra<\/li>\n<li>Nyilv\u00e1nos kert kutyater\u00fclettel<\/li>\n<\/ul>\n<p><\/p>\n    <\/div>\n\n  [\/vc_column_inner][\/vc_row_inner][\/vc_column][\/vc_row][vc_row][vc_column]<div style=\"background-color:;height: 25px\" class=\"nicdark_section  \"><\/div> <h3 style=\"color:#1c1c1c;padding:px;text-align:;font-size:25px;line-height:35px;letter-spacing: px;font-weight:\" class=\"    \">Nagy odafigyel\u00e9s r\u00e1juk a sz\u00e1llod\u00e1ban \u00e9s a tengerparton<\/h3> <div style=\"background-color:;height: 35px\" class=\"nicdark_section  \"><\/div>[vc_row_inner][vc_column_inner width=&#8221;1\/4&#8243;][vc_single_image image=&#8221;1568&#8243; img_size=&#8221;full&#8221;][\/vc_column_inner][vc_column_inner width=&#8221;3\/4&#8243;][vc_column_text]Sz\u00e1llod\u00e1nk csatlakozik a <strong>Bau Bau Beach<\/strong> projekthez, hogy teljes k\u00f6r\u0171 szolg\u00e1ltat\u00e1st ny\u00fajtson sz\u0151r\u00f6s bar\u00e1tainknak! Sz\u00e1llod\u00e1nkt\u00f3l 1 kilom\u00e9terre tal\u00e1lhat\u00f3 a kiz\u00e1r\u00f3lag \u00e1llatoknak szentelt strand, egy naperny\u0151 \u00e9s k\u00e9t napoz\u00f3\u00e1gy foglalhat\u00f3, a meg\u00e1llapod\u00e1s \u00e9vszakt\u00f3l f\u00fcgg\u0151en 10-20% kedvezm\u00e9nyt biztos\u00edt.[\/vc_column_text][\/vc_column_inner][\/vc_row_inner]<div style=\"background-color:;height: 70px\" class=\"nicdark_section  \"><\/div>[\/vc_column][\/vc_row]<\/p>\n","protected":false},"excerpt":{"rendered":"<p>[vc_row css=&#8221;.vc_custom_1633956562957{margin-top: 80px !important;margin-bottom: 40px !important;}&#8221;][vc_column][vc_single_image image=&#8221;8693&#8243; img_size=&#8221;large&#8221;][vc_row_inner][vc_column_inner][vc_column_text]Sz\u00e1munkra a csal\u00e1d \u0151k is, n\u00e9gyl\u00e1b\u00fa bar\u00e1taink! \u00c9rkez\u00e9skor egy keksz \u00e9s egy \u00f6lel\u00e9s a titka annak, hogy otthon \u00e9rezz\u00e9k magukat, \u00e9s ottl\u00e9t\u00fck sor\u00e1n gondoskodunk arr\u00f3l, hogy mindig megkapj\u00e1k a sz\u00fcks\u00e9ges k\u00e9nyelmet. A k\u00f6rnyezet fert\u0151tlen\u00edt\u00e9s\u00e9re Ozonclean technol\u00f3gi\u00e1t haszn\u00e1lunk, amely m\u00e9lyen fert\u0151tlen\u00edt \u00e9s elker\u00fcli a rossz szagot Annak \u00e9rdek\u00e9ben, hogy [&hellip;]<\/p>\n","protected":false},"author":2,"featured_media":0,"parent":0,"menu_order":0,"comment_status":"closed","ping_status":"closed","template":"","meta":{"footnotes":""},"class_list":["post-5465","page","type-page","status-publish","hentry"],"yoast_head":"<!-- This site is optimized with the Yoast SEO plugin v21.5 - https:\/\/yoast.com\/wordpress\/plugins\/seo\/ -->\n<title>Kis\u00e1llathotel Jesolo Lid\u00f3ban<\/title>\n<meta name=\"description\" content=\"A kuty\u00e1kat \u00e9s macsk\u00e1kat a csal\u00e1d szerves r\u00e9sz\u00e9nek tekintj\u00fck. Hogy a tied k\u00fcl\u00f6nleges legyen \u00e1lland\u00f3s\u00e1gragondoltunk egyszer\u0171, de hasznos szolg\u00e1ltat\u00e1sokat, amelyeket \u00d6nnek aj\u00e1nlunk a kezel\u00e9s\u00e9hez n\u00e9gyl\u00e1b\u00fabar\u00e1tod. \u00c1prilis v\u00e9g\u00e9ig s\u00e9t\u00e1lhatsz a parton\" \/>\n<meta name=\"robots\" content=\"index, follow, max-snippet:-1, max-image-preview:large, max-video-preview:-1\" \/>\n<link rel=\"canonical\" href=\"https:\/\/www.hotelmarcopolo.it\/hu\/hazisllatok-szamara-alkalmas\/\" \/>\n<meta property=\"og:locale\" content=\"hu_HU\" \/>\n<meta property=\"og:type\" content=\"article\" \/>\n<meta property=\"og:title\" content=\"Kis\u00e1llathotel Jesolo Lid\u00f3ban\" \/>\n<meta property=\"og:description\" content=\"A kuty\u00e1kat \u00e9s macsk\u00e1kat a csal\u00e1d szerves r\u00e9sz\u00e9nek tekintj\u00fck. Hogy a tied k\u00fcl\u00f6nleges legyen \u00e1lland\u00f3s\u00e1gragondoltunk egyszer\u0171, de hasznos szolg\u00e1ltat\u00e1sokat, amelyeket \u00d6nnek aj\u00e1nlunk a kezel\u00e9s\u00e9hez n\u00e9gyl\u00e1b\u00fabar\u00e1tod. \u00c1prilis v\u00e9g\u00e9ig s\u00e9t\u00e1lhatsz a parton\" \/>\n<meta property=\"og:url\" content=\"https:\/\/www.hotelmarcopolo.it\/hu\/hazisllatok-szamara-alkalmas\/\" \/>\n<meta property=\"og:site_name\" content=\"Hotel Marco Polo\" \/>\n<meta property=\"article:modified_time\" content=\"2023-06-14T10:04:50+00:00\" \/>\n<meta name=\"twitter:card\" content=\"summary_large_image\" \/>\n<meta name=\"twitter:label1\" content=\"Becs\u00fclt olvas\u00e1si id\u0151\" \/>\n\t<meta name=\"twitter:data1\" content=\"2 perc\" \/>\n<script type=\"application\/ld+json\" class=\"yoast-schema-graph\">{\"@context\":\"https:\/\/schema.org\",\"@graph\":[{\"@type\":\"WebPage\",\"@id\":\"https:\/\/www.hotelmarcopolo.it\/hu\/hazisllatok-szamara-alkalmas\/\",\"url\":\"https:\/\/www.hotelmarcopolo.it\/hu\/hazisllatok-szamara-alkalmas\/\",\"name\":\"Kis\u00e1llathotel Jesolo Lid\u00f3ban\",\"isPartOf\":{\"@id\":\"https:\/\/www.hotelmarcopolo.it\/hu\/#website\"},\"datePublished\":\"2021-05-28T13:06:38+00:00\",\"dateModified\":\"2023-06-14T10:04:50+00:00\",\"description\":\"A kuty\u00e1kat \u00e9s macsk\u00e1kat a csal\u00e1d szerves r\u00e9sz\u00e9nek tekintj\u00fck. Hogy a tied k\u00fcl\u00f6nleges legyen \u00e1lland\u00f3s\u00e1gragondoltunk egyszer\u0171, de hasznos szolg\u00e1ltat\u00e1sokat, amelyeket \u00d6nnek aj\u00e1nlunk a kezel\u00e9s\u00e9hez n\u00e9gyl\u00e1b\u00fabar\u00e1tod. \u00c1prilis v\u00e9g\u00e9ig s\u00e9t\u00e1lhatsz a parton\",\"breadcrumb\":{\"@id\":\"https:\/\/www.hotelmarcopolo.it\/hu\/hazisllatok-szamara-alkalmas\/#breadcrumb\"},\"inLanguage\":\"hu\",\"potentialAction\":[{\"@type\":\"ReadAction\",\"target\":[\"https:\/\/www.hotelmarcopolo.it\/hu\/hazisllatok-szamara-alkalmas\/\"]}]},{\"@type\":\"BreadcrumbList\",\"@id\":\"https:\/\/www.hotelmarcopolo.it\/hu\/hazisllatok-szamara-alkalmas\/#breadcrumb\",\"itemListElement\":[{\"@type\":\"ListItem\",\"position\":1,\"name\":\"Home\",\"item\":\"https:\/\/www.hotelmarcopolo.it\/hu\/\"},{\"@type\":\"ListItem\",\"position\":2,\"name\":\"H\u00e1zi\u00e1llatok sz\u00e1m\u00e1ra alkalmas\"}]},{\"@type\":\"WebSite\",\"@id\":\"https:\/\/www.hotelmarcopolo.it\/hu\/#website\",\"url\":\"https:\/\/www.hotelmarcopolo.it\/hu\/\",\"name\":\"Hotel Marco Polo\",\"description\":\"Un nuovo sito targato WordPress\",\"potentialAction\":[{\"@type\":\"SearchAction\",\"target\":{\"@type\":\"EntryPoint\",\"urlTemplate\":\"https:\/\/www.hotelmarcopolo.it\/hu\/?s={search_term_string}\"},\"query-input\":\"required name=search_term_string\"}],\"inLanguage\":\"hu\"}]}<\/script>\n<!-- \/ Yoast SEO plugin. -->","yoast_head_json":{"title":"Kis\u00e1llathotel Jesolo Lid\u00f3ban","description":"A kuty\u00e1kat \u00e9s macsk\u00e1kat a csal\u00e1d szerves r\u00e9sz\u00e9nek tekintj\u00fck. Hogy a tied k\u00fcl\u00f6nleges legyen \u00e1lland\u00f3s\u00e1gragondoltunk egyszer\u0171, de hasznos szolg\u00e1ltat\u00e1sokat, amelyeket \u00d6nnek aj\u00e1nlunk a kezel\u00e9s\u00e9hez n\u00e9gyl\u00e1b\u00fabar\u00e1tod. \u00c1prilis v\u00e9g\u00e9ig s\u00e9t\u00e1lhatsz a parton","robots":{"index":"index","follow":"follow","max-snippet":"max-snippet:-1","max-image-preview":"max-image-preview:large","max-video-preview":"max-video-preview:-1"},"canonical":"https:\/\/www.hotelmarcopolo.it\/hu\/hazisllatok-szamara-alkalmas\/","og_locale":"hu_HU","og_type":"article","og_title":"Kis\u00e1llathotel Jesolo Lid\u00f3ban","og_description":"A kuty\u00e1kat \u00e9s macsk\u00e1kat a csal\u00e1d szerves r\u00e9sz\u00e9nek tekintj\u00fck. Hogy a tied k\u00fcl\u00f6nleges legyen \u00e1lland\u00f3s\u00e1gragondoltunk egyszer\u0171, de hasznos szolg\u00e1ltat\u00e1sokat, amelyeket \u00d6nnek aj\u00e1nlunk a kezel\u00e9s\u00e9hez n\u00e9gyl\u00e1b\u00fabar\u00e1tod. \u00c1prilis v\u00e9g\u00e9ig s\u00e9t\u00e1lhatsz a parton","og_url":"https:\/\/www.hotelmarcopolo.it\/hu\/hazisllatok-szamara-alkalmas\/","og_site_name":"Hotel Marco Polo","article_modified_time":"2023-06-14T10:04:50+00:00","twitter_card":"summary_large_image","twitter_misc":{"Becs\u00fclt olvas\u00e1si id\u0151":"2 perc"},"schema":{"@context":"https:\/\/schema.org","@graph":[{"@type":"WebPage","@id":"https:\/\/www.hotelmarcopolo.it\/hu\/hazisllatok-szamara-alkalmas\/","url":"https:\/\/www.hotelmarcopolo.it\/hu\/hazisllatok-szamara-alkalmas\/","name":"Kis\u00e1llathotel Jesolo Lid\u00f3ban","isPartOf":{"@id":"https:\/\/www.hotelmarcopolo.it\/hu\/#website"},"datePublished":"2021-05-28T13:06:38+00:00","dateModified":"2023-06-14T10:04:50+00:00","description":"A kuty\u00e1kat \u00e9s macsk\u00e1kat a csal\u00e1d szerves r\u00e9sz\u00e9nek tekintj\u00fck. Hogy a tied k\u00fcl\u00f6nleges legyen \u00e1lland\u00f3s\u00e1gragondoltunk egyszer\u0171, de hasznos szolg\u00e1ltat\u00e1sokat, amelyeket \u00d6nnek aj\u00e1nlunk a kezel\u00e9s\u00e9hez n\u00e9gyl\u00e1b\u00fabar\u00e1tod. \u00c1prilis v\u00e9g\u00e9ig s\u00e9t\u00e1lhatsz a parton","breadcrumb":{"@id":"https:\/\/www.hotelmarcopolo.it\/hu\/hazisllatok-szamara-alkalmas\/#breadcrumb"},"inLanguage":"hu","potentialAction":[{"@type":"ReadAction","target":["https:\/\/www.hotelmarcopolo.it\/hu\/hazisllatok-szamara-alkalmas\/"]}]},{"@type":"BreadcrumbList","@id":"https:\/\/www.hotelmarcopolo.it\/hu\/hazisllatok-szamara-alkalmas\/#breadcrumb","itemListElement":[{"@type":"ListItem","position":1,"name":"Home","item":"https:\/\/www.hotelmarcopolo.it\/hu\/"},{"@type":"ListItem","position":2,"name":"H\u00e1zi\u00e1llatok sz\u00e1m\u00e1ra alkalmas"}]},{"@type":"WebSite","@id":"https:\/\/www.hotelmarcopolo.it\/hu\/#website","url":"https:\/\/www.hotelmarcopolo.it\/hu\/","name":"Hotel Marco Polo","description":"Un nuovo sito targato WordPress","potentialAction":[{"@type":"SearchAction","target":{"@type":"EntryPoint","urlTemplate":"https:\/\/www.hotelmarcopolo.it\/hu\/?s={search_term_string}"},"query-input":"required name=search_term_string"}],"inLanguage":"hu"}]}},"_links":{"self":[{"href":"https:\/\/www.hotelmarcopolo.it\/hu\/wp-json\/wp\/v2\/pages\/5465","targetHints":{"allow":["GET"]}}],"collection":[{"href":"https:\/\/www.hotelmarcopolo.it\/hu\/wp-json\/wp\/v2\/pages"}],"about":[{"href":"https:\/\/www.hotelmarcopolo.it\/hu\/wp-json\/wp\/v2\/types\/page"}],"author":[{"embeddable":true,"href":"https:\/\/www.hotelmarcopolo.it\/hu\/wp-json\/wp\/v2\/users\/2"}],"replies":[{"embeddable":true,"href":"https:\/\/www.hotelmarcopolo.it\/hu\/wp-json\/wp\/v2\/comments?post=5465"}],"version-history":[{"count":0,"href":"https:\/\/www.hotelmarcopolo.it\/hu\/wp-json\/wp\/v2\/pages\/5465\/revisions"}],"wp:attachment":[{"href":"https:\/\/www.hotelmarcopolo.it\/hu\/wp-json\/wp\/v2\/media?parent=5465"}],"curies":[{"name":"wp","href":"https:\/\/api.w.org\/{rel}","templated":true}]}}