{"id":12257,"date":"2024-12-17T15:02:58","date_gmt":"2024-12-17T14:02:58","guid":{"rendered":"https:\/\/www.hotelmarcopolo.it\/events\/"},"modified":"2024-12-17T18:10:28","modified_gmt":"2024-12-17T17:10:28","slug":"dogodki","status":"publish","type":"page","link":"https:\/\/www.hotelmarcopolo.it\/sk\/dogodki\/","title":{"rendered":"Dogodki"},"content":{"rendered":"<p>[vc_row][vc_column][vc_raw_html]JTNDZGl2JTIwY2xhc3MlM0QlMjJldmVudHMtd3JhcHBlciUyMiUzRSUwQSUyMCUyMCU1Qmpzb25jb250ZW50aW1wb3J0ZXIlMjB1cmwlM0QlMjJodHRwcyUzQSUyRiUyRnd3dy40amVzb2xvZXZlbnRzLml0JTJGZW4lMkZnZXQlMkZsaXN0aW1hZ2UlMkZqc29uJTIyJTIwbnVtYmVyb2ZkaXNwbGF5ZWRpdGVtcyUzRCUyMi0xJTIyJTIwYmFzZW5vZGUlM0QlMjJJdGVtcyUyMiU1RCUwQSUyMCUyMCUyMCUyMCU3QnN1Ymxvb3AlM0FpdGVtJTNBMSU3RCUwQSUyMCUyMCUyMCUyMCUyMCUyMCUzQ2RpdiUyMGNsYXNzJTNEJTIyZXZlbnQlMjIlM0UlMEElMjAlMjAlMjAlMjAlMjAlMjAlMjAlMjAlM0NkaXYlMjBjbGFzcyUzRCUyMmV2ZW50LWltYWdlJTIyJTNFJTBBJTIwJTIwJTIwJTIwJTIwJTIwJTIwJTIwJTIwJTIwJTNDaW1nJTIwc3JjJTNEJTIyJTdCY29wZXJ0aW5hJTdEJTIyJTIwYWx0JTNEJTIyJTIyJTNFJTBBJTIwJTIwJTIwJTIwJTIwJTIwJTIwJTIwJTNDJTJGZGl2JTNFJTBBJTIwJTIwJTIwJTIwJTIwJTIwJTIwJTIwJTNDZGl2JTIwY2xhc3MlM0QlMjJldmVudC1jb250ZW50JTIyJTNFJTBBJTIwJTIwJTIwJTIwJTIwJTIwJTIwJTIwJTIwJTIwJTNDaDElM0UlN0J0aXRvbG8lN0QlM0MlMkZoMSUzRSUwQSUyMCUyMCUyMCUyMCUyMCUyMCUyMCUyMCUyMCUyMCUzQ2RpdiUyMGNsYXNzJTNEJTIyZXZlbnQtZGF0ZSUyMiUzRSUwQSUyMCUyMCUyMCUyMCUyMCUyMCUyMCUyMCUyMCUyMCUyMCUyMCU3QmluaXppbyU3RCUyMC0lMjAlN0JmaW5lJTdEJTBBJTIwJTIwJTIwJTIwJTIwJTIwJTIwJTIwJTIwJTIwJTNDJTJGZGl2JTNFJTBBJTIwJTIwJTIwJTIwJTIwJTIwJTIwJTIwJTIwJTIwJTNDZGl2JTIwY2xhc3MlM0QlMjJldmVudC10ZXh0JTIyJTNFJTBBJTIwJTIwJTIwJTIwJTIwJTIwJTIwJTIwJTIwJTIwJTIwJTIwJTdCY29ycG8lN0QlMEElMjAlMjAlMjAlMjAlMjAlMjAlMjAlMjAlMjAlMjAlM0MlMkZkaXYlM0UlMEElMjAlMjAlMjAlMjAlMjAlMjAlMjAlMjAlM0MlMkZkaXYlM0UlMEElMjAlMjAlMjAlMjAlMjAlMjAlM0MlMkZkaXYlM0UlMEElMjAlMjAlMjAlMjAlN0IlMkZzdWJsb29wJTNBaXRlbSU3RCUwQSUyMCUyMCU1QiUyRmpzb25jb250ZW50aW1wb3J0ZXIlNUQlMEElM0MlMkZkaXYlM0UlMEElMEElM0NzY3JpcHQlMjBzcmMlM0QlMjJodHRwcyUzQSUyRiUyRmNkbmpzLmNsb3VkZmxhcmUuY29tJTJGYWpheCUyRmxpYnMlMkZSZWFkbW9yZS5qcyUyRjIuMC4yJTJGcmVhZG1vcmUubWluLmpzJTIyJTBBJTIwJTIwaW50ZWdyaXR5JTNEJTIyc2hhNTEyLWxsV3REUjNrMDlwYTluT0JmdXRRbnJTMmtJRUc3TTZabTdSSWpWVkxOYWIxd1JzOE5VbUEwT2pBRTM4akt6S2VDZyUyQkEzcmRxOEFWVzQxWlRzZmh1NVElM0QlM0QlMjIlMEElMjAlMjBjcm9zc29yaWdpbiUzRCUyMmFub255bW91cyUyMiUyMHJlZmVycmVycG9saWN5JTNEJTIybm8tcmVmZXJyZXIlMjIlM0UlM0MlMkZzY3JpcHQlM0UlMEElMEElM0NzY3JpcHQlM0UlMEElMjAlMjBqUXVlcnklMjhkb2N1bWVudCUyOS5yZWFkeSUyOGZ1bmN0aW9uJTIwJTI4JTI5JTIwJTdCJTBBJTIwJTIwJTIwJTIwalF1ZXJ5JTI4JTI3LmV2ZW50JTI3JTI5LmVhY2glMjhmdW5jdGlvbiUyMCUyOCUyOSUyMCU3QiUwQSUyMCUyMCUyMCUyMCUyMCUyMGpRdWVyeSUyOHRoaXMlMjkuZmluZCUyOCUyNy5ldmVudC10ZXh0JTI3JTI5LnJlYWRtb3JlJTI4JTdCJTBBJTIwJTIwJTIwJTIwJTIwJTIwJTIwJTIwc3BlZWQlM0ElMjA3NSUyQyUwQSUyMCUyMCUyMCUyMCUyMCUyMCUyMCUyMG1vcmVMaW5rJTNBJTIwJTI3JTNDYSUyMGhyZWYlM0QlMjIlMjMlMjIlM0VSZWFkJTIwTW9yZSUzQyUyRmElM0UlMjclMkMlMEElMjAlMjAlMjAlMjAlMjAlMjAlMjAlMjBsZXNzTGluayUzQSUyMCUyNyUzQ2ElMjBocmVmJTNEJTIyJTIzJTIyJTNFUmVhZCUyMExlc3MlM0MlMkZhJTNFJTI3JTBBJTIwJTIwJTIwJTIwJTIwJTIwJTdEJTI5JTNCJTBBJTIwJTIwJTIwJTIwJTdEJTI5JTNCJTBBJTIwJTIwJTdEJTI5JTNCJTBBJTNDJTJGc2NyaXB0JTNFJTBBJTBBJTNDc3R5bGUlM0UlMEElMjAlMjAuZXZlbnRzLXdyYXBwZXIlMjAlN0IlMEElMjAlMjAlMjAlMjBkaXNwbGF5JTNBJTIwZ3JpZCUzQiUwQSUyMCUyMCUyMCUyMGdyaWQtdGVtcGxhdGUtY29sdW1ucyUzQSUyMHJlcGVhdCUyODMlMkMlMjBtaW5tYXglMjgwJTJDJTIwMWZyJTI5JTI5JTNCJTBBJTIwJTIwJTIwJTIwZ2FwJTNBJTIwMjVweCUzQiUwQSUyMCUyMCUyMCUyMG1hcmdpbiUzQSUyMDUwcHglMjAwJTNCJTBBJTIwJTIwJTdEJTBBJTBBJTIwJTIwLmV2ZW50JTIwaW1nJTIwJTdCJTBBJTIwJTIwJTIwJTIwd2lkdGglM0ElMjAxMDAlMjUlM0IlMEElMjAlMjAlMjAlMjB0ZXh0LWFsaWduJTNBJTIwY2VudGVyJTNCJTBBJTIwJTIwJTIwJTIwaGVpZ2h0JTNBJTIwMzUwcHglM0IlMEElMjAlMjAlMjAlMjBvYmplY3QtZml0JTNBJTIwY292ZXIlM0IlMEElMjAlMjAlN0QlMEElMEElMjAlMjAuZXZlbnQlMjAlN0IlMEElMjAlMjAlMjAlMjB0ZXh0LWFsaWduJTNBJTIwY2VudGVyJTNCJTBBJTIwJTIwJTdEJTBBJTBBJTIwJTIwLmV2ZW50JTIwaDElMjAlN0IlMEElMjAlMjAlMjAlMjBmb250LXNpemUlM0ElMjAyMHB4JTNCJTBBJTIwJTIwJTdEJTBBJTBBJTIwJTIwLmV2ZW50LWRhdGUlMjAlN0IlMEElMjAlMjAlMjAlMjBmb250LXdlaWdodCUzQSUyMGJvbGQlM0IlMEElMjAlMjAlMjAlMjBtYXJnaW4lM0ElMjAxMHB4JTIwMCUzQiUwQSUyMCUyMCU3RCUwQSUwQSUyMCUyMC5ldmVudC1jb250ZW50JTIwJTdCJTBBJTIwJTIwJTIwJTIwcGFkZGluZyUzQSUyMDE1cHglMjAwJTNCJTBBJTIwJTIwJTdEJTBBJTBBJTIwJTIwLmV2ZW50LXRleHQlMjAlN0IlMEElMjAlMjAlMjAlMjBvdmVyZmxvdyUzQSUyMGhpZGRlbiUzQiUwQSUyMCUyMCU3RCUwQSUwQSUyMCUyMCU0MG1lZGlhJTIwJTI4bWF4LXdpZHRoJTNBJTIwNzY3cHglMjklMjAlN0IlMEElMjAlMjAlMjAlMjAuZXZlbnRzLXdyYXBwZXIlMjAlN0IlMEElMjAlMjAlMjAlMjAlMjAlMjBncmlkLXRlbXBsYXRlLWNvbHVtbnMlM0ElMjBhdXRvJTNCJTBBJTIwJTIwJTIwJTIwJTdEJTBBJTIwJTIwJTdEJTBBJTNDJTJGc3R5bGUlM0U=[\/vc_raw_html][\/vc_column][\/vc_row]<\/p>\n","protected":false},"excerpt":{"rendered":"<p>[vc_row][vc_column][vc_raw_html]JTNDZGl2JTIwY2xhc3MlM0QlMjJldmVudHMtd3JhcHBlciUyMiUzRSUwQSUyMCUyMCU1Qmpzb25jb250ZW50aW1wb3J0ZXIlMjB1cmwlM0QlMjJodHRwcyUzQSUyRiUyRnd3dy40amVzb2xvZXZlbnRzLml0JTJGZW4lMkZnZXQlMkZsaXN0aW1hZ2UlMkZqc29uJTIyJTIwbnVtYmVyb2ZkaXNwbGF5ZWRpdGVtcyUzRCUyMi0xJTIyJTIwYmFzZW5vZGUlM0QlMjJJdGVtcyUyMiU1RCUwQSUyMCUyMCUyMCUyMCU3QnN1Ymxvb3AlM0FpdGVtJTNBMSU3RCUwQSUyMCUyMCUyMCUyMCUyMCUyMCUzQ2RpdiUyMGNsYXNzJTNEJTIyZXZlbnQlMjIlM0UlMEElMjAlMjAlMjAlMjAlMjAlMjAlMjAlMjAlM0NkaXYlMjBjbGFzcyUzRCUyMmV2ZW50LWltYWdlJTIyJTNFJTBBJTIwJTIwJTIwJTIwJTIwJTIwJTIwJTIwJTIwJTIwJTNDaW1nJTIwc3JjJTNEJTIyJTdCY29wZXJ0aW5hJTdEJTIyJTIwYWx0JTNEJTIyJTIyJTNFJTBBJTIwJTIwJTIwJTIwJTIwJTIwJTIwJTIwJTNDJTJGZGl2JTNFJTBBJTIwJTIwJTIwJTIwJTIwJTIwJTIwJTIwJTNDZGl2JTIwY2xhc3MlM0QlMjJldmVudC1jb250ZW50JTIyJTNFJTBBJTIwJTIwJTIwJTIwJTIwJTIwJTIwJTIwJTIwJTIwJTNDaDElM0UlN0J0aXRvbG8lN0QlM0MlMkZoMSUzRSUwQSUyMCUyMCUyMCUyMCUyMCUyMCUyMCUyMCUyMCUyMCUzQ2RpdiUyMGNsYXNzJTNEJTIyZXZlbnQtZGF0ZSUyMiUzRSUwQSUyMCUyMCUyMCUyMCUyMCUyMCUyMCUyMCUyMCUyMCUyMCUyMCU3QmluaXppbyU3RCUyMC0lMjAlN0JmaW5lJTdEJTBBJTIwJTIwJTIwJTIwJTIwJTIwJTIwJTIwJTIwJTIwJTNDJTJGZGl2JTNFJTBBJTIwJTIwJTIwJTIwJTIwJTIwJTIwJTIwJTIwJTIwJTNDZGl2JTIwY2xhc3MlM0QlMjJldmVudC10ZXh0JTIyJTNFJTBBJTIwJTIwJTIwJTIwJTIwJTIwJTIwJTIwJTIwJTIwJTIwJTIwJTdCY29ycG8lN0QlMEElMjAlMjAlMjAlMjAlMjAlMjAlMjAlMjAlMjAlMjAlM0MlMkZkaXYlM0UlMEElMjAlMjAlMjAlMjAlMjAlMjAlMjAlMjAlM0MlMkZkaXYlM0UlMEElMjAlMjAlMjAlMjAlMjAlMjAlM0MlMkZkaXYlM0UlMEElMjAlMjAlMjAlMjAlN0IlMkZzdWJsb29wJTNBaXRlbSU3RCUwQSUyMCUyMCU1QiUyRmpzb25jb250ZW50aW1wb3J0ZXIlNUQlMEElM0MlMkZkaXYlM0UlMEElMEElM0NzY3JpcHQlMjBzcmMlM0QlMjJodHRwcyUzQSUyRiUyRmNkbmpzLmNsb3VkZmxhcmUuY29tJTJGYWpheCUyRmxpYnMlMkZSZWFkbW9yZS5qcyUyRjIuMC4yJTJGcmVhZG1vcmUubWluLmpzJTIyJTBBJTIwJTIwaW50ZWdyaXR5JTNEJTIyc2hhNTEyLWxsV3REUjNrMDlwYTluT0JmdXRRbnJTMmtJRUc3TTZabTdSSWpWVkxOYWIxd1JzOE5VbUEwT2pBRTM4akt6S2VDZyUyQkEzcmRxOEFWVzQxWlRzZmh1NVElM0QlM0QlMjIlMEElMjAlMjBjcm9zc29yaWdpbiUzRCUyMmFub255bW91cyUyMiUyMHJlZmVycmVycG9saWN5JTNEJTIybm8tcmVmZXJyZXIlMjIlM0UlM0MlMkZzY3JpcHQlM0UlMEElMEElM0NzY3JpcHQlM0UlMEElMjAlMjBqUXVlcnklMjhkb2N1bWVudCUyOS5yZWFkeSUyOGZ1bmN0aW9uJTIwJTI4JTI5JTIwJTdCJTBBJTIwJTIwJTIwJTIwalF1ZXJ5JTI4JTI3LmV2ZW50JTI3JTI5LmVhY2glMjhmdW5jdGlvbiUyMCUyOCUyOSUyMCU3QiUwQSUyMCUyMCUyMCUyMCUyMCUyMGpRdWVyeSUyOHRoaXMlMjkuZmluZCUyOCUyNy5ldmVudC10ZXh0JTI3JTI5LnJlYWRtb3JlJTI4JTdCJTBBJTIwJTIwJTIwJTIwJTIwJTIwJTIwJTIwc3BlZWQlM0ElMjA3NSUyQyUwQSUyMCUyMCUyMCUyMCUyMCUyMCUyMCUyMG1vcmVMaW5rJTNBJTIwJTI3JTNDYSUyMGhyZWYlM0QlMjIlMjMlMjIlM0VSZWFkJTIwTW9yZSUzQyUyRmElM0UlMjclMkMlMEElMjAlMjAlMjAlMjAlMjAlMjAlMjAlMjBsZXNzTGluayUzQSUyMCUyNyUzQ2ElMjBocmVmJTNEJTIyJTIzJTIyJTNFUmVhZCUyMExlc3MlM0MlMkZhJTNFJTI3JTBBJTIwJTIwJTIwJTIwJTIwJTIwJTdEJTI5JTNCJTBBJTIwJTIwJTIwJTIwJTdEJTI5JTNCJTBBJTIwJTIwJTdEJTI5JTNCJTBBJTNDJTJGc2NyaXB0JTNFJTBBJTBBJTNDc3R5bGUlM0UlMEElMjAlMjAuZXZlbnRzLXdyYXBwZXIlMjAlN0IlMEElMjAlMjAlMjAlMjBkaXNwbGF5JTNBJTIwZ3JpZCUzQiUwQSUyMCUyMCUyMCUyMGdyaWQtdGVtcGxhdGUtY29sdW1ucyUzQSUyMHJlcGVhdCUyODMlMkMlMjBtaW5tYXglMjgwJTJDJTIwMWZyJTI5JTI5JTNCJTBBJTIwJTIwJTIwJTIwZ2FwJTNBJTIwMjVweCUzQiUwQSUyMCUyMCUyMCUyMG1hcmdpbiUzQSUyMDUwcHglMjAwJTNCJTBBJTIwJTIwJTdEJTBBJTBBJTIwJTIwLmV2ZW50JTIwaW1nJTIwJTdCJTBBJTIwJTIwJTIwJTIwd2lkdGglM0ElMjAxMDAlMjUlM0IlMEElMjAlMjAlMjAlMjB0ZXh0LWFsaWduJTNBJTIwY2VudGVyJTNCJTBBJTIwJTIwJTIwJTIwaGVpZ2h0JTNBJTIwMzUwcHglM0IlMEElMjAlMjAlMjAlMjBvYmplY3QtZml0JTNBJTIwY292ZXIlM0IlMEElMjAlMjAlN0QlMEElMEElMjAlMjAuZXZlbnQlMjAlN0IlMEElMjAlMjAlMjAlMjB0ZXh0LWFsaWduJTNBJTIwY2VudGVyJTNCJTBBJTIwJTIwJTdEJTBBJTBBJTIwJTIwLmV2ZW50JTIwaDElMjAlN0IlMEElMjAlMjAlMjAlMjBmb250LXNpemUlM0ElMjAyMHB4JTNCJTBBJTIwJTIwJTdEJTBBJTBBJTIwJTIwLmV2ZW50LWRhdGUlMjAlN0IlMEElMjAlMjAlMjAlMjBmb250LXdlaWdodCUzQSUyMGJvbGQlM0IlMEElMjAlMjAlMjAlMjBtYXJnaW4lM0ElMjAxMHB4JTIwMCUzQiUwQSUyMCUyMCU3RCUwQSUwQSUyMCUyMC5ldmVudC1jb250ZW50JTIwJTdCJTBBJTIwJTIwJTIwJTIwcGFkZGluZyUzQSUyMDE1cHglMjAwJTNCJTBBJTIwJTIwJTdEJTBBJTBBJTIwJTIwLmV2ZW50LXRleHQlMjAlN0IlMEElMjAlMjAlMjAlMjBvdmVyZmxvdyUzQSUyMGhpZGRlbiUzQiUwQSUyMCUyMCU3RCUwQSUwQSUyMCUyMCU0MG1lZGlhJTIwJTI4bWF4LXdpZHRoJTNBJTIwNzY3cHglMjklMjAlN0IlMEElMjAlMjAlMjAlMjAuZXZlbnRzLXdyYXBwZXIlMjAlN0IlMEElMjAlMjAlMjAlMjAlMjAlMjBncmlkLXRlbXBsYXRlLWNvbHVtbnMlM0ElMjBhdXRvJTNCJTBBJTIwJTIwJTIwJTIwJTdEJTBBJTIwJTIwJTdEJTBBJTNDJTJGc3R5bGUlM0U=[\/vc_raw_html][\/vc_column][\/vc_row]<\/p>\n","protected":false},"author":5,"featured_media":0,"parent":0,"menu_order":0,"comment_status":"closed","ping_status":"closed","template":"","meta":{"footnotes":""},"class_list":["post-12257","page","type-page","status-publish","hentry"],"yoast_head":"<!-- This site is optimized with the Yoast SEO plugin v21.5 - https:\/\/yoast.com\/wordpress\/plugins\/seo\/ -->\n<title>Dogodki - Hotel Marco Polo<\/title>\n<meta name=\"robots\" content=\"index, follow, max-snippet:-1, max-image-preview:large, max-video-preview:-1\" \/>\n<link rel=\"canonical\" href=\"https:\/\/www.hotelmarcopolo.it\/sk\/dogodki\/\" \/>\n<meta property=\"og:locale\" content=\"sk_SK\" \/>\n<meta property=\"og:type\" content=\"article\" \/>\n<meta property=\"og:title\" content=\"Dogodki - Hotel Marco Polo\" \/>\n<meta property=\"og:description\" content=\"[vc_row][vc_column][vc_raw_html]JTNDZGl2JTIwY2xhc3MlM0QlMjJldmVudHMtd3JhcHBlciUyMiUzRSUwQSUyMCUyMCU1Qmpzb25jb250ZW50aW1wb3J0ZXIlMjB1cmwlM0QlMjJodHRwcyUzQSUyRiUyRnd3dy40amVzb2xvZXZlbnRzLml0JTJGZW4lMkZnZXQlMkZsaXN0aW1hZ2UlMkZqc29uJTIyJTIwbnVtYmVyb2ZkaXNwbGF5ZWRpdGVtcyUzRCUyMi0xJTIyJTIwYmFzZW5vZGUlM0QlMjJJdGVtcyUyMiU1RCUwQSUyMCUyMCUyMCUyMCU3QnN1Ymxvb3AlM0FpdGVtJTNBMSU3RCUwQSUyMCUyMCUyMCUyMCUyMCUyMCUzQ2RpdiUyMGNsYXNzJTNEJTIyZXZlbnQlMjIlM0UlMEElMjAlMjAlMjAlMjAlMjAlMjAlMjAlMjAlM0NkaXYlMjBjbGFzcyUzRCUyMmV2ZW50LWltYWdlJTIyJTNFJTBBJTIwJTIwJTIwJTIwJTIwJTIwJTIwJTIwJTIwJTIwJTNDaW1nJTIwc3JjJTNEJTIyJTdCY29wZXJ0aW5hJTdEJTIyJTIwYWx0JTNEJTIyJTIyJTNFJTBBJTIwJTIwJTIwJTIwJTIwJTIwJTIwJTIwJTNDJTJGZGl2JTNFJTBBJTIwJTIwJTIwJTIwJTIwJTIwJTIwJTIwJTNDZGl2JTIwY2xhc3MlM0QlMjJldmVudC1jb250ZW50JTIyJTNFJTBBJTIwJTIwJTIwJTIwJTIwJTIwJTIwJTIwJTIwJTIwJTNDaDElM0UlN0J0aXRvbG8lN0QlM0MlMkZoMSUzRSUwQSUyMCUyMCUyMCUyMCUyMCUyMCUyMCUyMCUyMCUyMCUzQ2RpdiUyMGNsYXNzJTNEJTIyZXZlbnQtZGF0ZSUyMiUzRSUwQSUyMCUyMCUyMCUyMCUyMCUyMCUyMCUyMCUyMCUyMCUyMCUyMCU3QmluaXppbyU3RCUyMC0lMjAlN0JmaW5lJTdEJTBBJTIwJTIwJTIwJTIwJTIwJTIwJTIwJTIwJTIwJTIwJTNDJTJGZGl2JTNFJTBBJTIwJTIwJTIwJTIwJTIwJTIwJTIwJTIwJTIwJTIwJTNDZGl2JTIwY2xhc3MlM0QlMjJldmVudC10ZXh0JTIyJTNFJTBBJTIwJTIwJTIwJTIwJTIwJTIwJTIwJTIwJTIwJTIwJTIwJTIwJTdCY29ycG8lN0QlMEElMjAlMjAlMjAlMjAlMjAlMjAlMjAlMjAlMjAlMjAlM0MlMkZkaXYlM0UlMEElMjAlMjAlMjAlMjAlMjAlMjAlMjAlMjAlM0MlMkZkaXYlM0UlMEElMjAlMjAlMjAlMjAlMjAlMjAlM0MlMkZkaXYlM0UlMEElMjAlMjAlMjAlMjAlN0IlMkZzdWJsb29wJTNBaXRlbSU3RCUwQSUyMCUyMCU1QiUyRmpzb25jb250ZW50aW1wb3J0ZXIlNUQlMEElM0MlMkZkaXYlM0UlMEElMEElM0NzY3JpcHQlMjBzcmMlM0QlMjJodHRwcyUzQSUyRiUyRmNkbmpzLmNsb3VkZmxhcmUuY29tJTJGYWpheCUyRmxpYnMlMkZSZWFkbW9yZS5qcyUyRjIuMC4yJTJGcmVhZG1vcmUubWluLmpzJTIyJTBBJTIwJTIwaW50ZWdyaXR5JTNEJTIyc2hhNTEyLWxsV3REUjNrMDlwYTluT0JmdXRRbnJTMmtJRUc3TTZabTdSSWpWVkxOYWIxd1JzOE5VbUEwT2pBRTM4akt6S2VDZyUyQkEzcmRxOEFWVzQxWlRzZmh1NVElM0QlM0QlMjIlMEElMjAlMjBjcm9zc29yaWdpbiUzRCUyMmFub255bW91cyUyMiUyMHJlZmVycmVycG9saWN5JTNEJTIybm8tcmVmZXJyZXIlMjIlM0UlM0MlMkZzY3JpcHQlM0UlMEElMEElM0NzY3JpcHQlM0UlMEElMjAlMjBqUXVlcnklMjhkb2N1bWVudCUyOS5yZWFkeSUyOGZ1bmN0aW9uJTIwJTI4JTI5JTIwJTdCJTBBJTIwJTIwJTIwJTIwalF1ZXJ5JTI4JTI3LmV2ZW50JTI3JTI5LmVhY2glMjhmdW5jdGlvbiUyMCUyOCUyOSUyMCU3QiUwQSUyMCUyMCUyMCUyMCUyMCUyMGpRdWVyeSUyOHRoaXMlMjkuZmluZCUyOCUyNy5ldmVudC10ZXh0JTI3JTI5LnJlYWRtb3JlJTI4JTdCJTBBJTIwJTIwJTIwJTIwJTIwJTIwJTIwJTIwc3BlZWQlM0ElMjA3NSUyQyUwQSUyMCUyMCUyMCUyMCUyMCUyMCUyMCUyMG1vcmVMaW5rJTNBJTIwJTI3JTNDYSUyMGhyZWYlM0QlMjIlMjMlMjIlM0VSZWFkJTIwTW9yZSUzQyUyRmElM0UlMjclMkMlMEElMjAlMjAlMjAlMjAlMjAlMjAlMjAlMjBsZXNzTGluayUzQSUyMCUyNyUzQ2ElMjBocmVmJTNEJTIyJTIzJTIyJTNFUmVhZCUyMExlc3MlM0MlMkZhJTNFJTI3JTBBJTIwJTIwJTIwJTIwJTIwJTIwJTdEJTI5JTNCJTBBJTIwJTIwJTIwJTIwJTdEJTI5JTNCJTBBJTIwJTIwJTdEJTI5JTNCJTBBJTNDJTJGc2NyaXB0JTNFJTBBJTBBJTNDc3R5bGUlM0UlMEElMjAlMjAuZXZlbnRzLXdyYXBwZXIlMjAlN0IlMEElMjAlMjAlMjAlMjBkaXNwbGF5JTNBJTIwZ3JpZCUzQiUwQSUyMCUyMCUyMCUyMGdyaWQtdGVtcGxhdGUtY29sdW1ucyUzQSUyMHJlcGVhdCUyODMlMkMlMjBtaW5tYXglMjgwJTJDJTIwMWZyJTI5JTI5JTNCJTBBJTIwJTIwJTIwJTIwZ2FwJTNBJTIwMjVweCUzQiUwQSUyMCUyMCUyMCUyMG1hcmdpbiUzQSUyMDUwcHglMjAwJTNCJTBBJTIwJTIwJTdEJTBBJTBBJTIwJTIwLmV2ZW50JTIwaW1nJTIwJTdCJTBBJTIwJTIwJTIwJTIwd2lkdGglM0ElMjAxMDAlMjUlM0IlMEElMjAlMjAlMjAlMjB0ZXh0LWFsaWduJTNBJTIwY2VudGVyJTNCJTBBJTIwJTIwJTIwJTIwaGVpZ2h0JTNBJTIwMzUwcHglM0IlMEElMjAlMjAlMjAlMjBvYmplY3QtZml0JTNBJTIwY292ZXIlM0IlMEElMjAlMjAlN0QlMEElMEElMjAlMjAuZXZlbnQlMjAlN0IlMEElMjAlMjAlMjAlMjB0ZXh0LWFsaWduJTNBJTIwY2VudGVyJTNCJTBBJTIwJTIwJTdEJTBBJTBBJTIwJTIwLmV2ZW50JTIwaDElMjAlN0IlMEElMjAlMjAlMjAlMjBmb250LXNpemUlM0ElMjAyMHB4JTNCJTBBJTIwJTIwJTdEJTBBJTBBJTIwJTIwLmV2ZW50LWRhdGUlMjAlN0IlMEElMjAlMjAlMjAlMjBmb250LXdlaWdodCUzQSUyMGJvbGQlM0IlMEElMjAlMjAlMjAlMjBtYXJnaW4lM0ElMjAxMHB4JTIwMCUzQiUwQSUyMCUyMCU3RCUwQSUwQSUyMCUyMC5ldmVudC1jb250ZW50JTIwJTdCJTBBJTIwJTIwJTIwJTIwcGFkZGluZyUzQSUyMDE1cHglMjAwJTNCJTBBJTIwJTIwJTdEJTBBJTBBJTIwJTIwLmV2ZW50LXRleHQlMjAlN0IlMEElMjAlMjAlMjAlMjBvdmVyZmxvdyUzQSUyMGhpZGRlbiUzQiUwQSUyMCUyMCU3RCUwQSUwQSUyMCUyMCU0MG1lZGlhJTIwJTI4bWF4LXdpZHRoJTNBJTIwNzY3cHglMjklMjAlN0IlMEElMjAlMjAlMjAlMjAuZXZlbnRzLXdyYXBwZXIlMjAlN0IlMEElMjAlMjAlMjAlMjAlMjAlMjBncmlkLXRlbXBsYXRlLWNvbHVtbnMlM0ElMjBhdXRvJTNCJTBBJTIwJTIwJTIwJTIwJTdEJTBBJTIwJTIwJTdEJTBBJTNDJTJGc3R5bGUlM0U=[\/vc_raw_html][\/vc_column][\/vc_row]\" \/>\n<meta property=\"og:url\" content=\"https:\/\/www.hotelmarcopolo.it\/sk\/dogodki\/\" \/>\n<meta property=\"og:site_name\" content=\"Hotel Marco Polo\" \/>\n<meta property=\"article:modified_time\" content=\"2024-12-17T17:10:28+00:00\" \/>\n<meta name=\"twitter:card\" content=\"summary_large_image\" \/>\n<meta name=\"twitter:label1\" content=\"Predpokladan\u00fd \u010das \u010d\u00edtania\" \/>\n\t<meta name=\"twitter:data1\" content=\"1 min\u00fata\" \/>\n<script type=\"application\/ld+json\" class=\"yoast-schema-graph\">{\"@context\":\"https:\/\/schema.org\",\"@graph\":[{\"@type\":\"WebPage\",\"@id\":\"https:\/\/www.hotelmarcopolo.it\/sk\/dogodki\/\",\"url\":\"https:\/\/www.hotelmarcopolo.it\/sk\/dogodki\/\",\"name\":\"Dogodki - Hotel Marco Polo\",\"isPartOf\":{\"@id\":\"https:\/\/www.hotelmarcopolo.it\/sk\/#website\"},\"datePublished\":\"2024-12-17T14:02:58+00:00\",\"dateModified\":\"2024-12-17T17:10:28+00:00\",\"breadcrumb\":{\"@id\":\"https:\/\/www.hotelmarcopolo.it\/sk\/dogodki\/#breadcrumb\"},\"inLanguage\":\"sk-SK\",\"potentialAction\":[{\"@type\":\"ReadAction\",\"target\":[\"https:\/\/www.hotelmarcopolo.it\/sk\/dogodki\/\"]}]},{\"@type\":\"BreadcrumbList\",\"@id\":\"https:\/\/www.hotelmarcopolo.it\/sk\/dogodki\/#breadcrumb\",\"itemListElement\":[{\"@type\":\"ListItem\",\"position\":1,\"name\":\"Home\",\"item\":\"https:\/\/www.hotelmarcopolo.it\/sk\/\"},{\"@type\":\"ListItem\",\"position\":2,\"name\":\"Dogodki\"}]},{\"@type\":\"WebSite\",\"@id\":\"https:\/\/www.hotelmarcopolo.it\/sk\/#website\",\"url\":\"https:\/\/www.hotelmarcopolo.it\/sk\/\",\"name\":\"Hotel Marco Polo\",\"description\":\"Un nuovo sito targato WordPress\",\"potentialAction\":[{\"@type\":\"SearchAction\",\"target\":{\"@type\":\"EntryPoint\",\"urlTemplate\":\"https:\/\/www.hotelmarcopolo.it\/sk\/?s={search_term_string}\"},\"query-input\":\"required name=search_term_string\"}],\"inLanguage\":\"sk-SK\"}]}<\/script>\n<!-- \/ Yoast SEO plugin. -->","yoast_head_json":{"title":"Dogodki - Hotel Marco Polo","robots":{"index":"index","follow":"follow","max-snippet":"max-snippet:-1","max-image-preview":"max-image-preview:large","max-video-preview":"max-video-preview:-1"},"canonical":"https:\/\/www.hotelmarcopolo.it\/sk\/dogodki\/","og_locale":"sk_SK","og_type":"article","og_title":"Dogodki - Hotel Marco Polo","og_description":"[vc_row][vc_column][vc_raw_html]JTNDZGl2JTIwY2xhc3MlM0QlMjJldmVudHMtd3JhcHBlciUyMiUzRSUwQSUyMCUyMCU1Qmpzb25jb250ZW50aW1wb3J0ZXIlMjB1cmwlM0QlMjJodHRwcyUzQSUyRiUyRnd3dy40amVzb2xvZXZlbnRzLml0JTJGZW4lMkZnZXQlMkZsaXN0aW1hZ2UlMkZqc29uJTIyJTIwbnVtYmVyb2ZkaXNwbGF5ZWRpdGVtcyUzRCUyMi0xJTIyJTIwYmFzZW5vZGUlM0QlMjJJdGVtcyUyMiU1RCUwQSUyMCUyMCUyMCUyMCU3QnN1Ymxvb3AlM0FpdGVtJTNBMSU3RCUwQSUyMCUyMCUyMCUyMCUyMCUyMCUzQ2RpdiUyMGNsYXNzJTNEJTIyZXZlbnQlMjIlM0UlMEElMjAlMjAlMjAlMjAlMjAlMjAlMjAlMjAlM0NkaXYlMjBjbGFzcyUzRCUyMmV2ZW50LWltYWdlJTIyJTNFJTBBJTIwJTIwJTIwJTIwJTIwJTIwJTIwJTIwJTIwJTIwJTNDaW1nJTIwc3JjJTNEJTIyJTdCY29wZXJ0aW5hJTdEJTIyJTIwYWx0JTNEJTIyJTIyJTNFJTBBJTIwJTIwJTIwJTIwJTIwJTIwJTIwJTIwJTNDJTJGZGl2JTNFJTBBJTIwJTIwJTIwJTIwJTIwJTIwJTIwJTIwJTNDZGl2JTIwY2xhc3MlM0QlMjJldmVudC1jb250ZW50JTIyJTNFJTBBJTIwJTIwJTIwJTIwJTIwJTIwJTIwJTIwJTIwJTIwJTNDaDElM0UlN0J0aXRvbG8lN0QlM0MlMkZoMSUzRSUwQSUyMCUyMCUyMCUyMCUyMCUyMCUyMCUyMCUyMCUyMCUzQ2RpdiUyMGNsYXNzJTNEJTIyZXZlbnQtZGF0ZSUyMiUzRSUwQSUyMCUyMCUyMCUyMCUyMCUyMCUyMCUyMCUyMCUyMCUyMCUyMCU3QmluaXppbyU3RCUyMC0lMjAlN0JmaW5lJTdEJTBBJTIwJTIwJTIwJTIwJTIwJTIwJTIwJTIwJTIwJTIwJTNDJTJGZGl2JTNFJTBBJTIwJTIwJTIwJTIwJTIwJTIwJTIwJTIwJTIwJTIwJTNDZGl2JTIwY2xhc3MlM0QlMjJldmVudC10ZXh0JTIyJTNFJTBBJTIwJTIwJTIwJTIwJTIwJTIwJTIwJTIwJTIwJTIwJTIwJTIwJTdCY29ycG8lN0QlMEElMjAlMjAlMjAlMjAlMjAlMjAlMjAlMjAlMjAlMjAlM0MlMkZkaXYlM0UlMEElMjAlMjAlMjAlMjAlMjAlMjAlMjAlMjAlM0MlMkZkaXYlM0UlMEElMjAlMjAlMjAlMjAlMjAlMjAlM0MlMkZkaXYlM0UlMEElMjAlMjAlMjAlMjAlN0IlMkZzdWJsb29wJTNBaXRlbSU3RCUwQSUyMCUyMCU1QiUyRmpzb25jb250ZW50aW1wb3J0ZXIlNUQlMEElM0MlMkZkaXYlM0UlMEElMEElM0NzY3JpcHQlMjBzcmMlM0QlMjJodHRwcyUzQSUyRiUyRmNkbmpzLmNsb3VkZmxhcmUuY29tJTJGYWpheCUyRmxpYnMlMkZSZWFkbW9yZS5qcyUyRjIuMC4yJTJGcmVhZG1vcmUubWluLmpzJTIyJTBBJTIwJTIwaW50ZWdyaXR5JTNEJTIyc2hhNTEyLWxsV3REUjNrMDlwYTluT0JmdXRRbnJTMmtJRUc3TTZabTdSSWpWVkxOYWIxd1JzOE5VbUEwT2pBRTM4akt6S2VDZyUyQkEzcmRxOEFWVzQxWlRzZmh1NVElM0QlM0QlMjIlMEElMjAlMjBjcm9zc29yaWdpbiUzRCUyMmFub255bW91cyUyMiUyMHJlZmVycmVycG9saWN5JTNEJTIybm8tcmVmZXJyZXIlMjIlM0UlM0MlMkZzY3JpcHQlM0UlMEElMEElM0NzY3JpcHQlM0UlMEElMjAlMjBqUXVlcnklMjhkb2N1bWVudCUyOS5yZWFkeSUyOGZ1bmN0aW9uJTIwJTI4JTI5JTIwJTdCJTBBJTIwJTIwJTIwJTIwalF1ZXJ5JTI4JTI3LmV2ZW50JTI3JTI5LmVhY2glMjhmdW5jdGlvbiUyMCUyOCUyOSUyMCU3QiUwQSUyMCUyMCUyMCUyMCUyMCUyMGpRdWVyeSUyOHRoaXMlMjkuZmluZCUyOCUyNy5ldmVudC10ZXh0JTI3JTI5LnJlYWRtb3JlJTI4JTdCJTBBJTIwJTIwJTIwJTIwJTIwJTIwJTIwJTIwc3BlZWQlM0ElMjA3NSUyQyUwQSUyMCUyMCUyMCUyMCUyMCUyMCUyMCUyMG1vcmVMaW5rJTNBJTIwJTI3JTNDYSUyMGhyZWYlM0QlMjIlMjMlMjIlM0VSZWFkJTIwTW9yZSUzQyUyRmElM0UlMjclMkMlMEElMjAlMjAlMjAlMjAlMjAlMjAlMjAlMjBsZXNzTGluayUzQSUyMCUyNyUzQ2ElMjBocmVmJTNEJTIyJTIzJTIyJTNFUmVhZCUyMExlc3MlM0MlMkZhJTNFJTI3JTBBJTIwJTIwJTIwJTIwJTIwJTIwJTdEJTI5JTNCJTBBJTIwJTIwJTIwJTIwJTdEJTI5JTNCJTBBJTIwJTIwJTdEJTI5JTNCJTBBJTNDJTJGc2NyaXB0JTNFJTBBJTBBJTNDc3R5bGUlM0UlMEElMjAlMjAuZXZlbnRzLXdyYXBwZXIlMjAlN0IlMEElMjAlMjAlMjAlMjBkaXNwbGF5JTNBJTIwZ3JpZCUzQiUwQSUyMCUyMCUyMCUyMGdyaWQtdGVtcGxhdGUtY29sdW1ucyUzQSUyMHJlcGVhdCUyODMlMkMlMjBtaW5tYXglMjgwJTJDJTIwMWZyJTI5JTI5JTNCJTBBJTIwJTIwJTIwJTIwZ2FwJTNBJTIwMjVweCUzQiUwQSUyMCUyMCUyMCUyMG1hcmdpbiUzQSUyMDUwcHglMjAwJTNCJTBBJTIwJTIwJTdEJTBBJTBBJTIwJTIwLmV2ZW50JTIwaW1nJTIwJTdCJTBBJTIwJTIwJTIwJTIwd2lkdGglM0ElMjAxMDAlMjUlM0IlMEElMjAlMjAlMjAlMjB0ZXh0LWFsaWduJTNBJTIwY2VudGVyJTNCJTBBJTIwJTIwJTIwJTIwaGVpZ2h0JTNBJTIwMzUwcHglM0IlMEElMjAlMjAlMjAlMjBvYmplY3QtZml0JTNBJTIwY292ZXIlM0IlMEElMjAlMjAlN0QlMEElMEElMjAlMjAuZXZlbnQlMjAlN0IlMEElMjAlMjAlMjAlMjB0ZXh0LWFsaWduJTNBJTIwY2VudGVyJTNCJTBBJTIwJTIwJTdEJTBBJTBBJTIwJTIwLmV2ZW50JTIwaDElMjAlN0IlMEElMjAlMjAlMjAlMjBmb250LXNpemUlM0ElMjAyMHB4JTNCJTBBJTIwJTIwJTdEJTBBJTBBJTIwJTIwLmV2ZW50LWRhdGUlMjAlN0IlMEElMjAlMjAlMjAlMjBmb250LXdlaWdodCUzQSUyMGJvbGQlM0IlMEElMjAlMjAlMjAlMjBtYXJnaW4lM0ElMjAxMHB4JTIwMCUzQiUwQSUyMCUyMCU3RCUwQSUwQSUyMCUyMC5ldmVudC1jb250ZW50JTIwJTdCJTBBJTIwJTIwJTIwJTIwcGFkZGluZyUzQSUyMDE1cHglMjAwJTNCJTBBJTIwJTIwJTdEJTBBJTBBJTIwJTIwLmV2ZW50LXRleHQlMjAlN0IlMEElMjAlMjAlMjAlMjBvdmVyZmxvdyUzQSUyMGhpZGRlbiUzQiUwQSUyMCUyMCU3RCUwQSUwQSUyMCUyMCU0MG1lZGlhJTIwJTI4bWF4LXdpZHRoJTNBJTIwNzY3cHglMjklMjAlN0IlMEElMjAlMjAlMjAlMjAuZXZlbnRzLXdyYXBwZXIlMjAlN0IlMEElMjAlMjAlMjAlMjAlMjAlMjBncmlkLXRlbXBsYXRlLWNvbHVtbnMlM0ElMjBhdXRvJTNCJTBBJTIwJTIwJTIwJTIwJTdEJTBBJTIwJTIwJTdEJTBBJTNDJTJGc3R5bGUlM0U=[\/vc_raw_html][\/vc_column][\/vc_row]","og_url":"https:\/\/www.hotelmarcopolo.it\/sk\/dogodki\/","og_site_name":"Hotel Marco Polo","article_modified_time":"2024-12-17T17:10:28+00:00","twitter_card":"summary_large_image","twitter_misc":{"Predpokladan\u00fd \u010das \u010d\u00edtania":"1 min\u00fata"},"schema":{"@context":"https:\/\/schema.org","@graph":[{"@type":"WebPage","@id":"https:\/\/www.hotelmarcopolo.it\/sk\/dogodki\/","url":"https:\/\/www.hotelmarcopolo.it\/sk\/dogodki\/","name":"Dogodki - Hotel Marco Polo","isPartOf":{"@id":"https:\/\/www.hotelmarcopolo.it\/sk\/#website"},"datePublished":"2024-12-17T14:02:58+00:00","dateModified":"2024-12-17T17:10:28+00:00","breadcrumb":{"@id":"https:\/\/www.hotelmarcopolo.it\/sk\/dogodki\/#breadcrumb"},"inLanguage":"sk-SK","potentialAction":[{"@type":"ReadAction","target":["https:\/\/www.hotelmarcopolo.it\/sk\/dogodki\/"]}]},{"@type":"BreadcrumbList","@id":"https:\/\/www.hotelmarcopolo.it\/sk\/dogodki\/#breadcrumb","itemListElement":[{"@type":"ListItem","position":1,"name":"Home","item":"https:\/\/www.hotelmarcopolo.it\/sk\/"},{"@type":"ListItem","position":2,"name":"Dogodki"}]},{"@type":"WebSite","@id":"https:\/\/www.hotelmarcopolo.it\/sk\/#website","url":"https:\/\/www.hotelmarcopolo.it\/sk\/","name":"Hotel Marco Polo","description":"Un nuovo sito targato WordPress","potentialAction":[{"@type":"SearchAction","target":{"@type":"EntryPoint","urlTemplate":"https:\/\/www.hotelmarcopolo.it\/sk\/?s={search_term_string}"},"query-input":"required name=search_term_string"}],"inLanguage":"sk-SK"}]}},"_links":{"self":[{"href":"https:\/\/www.hotelmarcopolo.it\/sk\/wp-json\/wp\/v2\/pages\/12257","targetHints":{"allow":["GET"]}}],"collection":[{"href":"https:\/\/www.hotelmarcopolo.it\/sk\/wp-json\/wp\/v2\/pages"}],"about":[{"href":"https:\/\/www.hotelmarcopolo.it\/sk\/wp-json\/wp\/v2\/types\/page"}],"author":[{"embeddable":true,"href":"https:\/\/www.hotelmarcopolo.it\/sk\/wp-json\/wp\/v2\/users\/5"}],"replies":[{"embeddable":true,"href":"https:\/\/www.hotelmarcopolo.it\/sk\/wp-json\/wp\/v2\/comments?post=12257"}],"version-history":[{"count":3,"href":"https:\/\/www.hotelmarcopolo.it\/sk\/wp-json\/wp\/v2\/pages\/12257\/revisions"}],"predecessor-version":[{"id":12331,"href":"https:\/\/www.hotelmarcopolo.it\/sk\/wp-json\/wp\/v2\/pages\/12257\/revisions\/12331"}],"wp:attachment":[{"href":"https:\/\/www.hotelmarcopolo.it\/sk\/wp-json\/wp\/v2\/media?parent=12257"}],"curies":[{"name":"wp","href":"https:\/\/api.w.org\/{rel}","templated":true}]}}