{"id":4153,"date":"2021-05-26T18:02:19","date_gmt":"2021-05-26T16:02:19","guid":{"rendered":"https:\/\/www.hotelmarcopolo.it\/hotel\/"},"modified":"2024-10-08T15:21:48","modified_gmt":"2024-10-08T13:21:48","slug":"hotel","status":"publish","type":"page","link":"https:\/\/www.hotelmarcopolo.it\/sk\/hotel\/","title":{"rendered":"Hotel"},"content":{"rendered":"<p>[vc_row css=&#8220;.vc_custom_1633528746227{margin-top: 30px !important;margin-bottom: 50px !important;}&#8220;][vc_column css=&#8220;.vc_custom_1635495303941{margin-bottom: 10px !important;}&#8220;] <h2 style=\"color:#1c1c1c;padding:px;text-align:;font-size:35px;line-height:40px;letter-spacing: px;font-weight:bold\" class=\"  nd_options_text_align_center_responsive_important nd_options_first_font \">MARCO POLO: v hoteli ako doma<\/h2> <div style=\"background-color:;height: 25px\" class=\"nicdark_section  \"><\/div>[vc_column_text el_class=&#8220;nd_options_text_align_center_responsive&#8220;]Rovnako ako <strong>Marco Polo<\/strong>, ktor\u00fd sa so svojou rodinou vydal objavova\u0165 orient\u00e1lny svet, aj my od roku 1998 kladieme z\u00e1klady dobrodru\u017estva vo svete hotelierstva. Teraz v druhej gener\u00e1cii \u201eCarlotta a Denis\u201c pokra\u010duj\u00fa vo veden\u00ed hotela Marco Polo s poh\u013eadom v\u017edy dopredu, aby objavili modern\u00fd svet, novinky, udr\u017eate\u013enos\u0165 a kvalitu, ale s pevn\u00fdmi kore\u0148mi spojen\u00fdmi s hodnotami pohostinnosti, odovzdan\u00e9 od star\u00fdch rodi\u010dov.<\/p>\n<p>Hotel Marco Polo tak pokra\u010duje vo svojej ceste za nov\u00fdmi destin\u00e1ciami, ktor\u00e9 na\u0161ich host\u00ed rok \u010do rok obohacuj\u00fa o mal\u00e9 i ve\u013ek\u00e9 novinky.<\/p>\n<p>Rovnako ako rodina \u201ePolo\u201c, aj na\u0161a je obohaten\u00e1 o \u013eud\u00ed z cel\u00e9ho sveta, ktor\u00ed n\u00e1s ka\u017ed\u00fd de\u0148 u\u010dia nie\u010do nov\u00e9. Na druhej strane do v\u0161etk\u00e9ho, \u010do rob\u00edme, prin\u00e1\u0161ame na\u0161e Made in Italy.[\/vc_column_text][\/vc_column][\/vc_row][vc_row full_width=&#8220;stretch_row&#8220; css=&#8220;.vc_custom_1635172653909{padding-top: 50px !important;padding-bottom: 50px !important;background-color: #f2f2f2 !important;}&#8220;][vc_column][vc_row_inner content_placement=&#8220;middle&#8220;][vc_column_inner width=&#8220;5\/12&#8243;][vc_single_image image=&#8220;2850&#8243; img_size=&#8220;full&#8220; alignment=&#8220;center&#8220;][\/vc_column_inner][vc_column_inner width=&#8220;2\/12&#8243;][vc_column_text]<\/p>\n<h3 style=\"text-align: left; font-size: 25px; color: #1c1c1c;\"><i class=\"fas fa-arrow-left\"><\/i> Predt\u00fdm<\/h3>\n<p>&nbsp;<\/p>\n<h3 style=\"text-align: right; font-size: 25px; color: #1c1c1c;\">Teraz <i class=\"fas fa-arrow-right\"><\/i><\/h3>\n<p>[\/vc_column_text][\/vc_column_inner][vc_column_inner width=&#8220;5\/12&#8243;][vc_single_image image=&#8220;3051&#8243; img_size=&#8220;full&#8220; alignment=&#8220;center&#8220;][\/vc_column_inner][\/vc_row_inner]<div style=\"background-color:;height: 20px\" class=\"nicdark_section  \"><\/div> <p style=\"color:#1c1c1c;padding:px;text-align:center;font-size:25px;line-height:30px;letter-spacing: px;font-weight:lighter\" class=\"   nd_options_third_font \">... a v\u017edy v o\u010dak\u00e1van\u00ed, \u017ee ka\u017ed\u00fd rok rob\u00edme pr\u00e1cu, aby sme sa zlep\u0161ili!<\/p> [\/vc_column][\/vc_row][vc_row][vc_column]<div style=\"background-color:;height: 50px\" class=\"nicdark_section  \"><\/div> <h3 style=\"color:#1c1c1c;padding:px;text-align:;font-size:25px;line-height:30px;letter-spacing: px;font-weight:bold\" class=\"  nd_options_text_align_center_responsive_important nd_options_first_font \">Ke\u010f d\u00f4jdete do hotela pri mori \u010do o\u010dak\u00e1vate<\/h3> <div style=\"background-color:;height: 20px\" class=\"nicdark_section  \"><\/div>[vc_column_text]Hotel Marco Polo, <strong>ktor\u00fd od roku 1998 spravuje rodina Capeleto<\/strong>, m\u00e1 38 izieb rozdelen\u00fdch na \u0161tandardn\u00e9, komfortn\u00e9, 2 nad\u0161tandardn\u00e9 a 3 loftov\u00e9 (izby s\u00a0kuchynkou). Hotel m\u00e1 v\u00fdh\u013ead na hlavn\u00fa ulicu Jesolo, Via Bafile, 50 metrov od mora.<\/p>\n<p>Na\u0161e izby ubytuj\u00fa 2 alebo 3 osoby, s\u00fa vybaven\u00e9 vlastn\u00fdm soci\u00e1lnym zariaden\u00edm, sprchou, su\u0161i\u010dom vlasov, chladni\u010dkou, trezorom, nez\u00e1vislou klimatiz\u00e1ciou a k\u00faren\u00edm, satelitnou TV s plochou obrazovkou, r\u00fdchlovarnou kanvicou, Wi-Fi. V\u0161etky izby maj\u00fa mal\u00fd balk\u00f3n, kde s\u00fa 2 stoli\u010dky a mal\u00fd stol\u00edk.<\/p>\n<p>Hotel pon\u00faka <strong>kontinent\u00e1lne ra\u0148ajky formou bufetu<\/strong>, ktor\u00e9 zah\u0155\u0148aj\u00fa \u010derstv\u00e9 ovocie v z\u00e1vislosti od sez\u00f3ny a v\u00fdber medzi sladk\u00fdm a slan\u00fdm, na po\u017eiadanie priprav\u00edme vaj\u00ed\u010dka a slaninu, r\u00f4zne dom\u00e1ce croissanty, muffiny a kol\u00e1\u010de.<\/p>\n<p>M\u00e1me nestr\u00e1\u017een\u00e9 parkovisko a pl\u00e1\u017eov\u00fd servis zah\u0155\u0148a 1 slne\u010dn\u00edk, 2 le\u017eadl\u00e1 na izbu, miesta na pl\u00e1\u017ei nie s\u00fa o\u010d\u00edslovan\u00e9 a pre pr\u00edpadn\u00e9 \u010fal\u0161ie le\u017eadl\u00e1 kontaktujte plav\u010d\u00edkov.[\/vc_column_text][\/vc_column][\/vc_row][vc_row][vc_column]<div style=\"background-color:;height: 35px\" class=\"nicdark_section  \"><\/div> <p style=\"color:#1c1c1c;padding:px;text-align:center;font-size:22px;line-height:25px;letter-spacing: px;font-weight:lighter\" class=\"   nd_options_third_font \">Rodina Capeleto a Menazza sa u\u017e nevedia do\u010dka\u0165, kedy v\u00e1s priv\u00edtaj\u00fa ako rodinu!<\/p> <div style=\"background-color:;height: 20px\" class=\"nicdark_section  \"><\/div>[vc_single_image image=&#8220;11796&#8243; img_size=&#8220;full&#8220;][\/vc_column][\/vc_row]<\/p>\n","protected":false},"excerpt":{"rendered":"<p>[vc_row css=&#8220;.vc_custom_1633528746227{margin-top: 30px !important;margin-bottom: 50px !important;}&#8220;][vc_column css=&#8220;.vc_custom_1635495303941{margin-bottom: 10px !important;}&#8220;][vc_column_text el_class=&#8220;nd_options_text_align_center_responsive&#8220;]Rovnako ako Marco Polo, ktor\u00fd sa so svojou rodinou vydal objavova\u0165 orient\u00e1lny svet, aj my od roku 1998 kladieme z\u00e1klady dobrodru\u017estva vo svete hotelierstva. Teraz v druhej gener\u00e1cii \u201eCarlotta a Denis\u201c pokra\u010duj\u00fa vo veden\u00ed hotela Marco Polo s poh\u013eadom v\u017edy dopredu, aby objavili modern\u00fd svet, novinky, [&hellip;]<\/p>\n","protected":false},"author":2,"featured_media":0,"parent":0,"menu_order":0,"comment_status":"closed","ping_status":"closed","template":"","meta":{"footnotes":""},"class_list":["post-4153","page","type-page","status-publish","hentry"],"yoast_head":"<!-- This site is optimized with the Yoast SEO plugin v21.5 - https:\/\/yoast.com\/wordpress\/plugins\/seo\/ -->\n<title>Hotel Marco Polo: pri mori ako doma<\/title>\n<meta name=\"description\" content=\"Hotel Marco Polo v Jesolo je trojhviezdi\u010dkov\u00fd hotel centr\u00e1lne umiestnen\u00fd na zn\u00e1mej Via Andrea Bafile.Je otvoren\u00fd po cel\u00fd rok.\" \/>\n<meta name=\"robots\" content=\"index, follow, max-snippet:-1, max-image-preview:large, max-video-preview:-1\" \/>\n<link rel=\"canonical\" href=\"https:\/\/www.hotelmarcopolo.it\/sk\/hotel\/\" \/>\n<meta property=\"og:locale\" content=\"sk_SK\" \/>\n<meta property=\"og:type\" content=\"article\" \/>\n<meta property=\"og:title\" content=\"Hotel Marco Polo: pri mori ako doma\" \/>\n<meta property=\"og:description\" content=\"Hotel Marco Polo v Jesolo je trojhviezdi\u010dkov\u00fd hotel centr\u00e1lne umiestnen\u00fd na zn\u00e1mej Via Andrea Bafile.Je otvoren\u00fd po cel\u00fd rok.\" \/>\n<meta property=\"og:url\" content=\"https:\/\/www.hotelmarcopolo.it\/sk\/hotel\/\" \/>\n<meta property=\"og:site_name\" content=\"Hotel Marco Polo\" \/>\n<meta property=\"article:modified_time\" content=\"2024-10-08T13:21:48+00:00\" \/>\n<meta name=\"twitter:card\" content=\"summary_large_image\" \/>\n<meta name=\"twitter:label1\" content=\"Predpokladan\u00fd \u010das \u010d\u00edtania\" \/>\n\t<meta name=\"twitter:data1\" content=\"2 min\u00faty\" \/>\n<script type=\"application\/ld+json\" class=\"yoast-schema-graph\">{\"@context\":\"https:\/\/schema.org\",\"@graph\":[{\"@type\":\"WebPage\",\"@id\":\"https:\/\/www.hotelmarcopolo.it\/sk\/hotel\/\",\"url\":\"https:\/\/www.hotelmarcopolo.it\/sk\/hotel\/\",\"name\":\"Hotel Marco Polo: pri mori ako doma\",\"isPartOf\":{\"@id\":\"https:\/\/www.hotelmarcopolo.it\/sk\/#website\"},\"datePublished\":\"2021-05-26T16:02:19+00:00\",\"dateModified\":\"2024-10-08T13:21:48+00:00\",\"description\":\"Hotel Marco Polo v Jesolo je trojhviezdi\u010dkov\u00fd hotel centr\u00e1lne umiestnen\u00fd na zn\u00e1mej Via Andrea Bafile.Je otvoren\u00fd po cel\u00fd rok.\",\"breadcrumb\":{\"@id\":\"https:\/\/www.hotelmarcopolo.it\/sk\/hotel\/#breadcrumb\"},\"inLanguage\":\"sk-SK\",\"potentialAction\":[{\"@type\":\"ReadAction\",\"target\":[\"https:\/\/www.hotelmarcopolo.it\/sk\/hotel\/\"]}]},{\"@type\":\"BreadcrumbList\",\"@id\":\"https:\/\/www.hotelmarcopolo.it\/sk\/hotel\/#breadcrumb\",\"itemListElement\":[{\"@type\":\"ListItem\",\"position\":1,\"name\":\"Home\",\"item\":\"https:\/\/www.hotelmarcopolo.it\/sk\/\"},{\"@type\":\"ListItem\",\"position\":2,\"name\":\"Hotel\"}]},{\"@type\":\"WebSite\",\"@id\":\"https:\/\/www.hotelmarcopolo.it\/sk\/#website\",\"url\":\"https:\/\/www.hotelmarcopolo.it\/sk\/\",\"name\":\"Hotel Marco Polo\",\"description\":\"Un nuovo sito targato WordPress\",\"potentialAction\":[{\"@type\":\"SearchAction\",\"target\":{\"@type\":\"EntryPoint\",\"urlTemplate\":\"https:\/\/www.hotelmarcopolo.it\/sk\/?s={search_term_string}\"},\"query-input\":\"required name=search_term_string\"}],\"inLanguage\":\"sk-SK\"}]}<\/script>\n<!-- \/ Yoast SEO plugin. -->","yoast_head_json":{"title":"Hotel Marco Polo: pri mori ako doma","description":"Hotel Marco Polo v Jesolo je trojhviezdi\u010dkov\u00fd hotel centr\u00e1lne umiestnen\u00fd na zn\u00e1mej Via Andrea Bafile.Je otvoren\u00fd po cel\u00fd rok.","robots":{"index":"index","follow":"follow","max-snippet":"max-snippet:-1","max-image-preview":"max-image-preview:large","max-video-preview":"max-video-preview:-1"},"canonical":"https:\/\/www.hotelmarcopolo.it\/sk\/hotel\/","og_locale":"sk_SK","og_type":"article","og_title":"Hotel Marco Polo: pri mori ako doma","og_description":"Hotel Marco Polo v Jesolo je trojhviezdi\u010dkov\u00fd hotel centr\u00e1lne umiestnen\u00fd na zn\u00e1mej Via Andrea Bafile.Je otvoren\u00fd po cel\u00fd rok.","og_url":"https:\/\/www.hotelmarcopolo.it\/sk\/hotel\/","og_site_name":"Hotel Marco Polo","article_modified_time":"2024-10-08T13:21:48+00:00","twitter_card":"summary_large_image","twitter_misc":{"Predpokladan\u00fd \u010das \u010d\u00edtania":"2 min\u00faty"},"schema":{"@context":"https:\/\/schema.org","@graph":[{"@type":"WebPage","@id":"https:\/\/www.hotelmarcopolo.it\/sk\/hotel\/","url":"https:\/\/www.hotelmarcopolo.it\/sk\/hotel\/","name":"Hotel Marco Polo: pri mori ako doma","isPartOf":{"@id":"https:\/\/www.hotelmarcopolo.it\/sk\/#website"},"datePublished":"2021-05-26T16:02:19+00:00","dateModified":"2024-10-08T13:21:48+00:00","description":"Hotel Marco Polo v Jesolo je trojhviezdi\u010dkov\u00fd hotel centr\u00e1lne umiestnen\u00fd na zn\u00e1mej Via Andrea Bafile.Je otvoren\u00fd po cel\u00fd rok.","breadcrumb":{"@id":"https:\/\/www.hotelmarcopolo.it\/sk\/hotel\/#breadcrumb"},"inLanguage":"sk-SK","potentialAction":[{"@type":"ReadAction","target":["https:\/\/www.hotelmarcopolo.it\/sk\/hotel\/"]}]},{"@type":"BreadcrumbList","@id":"https:\/\/www.hotelmarcopolo.it\/sk\/hotel\/#breadcrumb","itemListElement":[{"@type":"ListItem","position":1,"name":"Home","item":"https:\/\/www.hotelmarcopolo.it\/sk\/"},{"@type":"ListItem","position":2,"name":"Hotel"}]},{"@type":"WebSite","@id":"https:\/\/www.hotelmarcopolo.it\/sk\/#website","url":"https:\/\/www.hotelmarcopolo.it\/sk\/","name":"Hotel Marco Polo","description":"Un nuovo sito targato WordPress","potentialAction":[{"@type":"SearchAction","target":{"@type":"EntryPoint","urlTemplate":"https:\/\/www.hotelmarcopolo.it\/sk\/?s={search_term_string}"},"query-input":"required name=search_term_string"}],"inLanguage":"sk-SK"}]}},"_links":{"self":[{"href":"https:\/\/www.hotelmarcopolo.it\/sk\/wp-json\/wp\/v2\/pages\/4153","targetHints":{"allow":["GET"]}}],"collection":[{"href":"https:\/\/www.hotelmarcopolo.it\/sk\/wp-json\/wp\/v2\/pages"}],"about":[{"href":"https:\/\/www.hotelmarcopolo.it\/sk\/wp-json\/wp\/v2\/types\/page"}],"author":[{"embeddable":true,"href":"https:\/\/www.hotelmarcopolo.it\/sk\/wp-json\/wp\/v2\/users\/2"}],"replies":[{"embeddable":true,"href":"https:\/\/www.hotelmarcopolo.it\/sk\/wp-json\/wp\/v2\/comments?post=4153"}],"version-history":[{"count":2,"href":"https:\/\/www.hotelmarcopolo.it\/sk\/wp-json\/wp\/v2\/pages\/4153\/revisions"}],"predecessor-version":[{"id":11806,"href":"https:\/\/www.hotelmarcopolo.it\/sk\/wp-json\/wp\/v2\/pages\/4153\/revisions\/11806"}],"wp:attachment":[{"href":"https:\/\/www.hotelmarcopolo.it\/sk\/wp-json\/wp\/v2\/media?parent=4153"}],"curies":[{"name":"wp","href":"https:\/\/api.w.org\/{rel}","templated":true}]}}