{"id":4161,"date":"2021-05-26T18:11:58","date_gmt":"2021-05-26T16:11:58","guid":{"rendered":"https:\/\/www.hotelmarcopolo.it\/servizi\/"},"modified":"2024-04-22T09:50:52","modified_gmt":"2024-04-22T07:50:52","slug":"sluzby","status":"publish","type":"page","link":"https:\/\/www.hotelmarcopolo.it\/sk\/sluzby\/","title":{"rendered":"Slu\u017eby"},"content":{"rendered":"<p>[vc_row css=&#8220;.vc_custom_1633945662910{margin-top: 80px !important;}&#8220;][vc_column][vc_column_text]<\/p>\n<p style=\"text-align: center;\">Na\u0161 hotel v\u00e1m pon\u00faka slu\u017eby v\u017edy zahrnut\u00e9 v cene izby, kontinent\u00e1lne ra\u0148ajky formou bufetu, pl\u00e1\u017eov\u00fd servis vyhraden\u00fd pre hotelov\u00fdch host\u00ed s dvomi le\u017eadlami a slne\u010dn\u00edkom na izbu, dostupnos\u0165 bicyklov na vy\u017eiadanie, parkovanie \u00e1ut a motocyklov na mieste, zlavny listok, ktory vam umo\u017e\u0148uje z\u00edskat 10% z\u013eavu v re\u0161taur\u00e1ci\u00e1ch na Via Bafile a mal\u00fd uv\u00edtac\u00ed bal\u00ed\u010dek pre na\u0161ich zvierac\u00edch priate\u013eov.<\/p>\n<p>[\/vc_column_text][\/vc_column][\/vc_row][vc_row css=&#8220;.vc_custom_1633941050351{margin-top: 30px !important;}&#8220; el_class=&#8220;cont-servizi&#8220;][vc_column] <h2 style=\"color:;padding:px;text-align:;font-size:35px;line-height:40px;letter-spacing: px;font-weight:\" class=\"    \">Ra\u0148ajky<\/h2> <div style=\"background-color:;height: 40px\" class=\"nicdark_section  \"><\/div>[vc_row_inner][vc_column_inner width=&#8220;1\/4&#8243;][vc_single_image image=&#8220;11063&#8243; img_size=&#8220;full&#8220;][\/vc_column_inner][vc_column_inner width=&#8220;1\/4&#8243;][vc_single_image image=&#8220;11093&#8243; img_size=&#8220;full&#8220;][\/vc_column_inner][vc_column_inner width=&#8220;1\/4&#8243;][vc_single_image image=&#8220;11071&#8243; img_size=&#8220;full&#8220;][\/vc_column_inner][vc_column_inner width=&#8220;1\/4&#8243;][vc_single_image image=&#8220;11100&#8243; img_size=&#8220;full&#8220;][\/vc_column_inner][\/vc_row_inner]<div style=\"background-color:;height: 0px\" class=\"nicdark_section  \"><\/div>[vc_column_text]Ra\u0148ajky sa pod\u00e1vaj\u00fa od 7:30 do 10:00 na <strong>vn\u00fatornej terase<\/strong> s v\u00fdh\u013eadom na hlavn\u00fa ulicu Jesolo, Via Bafile. Pozost\u00e1va z bohat\u00e9ho kontinent\u00e1lneho bufetu, ktor\u00fd uspokojy aj tych so specifickymi potrebami pon\u00fakame v\u00fdber pre <strong>celiatikov, intolerancie a preferencie veg\u00e1nov<\/strong>.<\/p>\n<p>Ra\u0148ajky s\u00fa <strong>prv\u00fdm denn\u00fdm rozmazn\u00e1van\u00edm<\/strong>: k\u00e1va, \u010daj, d\u017eemy, dom\u00e1ce kol\u00e1\u010de, chlieb, ovocn\u00e9 \u0161\u0165avy, jogurt, muffiny, brio\u0161ky a \u010derstv\u00e9 sez\u00f3nne ovocie.<\/p>\n<p>Pre t\u00fdch, ktor\u00ed maj\u00fa pred sebou dlh\u00fd de\u0148, m\u00f4\u017eete k pod\u00e1van\u00fdm ra\u0148ajk\u00e1m prida\u0165 aj <strong>\u00e0 la carte objedn\u00e1vky<\/strong>: od pra\u017eenice, pra\u017eenice, chrumkavej slaniny a\u017e po ochutn\u00e1vku syra a sal\u00e1my.[\/vc_column_text][\/vc_column][\/vc_row][vc_row css=&#8220;.vc_custom_1633941032083{margin-top: 50px !important;}&#8220; el_class=&#8220;.cont-servizi&#8220;][vc_column width=&#8220;1\/3&#8243;]<div style=\"background-color:;height: 10px\" class=\"nicdark_section  \"><\/div>\n\n  <!--START team-->\n  <div class=\" nd_options_team_component_l5 nd_options_section nd_options_box_sizing_border_box  \">    \n    <div class=\"nd_options_section nd_options_position_relative\">\n\n      <img decoding=\"async\" alt=\"\" class=\"nd_options_section\" src=\"https:\/\/www.hotelmarcopolo.it\/wp-content\/uploads\/hotel-marco-polo-spiaggia.jpg\">\n\n      <div class=\"nd_options_bg_greydark_alpha_gradient_3 nd_options_position_absolute nd_options_left_0 nd_options_height_100_percentage nd_options_width_100_percentage nd_options_box_sizing_border_box\">\n        <div class=\"nd_options_position_absolute nd_options_bottom_30 nd_options_width_100_percentage nd_options_padding_botttom_0 nd_options_padding_50 nd_options_box_sizing_border_box nd_options_text_align_center\">\n          <h3 class=\"nd_options_color_white\">S\u00daKROMN\u00c1 PL\u00c1\u017d<\/h3>\n          <div class=\"nd_options_section nd_options_height_10\"><\/div>\n          <h6 class=\"nd_options_color_white\"><strong><\/strong><\/h6>\n        <\/div>\n      <\/div>\n\n    <\/div>\n  <\/div>\n  <!--END team-->\n<div style=\"background-color:;height: 20px\" class=\"nicdark_section  \"><\/div>[vc_column_text]Na\u0161a pl\u00e1\u017e je ur\u010den\u00e1 v\u00fdhradne pre host\u00ed hotela a \u013eahko sa k nej dostanete zo s\u00fakromn\u00e9ho pr\u00edstupu. K dispoz\u00edcii V\u00e1m d\u00e1vame <strong>1 slne\u010dn\u00edk a 2 le\u017eadl\u00e1<\/strong> na izbu, kab\u00ednku a z\u00e1chrann\u00fa slu\u017ebu s plav\u010d\u00edkom, pre \u010fal\u0161ie potreby m\u00f4\u017eete plav\u010d\u00edka kontaktova\u0165 priamo na pl\u00e1\u017ei.[\/vc_column_text]<div style=\"background-color:;height: 35px\" class=\"nicdark_section  \"><\/div>[\/vc_column][vc_column width=&#8220;1\/3&#8243;]<div style=\"background-color:;height: 10px\" class=\"nicdark_section  \"><\/div>\n\n  <!--START team-->\n  <div class=\" nd_options_team_component_l5 nd_options_section nd_options_box_sizing_border_box  \">    \n    <div class=\"nd_options_section nd_options_position_relative\">\n\n      <img decoding=\"async\" alt=\"\" class=\"nd_options_section\" src=\"https:\/\/www.hotelmarcopolo.it\/wp-content\/uploads\/hotel-marco-polo-parcheggio.jpg\">\n\n      <div class=\"nd_options_bg_greydark_alpha_gradient_3 nd_options_position_absolute nd_options_left_0 nd_options_height_100_percentage nd_options_width_100_percentage nd_options_box_sizing_border_box\">\n        <div class=\"nd_options_position_absolute nd_options_bottom_30 nd_options_width_100_percentage nd_options_padding_botttom_0 nd_options_padding_50 nd_options_box_sizing_border_box nd_options_text_align_center\">\n          <h3 class=\"nd_options_color_white\">MIESTO NA PARKOVANIE<\/h3>\n          <div class=\"nd_options_section nd_options_height_10\"><\/div>\n          <h6 class=\"nd_options_color_white\"><strong><\/strong><\/h6>\n        <\/div>\n      <\/div>\n\n    <\/div>\n  <\/div>\n  <!--END team-->\n<div style=\"background-color:;height: 20px\" class=\"nicdark_section  \"><\/div>[vc_column_text]Zabudnite na stres z parkovania, u n\u00e1s je na mieste a \u00faplne <strong>zadarmo<\/strong>.[\/vc_column_text]<div style=\"background-color:;height: 35px\" class=\"nicdark_section  \"><\/div>[\/vc_column][vc_column width=&#8220;1\/3&#8243;]<div style=\"background-color:;height: 10px\" class=\"nicdark_section  \"><\/div>\n\n  <!--START team-->\n  <div class=\" nd_options_team_component_l5 nd_options_section nd_options_box_sizing_border_box  \">    \n    <div class=\"nd_options_section nd_options_position_relative\">\n\n      <img decoding=\"async\" alt=\"\" class=\"nd_options_section\" src=\"https:\/\/www.hotelmarcopolo.it\/wp-content\/uploads\/hotel-marco-polo-biciclette.jpg\">\n\n      <div class=\"nd_options_bg_greydark_alpha_gradient_3 nd_options_position_absolute nd_options_left_0 nd_options_height_100_percentage nd_options_width_100_percentage nd_options_box_sizing_border_box\">\n        <div class=\"nd_options_position_absolute nd_options_bottom_30 nd_options_width_100_percentage nd_options_padding_botttom_0 nd_options_padding_50 nd_options_box_sizing_border_box nd_options_text_align_center\">\n          <h3 class=\"nd_options_color_white\">POZICIAVANIE BICYKLOV<\/h3>\n          <div class=\"nd_options_section nd_options_height_10\"><\/div>\n          <h6 class=\"nd_options_color_white\"><strong><\/strong><\/h6>\n        <\/div>\n      <\/div>\n\n    <\/div>\n  <\/div>\n  <!--END team-->\n<div style=\"background-color:;height: 20px\" class=\"nicdark_section  \"><\/div>[vc_column_text]Ka\u017ed\u00fd, kto chce, m\u00f4\u017ee vyu\u017e\u00edva\u0165 na\u0161e bicykle <strong>zadarmo<\/strong>. Ak chcete vyu\u017ei\u0165 t\u00fato slu\u017ebu, jednoducho cho\u010fte na recepciu, vy\u017eiadajte si k\u013e\u00fa\u010de a potom sa vydajte objavova\u0165 <strong>Jesolo<\/strong>, <strong>Cavallino<\/strong> a jeho nedotknut\u00e9 okolie.[\/vc_column_text]<div style=\"background-color:;height: 35px\" class=\"nicdark_section  \"><\/div>[\/vc_column][\/vc_row][vc_row el_class=&#8220;cont-servizi&#8220;][vc_column width=&#8220;1\/3&#8243;]<div style=\"background-color:;height: 10px\" class=\"nicdark_section  \"><\/div>\n\n  <!--START team-->\n  <div class=\" nd_options_team_component_l5 nd_options_section nd_options_box_sizing_border_box  \">    \n    <div class=\"nd_options_section nd_options_position_relative\">\n\n      <img decoding=\"async\" alt=\"\" class=\"nd_options_section\" src=\"https:\/\/www.hotelmarcopolo.it\/wp-content\/uploads\/hotel-marco-polo-faccia.jpg\">\n\n      <div class=\"nd_options_bg_greydark_alpha_gradient_3 nd_options_position_absolute nd_options_left_0 nd_options_height_100_percentage nd_options_width_100_percentage nd_options_box_sizing_border_box\">\n        <div class=\"nd_options_position_absolute nd_options_bottom_30 nd_options_width_100_percentage nd_options_padding_botttom_0 nd_options_padding_50 nd_options_box_sizing_border_box nd_options_text_align_center\">\n          <h3 class=\"nd_options_color_white\">KONVEN\u010cN\u00c9 RE\u0160TAUR\u00c1CIE<\/h3>\n          <div class=\"nd_options_section nd_options_height_10\"><\/div>\n          <h6 class=\"nd_options_color_white\"><strong><\/strong><\/h6>\n        <\/div>\n      <\/div>\n\n    <\/div>\n  <\/div>\n  <!--END team-->\n<div style=\"background-color:;height: 20px\" class=\"nicdark_section  \"><\/div>[vc_column_text]Dodr\u017eiavame dohodu s re\u0161taur\u00e1ciami v Jesolo, po pr\u00edchode v\u00e1m bude poskytnut\u00e1 vstupenka do pr\u00edslu\u0161nej re\u0161taur\u00e1cie, ktor\u00e1 v\u00e1m umo\u017en\u00ed vyu\u017ei\u0165 <strong>10% z\u013eavu na cel\u00e9 menu<\/strong>.[\/vc_column_text]<div style=\"background-color:;height: 35px\" class=\"nicdark_section  \"><\/div>[\/vc_column][vc_column width=&#8220;1\/3&#8243;]<div style=\"background-color:;height: 10px\" class=\"nicdark_section  \"><\/div>\n\n  <!--START team-->\n  <div class=\" nd_options_team_component_l5 nd_options_section nd_options_box_sizing_border_box  \">    \n    <div class=\"nd_options_section nd_options_position_relative\">\n\n      <img decoding=\"async\" alt=\"\" class=\"nd_options_section\" src=\"https:\/\/www.hotelmarcopolo.it\/wp-content\/uploads\/Progetto-senza-titolo-1.jpg\">\n\n      <div class=\"nd_options_bg_greydark_alpha_gradient_3 nd_options_position_absolute nd_options_left_0 nd_options_height_100_percentage nd_options_width_100_percentage nd_options_box_sizing_border_box\">\n        <div class=\"nd_options_position_absolute nd_options_bottom_30 nd_options_width_100_percentage nd_options_padding_botttom_0 nd_options_padding_50 nd_options_box_sizing_border_box nd_options_text_align_center\">\n          <h3 class=\"nd_options_color_white\">VHODN\u00c9 PRE DOM\u00c1CE ZVIERAT\u00c1<\/h3>\n          <div class=\"nd_options_section nd_options_height_10\"><\/div>\n          <h6 class=\"nd_options_color_white\"><strong><\/strong><\/h6>\n        <\/div>\n      <\/div>\n\n    <\/div>\n  <\/div>\n  <!--END team-->\n<div style=\"background-color:;height: 20px\" class=\"nicdark_section  \"><\/div>[vc_column_text]Cestujete so svoj\u00edm zvierac\u00edm kamar\u00e1tom? Hotel Marco Polo je vhodn\u00fd pre dom\u00e1ce zvierat\u00e1. Po pr\u00edchode n\u00e1jdete v\u0161etko, \u010do potrebujete: <strong>b\u00fadu<\/strong> alebo <strong>podlo\u017eku pre va\u0161e \u0161teniatko na odpo\u010dinok<\/strong>, misky na vodu a krmivo a su\u0161ienku.<br \/>\nV\u00e1\u0161 <a href=\"https:\/\/www.hotelmarcopolo.it\/sk\/domace-zvierata\/\">dom\u00e1ci mil\u00e1\u010dik<\/a> je v\u017edy v\u00edtan\u00fd![\/vc_column_text]<div style=\"background-color:;height: 35px\" class=\"nicdark_section  \"><\/div>[\/vc_column][vc_column width=&#8220;1\/3&#8243;]<div style=\"background-color:;height: 10px\" class=\"nicdark_section  \"><\/div>\n\n  <!--START team-->\n  <div class=\" nd_options_team_component_l5 nd_options_section nd_options_box_sizing_border_box  \">    \n    <div class=\"nd_options_section nd_options_position_relative\">\n\n      <img decoding=\"async\" alt=\"\" class=\"nd_options_section\" src=\"https:\/\/www.hotelmarcopolo.it\/wp-content\/uploads\/hotel-marco-polo-biglietteria.jpg\">\n\n      <div class=\"nd_options_bg_greydark_alpha_gradient_3 nd_options_position_absolute nd_options_left_0 nd_options_height_100_percentage nd_options_width_100_percentage nd_options_box_sizing_border_box\">\n        <div class=\"nd_options_position_absolute nd_options_bottom_30 nd_options_width_100_percentage nd_options_padding_botttom_0 nd_options_padding_50 nd_options_box_sizing_border_box nd_options_text_align_center\">\n          <h3 class=\"nd_options_color_white\">MIESTNA TURISTICK\u00c1 KANCEL\u00c1RIA<\/h3>\n          <div class=\"nd_options_section nd_options_height_10\"><\/div>\n          <h6 class=\"nd_options_color_white\"><strong><\/strong><\/h6>\n        <\/div>\n      <\/div>\n\n    <\/div>\n  <\/div>\n  <!--END team-->\n<div style=\"background-color:;height: 20px\" class=\"nicdark_section  \"><\/div>[vc_column_text]Na\u0161a lokalita pon\u00faka nespo\u010detn\u00e9 <strong>mno\u017estvo atrakci\u00ed<\/strong>. Divadeln\u00e9 predstavenia, koncerty, v\u00fdlety so sprievodcom. M\u00f4\u017eeme v\u00e1m poskytn\u00fa\u0165 slu\u017ebu predaja <strong>vstupeniek na hlavn\u00e9 podujatia<\/strong> v na\u0161om meste a na n\u00e1v\u0161tevy vodn\u00fdch a z\u00e1bavn\u00fdch parkov.[\/vc_column_text]<div style=\"background-color:;height: 35px\" class=\"nicdark_section  \"><\/div>[\/vc_column][\/vc_row][vc_row el_class=&#8220;cont-servizi&#8220;][vc_column width=&#8220;1\/3&#8243;]<div style=\"background-color:;height: 10px\" class=\"nicdark_section  \"><\/div>\n\n  <!--START team-->\n  <div class=\" nd_options_team_component_l5 nd_options_section nd_options_box_sizing_border_box  \">    \n    <div class=\"nd_options_section nd_options_position_relative\">\n\n      <img decoding=\"async\" alt=\"\" class=\"nd_options_section\" src=\"https:\/\/www.hotelmarcopolo.it\/wp-content\/uploads\/hotel-marco-polo-colonnina-ricarica-auto-elettriche.jpg\">\n\n      <div class=\"nd_options_bg_greydark_alpha_gradient_3 nd_options_position_absolute nd_options_left_0 nd_options_height_100_percentage nd_options_width_100_percentage nd_options_box_sizing_border_box\">\n        <div class=\"nd_options_position_absolute nd_options_bottom_30 nd_options_width_100_percentage nd_options_padding_botttom_0 nd_options_padding_50 nd_options_box_sizing_border_box nd_options_text_align_center\">\n          <h3 class=\"nd_options_color_white\">DOB\u00cdJANIE ELEKTRICK\u00c9HO AUTOMOBILU<\/h3>\n          <div class=\"nd_options_section nd_options_height_10\"><\/div>\n          <h6 class=\"nd_options_color_white\"><strong><\/strong><\/h6>\n        <\/div>\n      <\/div>\n\n    <\/div>\n  <\/div>\n  <!--END team-->\n<div style=\"background-color:;height: 20px\" class=\"nicdark_section  \"><\/div>[vc_column_text]V hoteli Marco Polo db\u00e1me na v\u0161etky potreby na\u0161ich host\u00ed a oh\u013eaduplnos\u0165 k \u017eivotn\u00e9mu prostrediu. Ak m\u00e1te <strong>elektromobil<\/strong>, pon\u00fakame v\u00e1m mo\u017enos\u0165 dobi\u0165 si ho v\u010faka na\u0161ej \u00faplne novej <strong>nab\u00edjacej stanici<\/strong>. V\u0161etky podrobnosti si vy\u017eiadajte na recepcii.[\/vc_column_text]<div style=\"background-color:;height: 35px\" class=\"nicdark_section  \"><\/div>[\/vc_column][vc_column width=&#8220;1\/3&#8243;]<div style=\"background-color:;height: 10px\" class=\"nicdark_section  \"><\/div>\n\n  <!--START team-->\n  <div class=\" nd_options_team_component_l5 nd_options_section nd_options_box_sizing_border_box  \">    \n    <div class=\"nd_options_section nd_options_position_relative\">\n\n      <img decoding=\"async\" alt=\"\" class=\"nd_options_section\" src=\"https:\/\/www.hotelmarcopolo.it\/wp-content\/uploads\/hotel-marco-polo-taxi.png\">\n\n      <div class=\"nd_options_bg_greydark_alpha_gradient_3 nd_options_position_absolute nd_options_left_0 nd_options_height_100_percentage nd_options_width_100_percentage nd_options_box_sizing_border_box\">\n        <div class=\"nd_options_position_absolute nd_options_bottom_30 nd_options_width_100_percentage nd_options_padding_botttom_0 nd_options_padding_50 nd_options_box_sizing_border_box nd_options_text_align_center\">\n          <h3 class=\"nd_options_color_white\">TAXISLU\u017dBA NA REZERV\u00c1CIU<\/h3>\n          <div class=\"nd_options_section nd_options_height_10\"><\/div>\n          <h6 class=\"nd_options_color_white\"><strong><\/strong><\/h6>\n        <\/div>\n      <\/div>\n\n    <\/div>\n  <\/div>\n  <!--END team-->\n<div style=\"background-color:;height: 20px\" class=\"nicdark_section  \"><\/div>[vc_column_text]Na po\u017eiadanie a po rezerv\u00e1cii sme schopn\u00ed zabezpe\u010di\u0165 <strong>taxislu\u017ebu<\/strong> pre transfery z a na letisk\u00e1 a hlavn\u00e9 \u017eelezni\u010dn\u00e9 stanice, ktor\u00e9 sa nach\u00e1dzaj\u00fa v bl\u00edzkosti Jesolo.[\/vc_column_text]<div style=\"background-color:;height: 35px\" class=\"nicdark_section  \"><\/div>[\/vc_column][vc_column width=&#8220;1\/3&#8243;]<div style=\"background-color:;height: 10px\" class=\"nicdark_section  \"><\/div>\n\n  <!--START team-->\n  <div class=\" nd_options_team_component_l5 nd_options_section nd_options_box_sizing_border_box  \">    \n    <div class=\"nd_options_section nd_options_position_relative\">\n\n      <img decoding=\"async\" alt=\"\" class=\"nd_options_section\" src=\"https:\/\/www.hotelmarcopolo.it\/wp-content\/uploads\/hotel-marco-polo-escursioni.png\">\n\n      <div class=\"nd_options_bg_greydark_alpha_gradient_3 nd_options_position_absolute nd_options_left_0 nd_options_height_100_percentage nd_options_width_100_percentage nd_options_box_sizing_border_box\">\n        <div class=\"nd_options_position_absolute nd_options_bottom_30 nd_options_width_100_percentage nd_options_padding_botttom_0 nd_options_padding_50 nd_options_box_sizing_border_box nd_options_text_align_center\">\n          <h3 class=\"nd_options_color_white\">V\u00ddLETY A EXKURZIE<\/h3>\n          <div class=\"nd_options_section nd_options_height_10\"><\/div>\n          <h6 class=\"nd_options_color_white\"><strong><\/strong><\/h6>\n        <\/div>\n      <\/div>\n\n    <\/div>\n  <\/div>\n  <!--END team-->\n<div style=\"background-color:;height: 20px\" class=\"nicdark_section  \"><\/div>[vc_column_text]Ak chcete vyu\u017ei\u0165 pobyt v Jesolo na to, aby ste \u010do najlep\u0161ie vyu\u017eili v\u0161etky <strong>umeleck\u00e9 a pr\u00edrodn\u00e9 kr\u00e1sy<\/strong>, ktor\u00e9 n\u00e1\u0161 regi\u00f3n pon\u00faka, nev\u00e1hajte po\u017eiada\u0165 na\u0161ich zamestnancov o inform\u00e1cie a n\u00e1vrhy. M\u00f4\u017eeme v\u00e1m pom\u00f4c\u0165 zorganizova\u0165 v\u00fdlety do Ben\u00e1tok, Verony, Trevisa, Padovy, Caorle a \u010fal\u0161\u00edch miest v okol\u00ed.[\/vc_column_text]<div style=\"background-color:;height: 35px\" class=\"nicdark_section  \"><\/div>[\/vc_column][\/vc_row][vc_row][vc_column]<div style=\"background-color:;height: 50px\" class=\"nicdark_section  \"><\/div>[\/vc_column][\/vc_row]<\/p>\n","protected":false},"excerpt":{"rendered":"<p>[vc_row css=&#8220;.vc_custom_1633945662910{margin-top: 80px !important;}&#8220;][vc_column][vc_column_text] Na\u0161 hotel v\u00e1m pon\u00faka slu\u017eby v\u017edy zahrnut\u00e9 v cene izby, kontinent\u00e1lne ra\u0148ajky formou bufetu, pl\u00e1\u017eov\u00fd servis vyhraden\u00fd pre hotelov\u00fdch host\u00ed s dvomi le\u017eadlami a slne\u010dn\u00edkom na izbu, dostupnos\u0165 bicyklov na vy\u017eiadanie, parkovanie \u00e1ut a motocyklov na mieste, zlavny listok, ktory vam umo\u017e\u0148uje z\u00edskat 10% z\u013eavu v re\u0161taur\u00e1ci\u00e1ch na Via Bafile a [&hellip;]<\/p>\n","protected":false},"author":2,"featured_media":0,"parent":0,"menu_order":0,"comment_status":"closed","ping_status":"closed","template":"","meta":{"footnotes":""},"class_list":["post-4161","page","type-page","status-publish","hentry"],"yoast_head":"<!-- This site is optimized with the Yoast SEO plugin v21.5 - https:\/\/yoast.com\/wordpress\/plugins\/seo\/ -->\n<title>Slu\u017eby hotela Marco Polo<\/title>\n<meta name=\"description\" content=\"Vynikaj\u00faci trojhviezdi\u010dkov\u00fd hotel na zn\u00e1mej ulici Via Bafile v Jesole. Vybaven\u00e9 parkoviskom, klimatiz\u00e0ciou,vhodn\u00fd pre bicykle a dom\u00e1ce zvierat\u00e1.\" \/>\n<meta name=\"robots\" content=\"index, follow, max-snippet:-1, max-image-preview:large, max-video-preview:-1\" \/>\n<link rel=\"canonical\" href=\"https:\/\/www.hotelmarcopolo.it\/sk\/sluzby\/\" \/>\n<meta property=\"og:locale\" content=\"sk_SK\" \/>\n<meta property=\"og:type\" content=\"article\" \/>\n<meta property=\"og:title\" content=\"Slu\u017eby hotela Marco Polo\" \/>\n<meta property=\"og:description\" content=\"Vynikaj\u00faci trojhviezdi\u010dkov\u00fd hotel na zn\u00e1mej ulici Via Bafile v Jesole. Vybaven\u00e9 parkoviskom, klimatiz\u00e0ciou,vhodn\u00fd pre bicykle a dom\u00e1ce zvierat\u00e1.\" \/>\n<meta property=\"og:url\" content=\"https:\/\/www.hotelmarcopolo.it\/sk\/sluzby\/\" \/>\n<meta property=\"og:site_name\" content=\"Hotel Marco Polo\" \/>\n<meta property=\"article:modified_time\" content=\"2024-04-22T07:50:52+00:00\" \/>\n<meta name=\"twitter:card\" content=\"summary_large_image\" \/>\n<meta name=\"twitter:label1\" content=\"Predpokladan\u00fd \u010das \u010d\u00edtania\" \/>\n\t<meta name=\"twitter:data1\" content=\"3 min\u00faty\" \/>\n<script type=\"application\/ld+json\" class=\"yoast-schema-graph\">{\"@context\":\"https:\/\/schema.org\",\"@graph\":[{\"@type\":\"WebPage\",\"@id\":\"https:\/\/www.hotelmarcopolo.it\/sk\/sluzby\/\",\"url\":\"https:\/\/www.hotelmarcopolo.it\/sk\/sluzby\/\",\"name\":\"Slu\u017eby hotela Marco Polo\",\"isPartOf\":{\"@id\":\"https:\/\/www.hotelmarcopolo.it\/sk\/#website\"},\"datePublished\":\"2021-05-26T16:11:58+00:00\",\"dateModified\":\"2024-04-22T07:50:52+00:00\",\"description\":\"Vynikaj\u00faci trojhviezdi\u010dkov\u00fd hotel na zn\u00e1mej ulici Via Bafile v Jesole. Vybaven\u00e9 parkoviskom, klimatiz\u00e0ciou,vhodn\u00fd pre bicykle a dom\u00e1ce zvierat\u00e1.\",\"breadcrumb\":{\"@id\":\"https:\/\/www.hotelmarcopolo.it\/sk\/sluzby\/#breadcrumb\"},\"inLanguage\":\"sk-SK\",\"potentialAction\":[{\"@type\":\"ReadAction\",\"target\":[\"https:\/\/www.hotelmarcopolo.it\/sk\/sluzby\/\"]}]},{\"@type\":\"BreadcrumbList\",\"@id\":\"https:\/\/www.hotelmarcopolo.it\/sk\/sluzby\/#breadcrumb\",\"itemListElement\":[{\"@type\":\"ListItem\",\"position\":1,\"name\":\"Home\",\"item\":\"https:\/\/www.hotelmarcopolo.it\/sk\/\"},{\"@type\":\"ListItem\",\"position\":2,\"name\":\"Slu\u017eby\"}]},{\"@type\":\"WebSite\",\"@id\":\"https:\/\/www.hotelmarcopolo.it\/sk\/#website\",\"url\":\"https:\/\/www.hotelmarcopolo.it\/sk\/\",\"name\":\"Hotel Marco Polo\",\"description\":\"Un nuovo sito targato WordPress\",\"potentialAction\":[{\"@type\":\"SearchAction\",\"target\":{\"@type\":\"EntryPoint\",\"urlTemplate\":\"https:\/\/www.hotelmarcopolo.it\/sk\/?s={search_term_string}\"},\"query-input\":\"required name=search_term_string\"}],\"inLanguage\":\"sk-SK\"}]}<\/script>\n<!-- \/ Yoast SEO plugin. -->","yoast_head_json":{"title":"Slu\u017eby hotela Marco Polo","description":"Vynikaj\u00faci trojhviezdi\u010dkov\u00fd hotel na zn\u00e1mej ulici Via Bafile v Jesole. Vybaven\u00e9 parkoviskom, klimatiz\u00e0ciou,vhodn\u00fd pre bicykle a dom\u00e1ce zvierat\u00e1.","robots":{"index":"index","follow":"follow","max-snippet":"max-snippet:-1","max-image-preview":"max-image-preview:large","max-video-preview":"max-video-preview:-1"},"canonical":"https:\/\/www.hotelmarcopolo.it\/sk\/sluzby\/","og_locale":"sk_SK","og_type":"article","og_title":"Slu\u017eby hotela Marco Polo","og_description":"Vynikaj\u00faci trojhviezdi\u010dkov\u00fd hotel na zn\u00e1mej ulici Via Bafile v Jesole. Vybaven\u00e9 parkoviskom, klimatiz\u00e0ciou,vhodn\u00fd pre bicykle a dom\u00e1ce zvierat\u00e1.","og_url":"https:\/\/www.hotelmarcopolo.it\/sk\/sluzby\/","og_site_name":"Hotel Marco Polo","article_modified_time":"2024-04-22T07:50:52+00:00","twitter_card":"summary_large_image","twitter_misc":{"Predpokladan\u00fd \u010das \u010d\u00edtania":"3 min\u00faty"},"schema":{"@context":"https:\/\/schema.org","@graph":[{"@type":"WebPage","@id":"https:\/\/www.hotelmarcopolo.it\/sk\/sluzby\/","url":"https:\/\/www.hotelmarcopolo.it\/sk\/sluzby\/","name":"Slu\u017eby hotela Marco Polo","isPartOf":{"@id":"https:\/\/www.hotelmarcopolo.it\/sk\/#website"},"datePublished":"2021-05-26T16:11:58+00:00","dateModified":"2024-04-22T07:50:52+00:00","description":"Vynikaj\u00faci trojhviezdi\u010dkov\u00fd hotel na zn\u00e1mej ulici Via Bafile v Jesole. Vybaven\u00e9 parkoviskom, klimatiz\u00e0ciou,vhodn\u00fd pre bicykle a dom\u00e1ce zvierat\u00e1.","breadcrumb":{"@id":"https:\/\/www.hotelmarcopolo.it\/sk\/sluzby\/#breadcrumb"},"inLanguage":"sk-SK","potentialAction":[{"@type":"ReadAction","target":["https:\/\/www.hotelmarcopolo.it\/sk\/sluzby\/"]}]},{"@type":"BreadcrumbList","@id":"https:\/\/www.hotelmarcopolo.it\/sk\/sluzby\/#breadcrumb","itemListElement":[{"@type":"ListItem","position":1,"name":"Home","item":"https:\/\/www.hotelmarcopolo.it\/sk\/"},{"@type":"ListItem","position":2,"name":"Slu\u017eby"}]},{"@type":"WebSite","@id":"https:\/\/www.hotelmarcopolo.it\/sk\/#website","url":"https:\/\/www.hotelmarcopolo.it\/sk\/","name":"Hotel Marco Polo","description":"Un nuovo sito targato WordPress","potentialAction":[{"@type":"SearchAction","target":{"@type":"EntryPoint","urlTemplate":"https:\/\/www.hotelmarcopolo.it\/sk\/?s={search_term_string}"},"query-input":"required name=search_term_string"}],"inLanguage":"sk-SK"}]}},"_links":{"self":[{"href":"https:\/\/www.hotelmarcopolo.it\/sk\/wp-json\/wp\/v2\/pages\/4161","targetHints":{"allow":["GET"]}}],"collection":[{"href":"https:\/\/www.hotelmarcopolo.it\/sk\/wp-json\/wp\/v2\/pages"}],"about":[{"href":"https:\/\/www.hotelmarcopolo.it\/sk\/wp-json\/wp\/v2\/types\/page"}],"author":[{"embeddable":true,"href":"https:\/\/www.hotelmarcopolo.it\/sk\/wp-json\/wp\/v2\/users\/2"}],"replies":[{"embeddable":true,"href":"https:\/\/www.hotelmarcopolo.it\/sk\/wp-json\/wp\/v2\/comments?post=4161"}],"version-history":[{"count":5,"href":"https:\/\/www.hotelmarcopolo.it\/sk\/wp-json\/wp\/v2\/pages\/4161\/revisions"}],"predecessor-version":[{"id":11157,"href":"https:\/\/www.hotelmarcopolo.it\/sk\/wp-json\/wp\/v2\/pages\/4161\/revisions\/11157"}],"wp:attachment":[{"href":"https:\/\/www.hotelmarcopolo.it\/sk\/wp-json\/wp\/v2\/media?parent=4161"}],"curies":[{"name":"wp","href":"https:\/\/api.w.org\/{rel}","templated":true}]}}