{"id":4186,"date":"2021-05-28T11:46:17","date_gmt":"2021-05-28T09:46:17","guid":{"rendered":"https:\/\/www.hotelmarcopolo.it\/dintorni\/"},"modified":"2023-06-08T16:07:28","modified_gmt":"2023-06-08T14:07:28","slug":"okolie","status":"publish","type":"page","link":"https:\/\/www.hotelmarcopolo.it\/sk\/okolie\/","title":{"rendered":"Okolie"},"content":{"rendered":"<p>[vc_row css=&#8220;.vc_custom_1633956250378{margin-top: 80px !important;}&#8220;][vc_column width=&#8220;1\/2&#8243; el_class=&#8220;nd_options_text_align_left&#8220;]\n\n    <div class=\"nd_options_section nd_options_position_relative \">\n\n        <img decoding=\"async\" style=\"top:px\" alt=\"\" class=\"nd_options_position_absolute nd_options_left_0\" width=\"80\" src=\"https:\/\/www.hotelmarcopolo.it\/wp-content\/uploads\/church-2.png\">\n\n        <div style=\"padding-left:100px\" class=\"nd_options_section nd_options_box_sizing_border_box\">\n            \n            <h3 class=\"  \" style=\"margin:0px 0px 10px 0px;color:#000000;font-size:px;line-height:px\">Kostol<\/h3> \n            <p class=\"nd_options_second_font nd_options_line_height_20_important \" style=\"margin:0px 0px 5px 0px;color:#878787;font-size:14px;line-height:24px\">Na n\u00e1mest\u00ed Piazza Trieste je kostol Santa Maria Ausiliatrice, sl\u00fa\u017ei sv\u00e4t\u00e1 om\u0161a ka\u017ed\u00fd de\u0148, j\u00fal a august dokonca aj do 21.00 hod.<\/p> \n            \n\n        <\/div>\n\n    <\/div>\n\n  <div style=\"background-color:;height: 50px\" class=\"nicdark_section  \"><\/div>[\/vc_column][vc_column width=&#8220;1\/2&#8243;]\n\n    <div class=\"nd_options_section nd_options_position_relative \">\n\n        <img decoding=\"async\" style=\"top:px\" alt=\"\" class=\"nd_options_position_absolute nd_options_left_0\" width=\"80\" src=\"https:\/\/www.hotelmarcopolo.it\/wp-content\/uploads\/store-2.png\">\n\n        <div style=\"padding-left:100px\" class=\"nd_options_section nd_options_box_sizing_border_box\">\n            \n            <h3 class=\"  \" style=\"margin:0px 0px 10px 0px;color:#000000;font-size:px;line-height:px\">Supermarkety<\/h3> \n            <p class=\"nd_options_second_font nd_options_line_height_20_important \" style=\"margin:0px 0px 5px 0px;color:#878787;font-size:14px;line-height:24px\">V bezprostrednej bl\u00edzkosti n\u00e1jdete supermarket Eurospar alebo Max\u00ec. Ne\u010faleko n\u00e1\u0161ho hotela n\u00e1jdete Laguna Shopping centrum so supermarketom Famila alebo IperTosano v Jesolo Paese.<\/p> \n            \n\n        <\/div>\n\n    <\/div>\n\n  <div style=\"background-color:;height: 50px\" class=\"nicdark_section  \"><\/div>[\/vc_column][\/vc_row][vc_row][vc_column width=&#8220;1\/2&#8243; el_class=&#8220;nd_options_text_align_left&#8220;]\n\n    <div class=\"nd_options_section nd_options_position_relative \">\n\n        <img decoding=\"async\" style=\"top:px\" alt=\"\" class=\"nd_options_position_absolute nd_options_left_0\" width=\"80\" src=\"https:\/\/www.hotelmarcopolo.it\/wp-content\/uploads\/bus-stop-2.png\">\n\n        <div style=\"padding-left:100px\" class=\"nd_options_section nd_options_box_sizing_border_box\">\n            \n            <h3 class=\"  \" style=\"margin:0px 0px 10px 0px;color:#000000;font-size:px;line-height:px\">\u017delezni\u010dn\u00e1 stanica<\/h3> \n            <p class=\"nd_options_second_font nd_options_line_height_20_important \" style=\"margin:0px 0px 5px 0px;color:#878787;font-size:14px;line-height:24px\">Autobusov\u00e1 stanica Jesolo je p\u00e1r min\u00fat ch\u00f4dze od hotela Marco Polo, e\u0161te bli\u017e\u0161ie n\u00e1jdete zast\u00e1vku pred kostolom na n\u00e1mest\u00ed Piazza Trieste.<\/p> \n            \n\n        <\/div>\n\n    <\/div>\n\n  <div style=\"background-color:;height: 50px\" class=\"nicdark_section  \"><\/div>[\/vc_column][vc_column width=&#8220;1\/2&#8243;]\n\n    <div class=\"nd_options_section nd_options_position_relative \">\n\n        <img decoding=\"async\" style=\"top:px\" alt=\"\" class=\"nd_options_position_absolute nd_options_left_0\" width=\"80\" src=\"https:\/\/www.hotelmarcopolo.it\/wp-content\/uploads\/pawprint-1.png\">\n\n        <div style=\"padding-left:100px\" class=\"nd_options_section nd_options_box_sizing_border_box\">\n            \n            <h3 class=\"  \" style=\"margin:0px 0px 10px 0px;color:#000000;font-size:px;line-height:px\">Bau Bau Beach<\/h3> \n            <p class=\"nd_options_second_font nd_options_line_height_20_important \" style=\"margin:0px 0px 5px 0px;color:#878787;font-size:14px;line-height:24px\">Pl\u00e1\u017e Bau Bau Pl\u00e1\u017e venovan\u00e1 4-noh\u00fdm priate\u013eom je v Lido di Jesolo v\u017edy dostupn\u00e1, dostanete sa k nej pe\u0161o po pl\u00e1\u017eovom chodn\u00edku alebo po via Bafile. Je to asi 1,5 km od n\u00e1\u0161ho hotela, poskytujeme aj bicykle pre t\u00fdch, ktor\u00ed sa tam chc\u00fa r\u00fdchlo dosta\u0165.<\/p> \n            \n\n        <\/div>\n\n    <\/div>\n\n  <div style=\"background-color:;height: 50px\" class=\"nicdark_section  \"><\/div>[\/vc_column][\/vc_row][vc_row css=&#8220;.vc_custom_1633956262377{margin-bottom: 30px !important;}&#8220;][vc_column width=&#8220;1\/2&#8243; el_class=&#8220;nd_options_text_align_left&#8220;]\n\n    <div class=\"nd_options_section nd_options_position_relative \">\n\n        <img decoding=\"async\" style=\"top:px\" alt=\"\" class=\"nd_options_position_absolute nd_options_left_0\" width=\"80\" src=\"https:\/\/www.hotelmarcopolo.it\/wp-content\/uploads\/pharmacy.png\">\n\n        <div style=\"padding-left:100px\" class=\"nd_options_section nd_options_box_sizing_border_box\">\n            \n            <h3 class=\"  \" style=\"margin:0px 0px 10px 0px;color:#000000;font-size:px;line-height:px\">Lek\u00e1re\u0148<\/h3> \n            <p class=\"nd_options_second_font nd_options_line_height_20_important \" style=\"margin:0px 0px 5px 0px;color:#878787;font-size:14px;line-height:24px\">Lek\u00e1re\u0148 Cossettini sa nach\u00e1dza ved\u013ea n\u00e1\u0161ho hotela a je v\u00e1m k dispoz\u00edcii ka\u017ed\u00fd de\u0148.<\/p> \n            \n\n        <\/div>\n\n    <\/div>\n\n  <div style=\"background-color:;height: 50px\" class=\"nicdark_section  \"><\/div>[\/vc_column][vc_column width=&#8220;1\/2&#8243;]\n\n    <div class=\"nd_options_section nd_options_position_relative \">\n\n        <img decoding=\"async\" style=\"top:px\" alt=\"\" class=\"nd_options_position_absolute nd_options_left_0\" width=\"80\" src=\"https:\/\/www.hotelmarcopolo.it\/wp-content\/uploads\/atm-machine.png\">\n\n        <div style=\"padding-left:100px\" class=\"nd_options_section nd_options_box_sizing_border_box\">\n            \n            <h3 class=\"  \" style=\"margin:0px 0px 10px 0px;color:#000000;font-size:px;line-height:px\">Bankomat<\/h3> \n            <p class=\"nd_options_second_font nd_options_line_height_20_important \" style=\"margin:0px 0px 5px 0px;color:#878787;font-size:14px;line-height:24px\">V Banke \u201ebanca Unicredit \u201e na n\u00e1mest\u00ed Piazza Trieste pri kostole m\u00f4\u017eete jednoducho vybera\u0165 a vklada\u0165 peniaze.<\/p> \n            \n\n        <\/div>\n\n    <\/div>\n\n  <div style=\"background-color:;height: 50px\" class=\"nicdark_section  \"><\/div>[\/vc_column][\/vc_row]<\/p>\n","protected":false},"excerpt":{"rendered":"<p>[vc_row css=&#8220;.vc_custom_1633956250378{margin-top: 80px !important;}&#8220;][vc_column width=&#8220;1\/2&#8243; el_class=&#8220;nd_options_text_align_left&#8220;][\/vc_column][vc_column width=&#8220;1\/2&#8243;][\/vc_column][\/vc_row][vc_row][vc_column width=&#8220;1\/2&#8243; el_class=&#8220;nd_options_text_align_left&#8220;][\/vc_column][vc_column width=&#8220;1\/2&#8243;][\/vc_column][\/vc_row][vc_row css=&#8220;.vc_custom_1633956262377{margin-bottom: 30px !important;}&#8220;][vc_column width=&#8220;1\/2&#8243; el_class=&#8220;nd_options_text_align_left&#8220;][\/vc_column][vc_column width=&#8220;1\/2&#8243;][\/vc_column][\/vc_row]<\/p>\n","protected":false},"author":2,"featured_media":0,"parent":0,"menu_order":0,"comment_status":"closed","ping_status":"closed","template":"","meta":{"footnotes":""},"class_list":["post-4186","page","type-page","status-publish","hentry"],"yoast_head":"<!-- This site is optimized with the Yoast SEO plugin v21.5 - https:\/\/yoast.com\/wordpress\/plugins\/seo\/ -->\n<title>Okolie hotela Marco Polo<\/title>\n<meta name=\"description\" content=\"P\u00e1r krokov od hotela Marco Polo n\u00e1jdete: kostol, supermarkety, bankomaty, pl\u00e1\u017e bau bau, autobusov\u00f9stanicu a lek\u00e1re\u0148.\" \/>\n<meta name=\"robots\" content=\"index, follow, max-snippet:-1, max-image-preview:large, max-video-preview:-1\" \/>\n<link rel=\"canonical\" href=\"https:\/\/www.hotelmarcopolo.it\/sk\/okolie\/\" \/>\n<meta property=\"og:locale\" content=\"sk_SK\" \/>\n<meta property=\"og:type\" content=\"article\" \/>\n<meta property=\"og:title\" content=\"Okolie hotela Marco Polo\" \/>\n<meta property=\"og:description\" content=\"P\u00e1r krokov od hotela Marco Polo n\u00e1jdete: kostol, supermarkety, bankomaty, pl\u00e1\u017e bau bau, autobusov\u00f9stanicu a lek\u00e1re\u0148.\" \/>\n<meta property=\"og:url\" content=\"https:\/\/www.hotelmarcopolo.it\/sk\/okolie\/\" \/>\n<meta property=\"og:site_name\" content=\"Hotel Marco Polo\" \/>\n<meta property=\"article:modified_time\" content=\"2023-06-08T14:07:28+00:00\" \/>\n<meta name=\"twitter:card\" content=\"summary_large_image\" \/>\n<meta name=\"twitter:label1\" content=\"Predpokladan\u00fd \u010das \u010d\u00edtania\" \/>\n\t<meta name=\"twitter:data1\" content=\"2 min\u00faty\" \/>\n<script type=\"application\/ld+json\" class=\"yoast-schema-graph\">{\"@context\":\"https:\/\/schema.org\",\"@graph\":[{\"@type\":\"WebPage\",\"@id\":\"https:\/\/www.hotelmarcopolo.it\/sk\/okolie\/\",\"url\":\"https:\/\/www.hotelmarcopolo.it\/sk\/okolie\/\",\"name\":\"Okolie hotela Marco Polo\",\"isPartOf\":{\"@id\":\"https:\/\/www.hotelmarcopolo.it\/sk\/#website\"},\"datePublished\":\"2021-05-28T09:46:17+00:00\",\"dateModified\":\"2023-06-08T14:07:28+00:00\",\"description\":\"P\u00e1r krokov od hotela Marco Polo n\u00e1jdete: kostol, supermarkety, bankomaty, pl\u00e1\u017e bau bau, autobusov\u00f9stanicu a lek\u00e1re\u0148.\",\"breadcrumb\":{\"@id\":\"https:\/\/www.hotelmarcopolo.it\/sk\/okolie\/#breadcrumb\"},\"inLanguage\":\"sk-SK\",\"potentialAction\":[{\"@type\":\"ReadAction\",\"target\":[\"https:\/\/www.hotelmarcopolo.it\/sk\/okolie\/\"]}]},{\"@type\":\"BreadcrumbList\",\"@id\":\"https:\/\/www.hotelmarcopolo.it\/sk\/okolie\/#breadcrumb\",\"itemListElement\":[{\"@type\":\"ListItem\",\"position\":1,\"name\":\"Home\",\"item\":\"https:\/\/www.hotelmarcopolo.it\/sk\/\"},{\"@type\":\"ListItem\",\"position\":2,\"name\":\"Okolie\"}]},{\"@type\":\"WebSite\",\"@id\":\"https:\/\/www.hotelmarcopolo.it\/sk\/#website\",\"url\":\"https:\/\/www.hotelmarcopolo.it\/sk\/\",\"name\":\"Hotel Marco Polo\",\"description\":\"Un nuovo sito targato WordPress\",\"potentialAction\":[{\"@type\":\"SearchAction\",\"target\":{\"@type\":\"EntryPoint\",\"urlTemplate\":\"https:\/\/www.hotelmarcopolo.it\/sk\/?s={search_term_string}\"},\"query-input\":\"required name=search_term_string\"}],\"inLanguage\":\"sk-SK\"}]}<\/script>\n<!-- \/ Yoast SEO plugin. -->","yoast_head_json":{"title":"Okolie hotela Marco Polo","description":"P\u00e1r krokov od hotela Marco Polo n\u00e1jdete: kostol, supermarkety, bankomaty, pl\u00e1\u017e bau bau, autobusov\u00f9stanicu a lek\u00e1re\u0148.","robots":{"index":"index","follow":"follow","max-snippet":"max-snippet:-1","max-image-preview":"max-image-preview:large","max-video-preview":"max-video-preview:-1"},"canonical":"https:\/\/www.hotelmarcopolo.it\/sk\/okolie\/","og_locale":"sk_SK","og_type":"article","og_title":"Okolie hotela Marco Polo","og_description":"P\u00e1r krokov od hotela Marco Polo n\u00e1jdete: kostol, supermarkety, bankomaty, pl\u00e1\u017e bau bau, autobusov\u00f9stanicu a lek\u00e1re\u0148.","og_url":"https:\/\/www.hotelmarcopolo.it\/sk\/okolie\/","og_site_name":"Hotel Marco Polo","article_modified_time":"2023-06-08T14:07:28+00:00","twitter_card":"summary_large_image","twitter_misc":{"Predpokladan\u00fd \u010das \u010d\u00edtania":"2 min\u00faty"},"schema":{"@context":"https:\/\/schema.org","@graph":[{"@type":"WebPage","@id":"https:\/\/www.hotelmarcopolo.it\/sk\/okolie\/","url":"https:\/\/www.hotelmarcopolo.it\/sk\/okolie\/","name":"Okolie hotela Marco Polo","isPartOf":{"@id":"https:\/\/www.hotelmarcopolo.it\/sk\/#website"},"datePublished":"2021-05-28T09:46:17+00:00","dateModified":"2023-06-08T14:07:28+00:00","description":"P\u00e1r krokov od hotela Marco Polo n\u00e1jdete: kostol, supermarkety, bankomaty, pl\u00e1\u017e bau bau, autobusov\u00f9stanicu a lek\u00e1re\u0148.","breadcrumb":{"@id":"https:\/\/www.hotelmarcopolo.it\/sk\/okolie\/#breadcrumb"},"inLanguage":"sk-SK","potentialAction":[{"@type":"ReadAction","target":["https:\/\/www.hotelmarcopolo.it\/sk\/okolie\/"]}]},{"@type":"BreadcrumbList","@id":"https:\/\/www.hotelmarcopolo.it\/sk\/okolie\/#breadcrumb","itemListElement":[{"@type":"ListItem","position":1,"name":"Home","item":"https:\/\/www.hotelmarcopolo.it\/sk\/"},{"@type":"ListItem","position":2,"name":"Okolie"}]},{"@type":"WebSite","@id":"https:\/\/www.hotelmarcopolo.it\/sk\/#website","url":"https:\/\/www.hotelmarcopolo.it\/sk\/","name":"Hotel Marco Polo","description":"Un nuovo sito targato WordPress","potentialAction":[{"@type":"SearchAction","target":{"@type":"EntryPoint","urlTemplate":"https:\/\/www.hotelmarcopolo.it\/sk\/?s={search_term_string}"},"query-input":"required name=search_term_string"}],"inLanguage":"sk-SK"}]}},"_links":{"self":[{"href":"https:\/\/www.hotelmarcopolo.it\/sk\/wp-json\/wp\/v2\/pages\/4186","targetHints":{"allow":["GET"]}}],"collection":[{"href":"https:\/\/www.hotelmarcopolo.it\/sk\/wp-json\/wp\/v2\/pages"}],"about":[{"href":"https:\/\/www.hotelmarcopolo.it\/sk\/wp-json\/wp\/v2\/types\/page"}],"author":[{"embeddable":true,"href":"https:\/\/www.hotelmarcopolo.it\/sk\/wp-json\/wp\/v2\/users\/2"}],"replies":[{"embeddable":true,"href":"https:\/\/www.hotelmarcopolo.it\/sk\/wp-json\/wp\/v2\/comments?post=4186"}],"version-history":[{"count":0,"href":"https:\/\/www.hotelmarcopolo.it\/sk\/wp-json\/wp\/v2\/pages\/4186\/revisions"}],"wp:attachment":[{"href":"https:\/\/www.hotelmarcopolo.it\/sk\/wp-json\/wp\/v2\/media?parent=4186"}],"curies":[{"name":"wp","href":"https:\/\/api.w.org\/{rel}","templated":true}]}}