{"id":4196,"date":"2021-05-28T15:05:58","date_gmt":"2021-05-28T13:05:58","guid":{"rendered":"https:\/\/www.hotelmarcopolo.it\/contatti\/"},"modified":"2022-03-28T16:50:39","modified_gmt":"2022-03-28T14:50:39","slug":"kontakty","status":"publish","type":"page","link":"https:\/\/www.hotelmarcopolo.it\/sk\/kontakty\/","title":{"rendered":"Kontakty"},"content":{"rendered":"<p>[vc_row css=&#8220;.vc_custom_1633956299380{margin-top: 30px !important;}&#8220;][vc_column width=&#8220;1\/2&#8243; css=&#8220;.vc_custom_1467214267244{padding-top: 10px !important;padding-bottom: 10px !important;}&#8220;] <h2 style=\"color:;padding:px;text-align:;font-size:25px;line-height:25px;letter-spacing: px;font-weight:normal\" class=\"   nd_options_first_font \">JOGGING, PL\u00c1VANIE A NAKUPOVANIE<\/h2> <div style=\"background-color:;height: 20px\" class=\"nicdark_section  \"><\/div>[vc_column_text]Ak chcete vyu\u017ei\u0165 \u010fal\u0161ie zauj\u00edmav\u00e9 ponuky a n\u00e1vrhy, nev\u00e1hajte n\u00e1s kontaktova\u0165 priamo pomocou formul\u00e1ra, zabezpe\u010d\u00edme v\u00e1m rezerv\u00e1ciu najv\u00fdhodnej\u0161ej ceny.[\/vc_column_text]<div style=\"background-color:;height: 20px\" class=\"nicdark_section  \"><\/div>\n\n    <!--start form-->\n    <div id=\"nd_options_shortcode_cf7_4201\" class=\"nd_options_section \">\n      \n      <div class=\"nd_options_section nd_options_box_sizing_border_box\">\n        \n<div class=\"wpcf7 no-js\" id=\"wpcf7-f4201-o1\" lang=\"it-IT\" dir=\"ltr\">\n<div class=\"screen-reader-response\"><p role=\"status\" aria-live=\"polite\" aria-atomic=\"true\"><\/p> <ul><\/ul><\/div>\n<form action=\"\/sk\/wp-json\/wp\/v2\/pages\/4196#wpcf7-f4201-o1\" method=\"post\" class=\"wpcf7-form init\" aria-label=\"Modulo di contatto\" novalidate=\"novalidate\" data-status=\"init\">\n<div>\n<input type=\"hidden\" name=\"_wpcf7\" value=\"4201\" \/>\n<input type=\"hidden\" name=\"_wpcf7_version\" value=\"5.8.5\" \/>\n<input type=\"hidden\" name=\"_wpcf7_locale\" value=\"it_IT\" \/>\n<input type=\"hidden\" name=\"_wpcf7_unit_tag\" value=\"wpcf7-f4201-o1\" \/>\n<input type=\"hidden\" name=\"_wpcf7_container_post\" value=\"0\" \/>\n<input type=\"hidden\" name=\"_wpcf7_posted_data_hash\" value=\"\" \/>\n<\/div>\n<p><label>Meno a Priezvisko<\/label><br \/>\n<span class=\"wpcf7-form-control-wrap\" data-name=\"nome\"><input size=\"40\" class=\"wpcf7-form-control wpcf7-text wpcf7-validates-as-required\" aria-required=\"true\" aria-invalid=\"false\" value=\"\" type=\"text\" name=\"nome\" \/><\/span>\n<\/p>\n<p><label>Mesto<\/label><br \/>\n<span class=\"wpcf7-form-control-wrap\" data-name=\"citta\"><input size=\"40\" class=\"wpcf7-form-control wpcf7-text wpcf7-validates-as-required\" aria-required=\"true\" aria-invalid=\"false\" value=\"\" type=\"text\" name=\"citta\" \/><\/span>\n<\/p>\n<p><label>E-mail<\/label><br \/>\n<span class=\"wpcf7-form-control-wrap\" data-name=\"email\"><input size=\"40\" class=\"wpcf7-form-control wpcf7-email wpcf7-validates-as-required wpcf7-text wpcf7-validates-as-email\" aria-required=\"true\" aria-invalid=\"false\" value=\"\" type=\"email\" name=\"email\" \/><\/span>\n<\/p>\n<p><label>Telefonne cislo<\/label><br \/>\n<span class=\"wpcf7-form-control-wrap\" data-name=\"telefono\"><input size=\"40\" class=\"wpcf7-form-control wpcf7-tel wpcf7-validates-as-required wpcf7-text wpcf7-validates-as-tel\" aria-required=\"true\" aria-invalid=\"false\" value=\"\" type=\"tel\" name=\"telefono\" \/><\/span>\n<\/p>\n<p><label>\u017diados\u0165 o inform\u00e1cie \/ rezerv\u00e1cia<\/label><br \/>\n<span class=\"wpcf7-form-control-wrap\" data-name=\"informazioni\"><textarea cols=\"40\" rows=\"5\" class=\"wpcf7-form-control wpcf7-textarea wpcf7-validates-as-required\" aria-invalid=\"false\" name=\"informazioni\"><\/textarea><\/span>\n<\/p>\n<p>Informujeme V\u00e1s, \u017ee \u00fadaje, ktor\u00e9 n\u00e1m poskytnete, bud\u00fa spracovan\u00e9 elektronicky v s\u00falade so z\u00e1sadami a \u010dasmi stanoven\u00fdmi platnou legislat\u00edvou o ochrane \u00fadajov (Nariadenie E\u00da \u010d. 679 z roku 2016) v\u00fdlu\u010dne za \u00fa\u010delom poskytnutia V\u00e1m po\u017eadovan\u00fdch inform\u00e1ci\u00ed, pr\u00edpadne definova\u0165 \/ potvrdi\u0165 rezerv\u00e1ciu izieb a \u010fal\u0161\u00edch<br \/>\nslu\u017eieb. Kompletn\u00e9 inform\u00e1cie o sp\u00f4soboch a \u00fa\u010deloch vykon\u00e1van\u00e9ho spracovania s\u00fa dostupn\u00e9 cez nasleduj\u00faci odkaz: Z\u00e1sady ochrany osobn\u00fdch \u00fadajov.\n<\/p>\n<p>Z\u00e1sady ochrany osobn\u00fdch \u00fadajov. Ak m\u00e1te z\u00e1ujem dost\u00e1va\u0165 v bud\u00facnosti na vami uveden\u00fa adresu n\u00e1\u0161 newsletter \/ pravideln\u00e9 inform\u00e1cie o na\u0161ich sadzb\u00e1ch a \u0161peci\u00e1lnych ponuk\u00e1ch, mus\u00edte n\u00e1m poskytn\u00fa\u0165 pr\u00edslu\u0161n\u00fd s\u00fahlas. Tento s\u00fahlas v\u0161ak m\u00f4\u017eete n\u00e1sledne kedyko\u013evek odvola\u0165, ako je uveden\u00e9 v inform\u00e1ci\u00e1ch.\n<\/p>\n<p><span class=\"wpcf7-form-control-wrap\" data-name=\"informativa\"><span class=\"wpcf7-form-control wpcf7-acceptance\"><span class=\"wpcf7-list-item\"><label><input type=\"checkbox\" name=\"informativa\" value=\"1\" aria-invalid=\"false\" \/><span class=\"wpcf7-list-item-label\">Beriem na vedomie inform\u00e1ciu o spracovan\u00ed osobn\u00fdch \u00fadajov<\/span><\/label><\/span><\/span><\/span>\n<\/p>\n<p><span class=\"wpcf7-form-control-wrap\" data-name=\"newsletter\"><span class=\"wpcf7-form-control wpcf7-acceptance optional\"><span class=\"wpcf7-list-item\"><label><input type=\"checkbox\" name=\"newsletter\" value=\"1\" aria-invalid=\"false\" \/><span class=\"wpcf7-list-item-label\">S\u00fahlas\u00edm so zasielan\u00edm newsletteru a pravidelnej dokument\u00e1cie o sadzb\u00e1ch a ponuk\u00e1ch na mnou uveden\u00fa adresu<\/span><\/label><\/span><\/span><\/span>\n<\/p>\n<p><input class=\"wpcf7-form-control wpcf7-submit has-spinner\" type=\"submit\" value=\"ODOSLA\u0164\" \/>\n<\/p><input type=\"text\" name=\"PufJq\" value=\"\" \/><input type='hidden' class='wpcf7-pum' value='{\"closepopup\":false,\"closedelay\":0,\"openpopup\":false,\"openpopup_id\":0}' \/><div class=\"wpcf7-response-output\" aria-hidden=\"true\"><\/div>\n<\/form>\n<\/div>\n \n      <\/div>  \n\n    <\/div>\n    <!--end form-->\n\n   [\/vc_column][vc_column width=&#8220;1\/2&#8243; css=&#8220;.vc_custom_1467214272039{padding-top: 10px !important;padding-bottom: 10px !important;}&#8220;][vc_raw_html]JTNDaWZyYW1lJTIwc3JjJTNEJTIyaHR0cHMlM0ElMkYlMkZ3d3cuZ29vZ2xlLmNvbSUyRm1hcHMlMkZlbWJlZCUzRnBiJTNEJTIxMW0xOCUyMTFtMTIlMjExbTMlMjExZDI3OTYuMjc0MTQxNzkxOTY1NiUyMTJkMTIuNjM5MjgwODE1MzI2MDg5JTIxM2Q0NS41MDQ1NTk3NzkxMDE0NTYlMjEybTMlMjExZjAlMjEyZjAlMjEzZjAlMjEzbTIlMjExaTEwMjQlMjEyaTc2OCUyMTRmMTMuMSUyMTNtMyUyMTFtMiUyMTFzMHg0NzdjMDA5ZTY1MmJiM2I1JTI1M0EweDUwMjI0MTA3MGIwMjk5NTUlMjEyc1ZpYSUyNTIwQmFmaWxlJTI1MkMlMjUyMDExMyUyNTJDJTI1MjAzMDAxNiUyNTIwSmVzb2xvJTI1MjBWRSUyMTVlMCUyMTNtMiUyMTFzaXQlMjEyc2l0JTIxNHYxNjM1ODUwNTIyNDUwJTIxNW0yJTIxMXNpdCUyMTJzaXQlMjIlMjB3aWR0aCUzRCUyMjEwMCUyNSUyMiUyMGhlaWdodCUzRCUyMjMwMCUyMiUyMHN0eWxlJTNEJTIyYm9yZGVyJTNBMCUzQiUyMiUyMGFsbG93ZnVsbHNjcmVlbiUzRCUyMiUyMiUyMGxvYWRpbmclM0QlMjJsYXp5JTIyJTNFJTNDJTJGaWZyYW1lJTNF[\/vc_raw_html][vc_row_inner][vc_column_inner]\n\n\n  <div class=\"nd_options_section  nd_options_display_table \">\n    <div class=\"nd_options_display_table_cell nd_options_vertical_align_middle nd_options_width_50_percentage nd_options_text_align_left nd_options_padding_10 nd_options_box_sizing_border_box\">\n      <p class=\" nd_options_second_font nd_options_margin_0 nd_options_padding_0\" style=\"color:#1c1c1c\">Mesto :<\/p>\n    <\/div>\n    <div class=\"nd_options_display_table_cell nd_options_vertical_align_middle nd_options_width_50_percentage nd_options_text_align_right nd_options_padding_10 nd_options_box_sizing_border_box\">\n      <p class=\" nd_options_second_font nd_options_margin_0 nd_options_padding_0\" style=\"color:#878787\">Lido di Jesolo, 30016<\/p>\n    <\/div>\n  <\/div>\n\n\n   <div style=\"background-color:#f1f1f1;height: 1px\" class=\"nicdark_section  \"><\/div>\n\n\n  <div class=\"nd_options_section  nd_options_display_table \">\n    <div class=\"nd_options_display_table_cell nd_options_vertical_align_middle nd_options_width_50_percentage nd_options_text_align_left nd_options_padding_10 nd_options_box_sizing_border_box\">\n      <p class=\" nd_options_second_font nd_options_margin_0 nd_options_padding_0\" style=\"color:#1c1c1c\">Adresa :<\/p>\n    <\/div>\n    <div class=\"nd_options_display_table_cell nd_options_vertical_align_middle nd_options_width_50_percentage nd_options_text_align_right nd_options_padding_10 nd_options_box_sizing_border_box\">\n      <p class=\" nd_options_second_font nd_options_margin_0 nd_options_padding_0\" style=\"color:#878787\">Via A. Bafile, 113<\/p>\n    <\/div>\n  <\/div>\n\n\n   <div style=\"background-color:#f1f1f1;height: 1px\" class=\"nicdark_section  \"><\/div>\n\n\n  <div class=\"nd_options_section  nd_options_display_table \">\n    <div class=\"nd_options_display_table_cell nd_options_vertical_align_middle nd_options_width_50_percentage nd_options_text_align_left nd_options_padding_10 nd_options_box_sizing_border_box\">\n      <p class=\" nd_options_second_font nd_options_margin_0 nd_options_padding_0\" style=\"color:#1c1c1c\">Email :<\/p>\n    <\/div>\n    <div class=\"nd_options_display_table_cell nd_options_vertical_align_middle nd_options_width_50_percentage nd_options_text_align_right nd_options_padding_10 nd_options_box_sizing_border_box\">\n      <p class=\" nd_options_second_font nd_options_margin_0 nd_options_padding_0\" style=\"color:#878787\">info@hotelmarcopolo.it<\/p>\n    <\/div>\n  <\/div>\n\n\n   <div style=\"background-color:#f1f1f1;height: 1px\" class=\"nicdark_section  \"><\/div>\n\n\n  <div class=\"nd_options_section  nd_options_display_table \">\n    <div class=\"nd_options_display_table_cell nd_options_vertical_align_middle nd_options_width_50_percentage nd_options_text_align_left nd_options_padding_10 nd_options_box_sizing_border_box\">\n      <p class=\" nd_options_second_font nd_options_margin_0 nd_options_padding_0\" style=\"color:#1c1c1c\">Telefon :<\/p>\n    <\/div>\n    <div class=\"nd_options_display_table_cell nd_options_vertical_align_middle nd_options_width_50_percentage nd_options_text_align_right nd_options_padding_10 nd_options_box_sizing_border_box\">\n      <p class=\" nd_options_second_font nd_options_margin_0 nd_options_padding_0\" style=\"color:#878787\">+ 39 0421380606<\/p>\n    <\/div>\n  <\/div>\n\n\n   <div style=\"background-color:#f1f1f1;height: 1px\" class=\"nicdark_section  \"><\/div>\n\n\n  <div class=\"nd_options_section  nd_options_display_table \">\n    <div class=\"nd_options_display_table_cell nd_options_vertical_align_middle nd_options_width_50_percentage nd_options_text_align_left nd_options_padding_10 nd_options_box_sizing_border_box\">\n      <p class=\" nd_options_second_font nd_options_margin_0 nd_options_padding_0\" style=\"color:#1c1c1c\">Fax :<\/p>\n    <\/div>\n    <div class=\"nd_options_display_table_cell nd_options_vertical_align_middle nd_options_width_50_percentage nd_options_text_align_right nd_options_padding_10 nd_options_box_sizing_border_box\">\n      <p class=\" nd_options_second_font nd_options_margin_0 nd_options_padding_0\" style=\"color:#878787\">+39 0421381834<\/p>\n    <\/div>\n  <\/div>\n\n\n   [\/vc_column_inner][\/vc_row_inner]<div style=\"background-color:;height: 35px\" class=\"nicdark_section  \"><\/div>[\/vc_column][\/vc_row][vc_row][vc_column]<div style=\"background-color:;height: 80px\" class=\"nicdark_section  \"><\/div>[vc_column_text]Hotel Marco Polo sa nach\u00e1dza v Lido di Jesolo, v centre denn\u00e9ho a no\u010dn\u00e9ho \u017eivota mesta.<\/p>\n<p>V\u010faka svojej polohe 100 metrov od mora, \u013eahko dosiahnute\u013enej exkluz\u00edvnym s\u00fakromn\u00fdm pr\u00edstupom, je po\u010das d\u0148a obzvl\u00e1\u0161\u0165 vhodn\u00e1 pre t\u00fdch, ktor\u00ed miluj\u00fa pl\u00e1\u017eov\u00fd \u017eivot pod hol\u00fdm nebom.<\/p>\n<p>Vo ve\u010dern\u00fdch a no\u010dn\u00fdch hodin\u00e1ch m\u00e1 vchod s v\u00fdh\u013eadom na centr\u00e1lnu ulicu Via Bafile privilegovan\u00fa poz\u00edciu v centre hlavn\u00fdch atrakci\u00ed a turistick\u00fdch atrakci\u00ed.<br \/>\n[\/vc_column_text][\/vc_column][\/vc_row][vc_row][vc_column][vc_column_text]<strong>AK PR\u00cdDETE AUTOM<\/strong>[\/vc_column_text][vc_column_text]Pre t\u00fdch, ktor\u00ed prich\u00e1dzaj\u00fa z Mil\u00e1na alebo Brenneru: z dia\u013enice A4 z\u00ed\u010fte zjazdom Ben\u00e1tky \/ letisko a pokra\u010dujte smerom na SPIAGGE (plaze).<br \/>\nPre t\u00fdch, ktor\u00ed prich\u00e1dzaj\u00fa z Tarvisia, Udine, Terstu: z dia\u013enice A4, v\u00fdjazd Noventa \/ San Don\u00e0 di Piave.[\/vc_column_text][\/vc_column][\/vc_row][vc_row][vc_column][vc_column_text]<strong>AK PR\u00cdDETE AUTOBUSOM<\/strong>[\/vc_column_text][vc_column_text]Autobusy \u010dasto sp\u00e1jaj\u00fa Jesolo s ostatnymi mestami Talianska a krajinami Eur\u00f3py. Sme 5 min\u00fat ch\u00f4dze od autobusovej stanice: kruhov\u00fd objazd Picchi. Tel.+39 0421 383633 Inform\u00e1cie o cestovn\u00fdch poriadkoch autobusov: <a href=\"http:\/\/www.atvo.it\"><strong>www.atvo.it<\/strong><\/a>[\/vc_column_text][\/vc_column][\/vc_row][vc_row][vc_column][vc_column_text]<strong>AK PR\u00cdDETE VLAKOM<\/strong>[\/vc_column_text][vc_column_text]\u017delezni\u010dn\u00e9 stanice[\/vc_column_text][vc_column_text]Mestre tel. +39 041 715555<\/p>\n<p>San Don\u00e0 di Piave tel. +39 0421 330835<\/p>\n<p>s \u010dast\u00fdmi spojmi, ka\u017ed\u00fdch 30 min\u00fat, autobusom.[\/vc_column_text][\/vc_column][\/vc_row][vc_row][vc_column][vc_column_text]<strong>AK PR\u00cdDETE LIETADLOM<\/strong>[\/vc_column_text][vc_column_text]letisk\u00e1[\/vc_column_text][vc_column_text]letisk\u00e1 Ben\u00e1tky, Marco Polo, tel. +39 041 2606111<\/p>\n<p>Treviso, San Giuseppe, tel. +39 0422 20393<\/p>\n<p>Verona, Valerio Catullo, tel. +39 045 8095611<\/p>\n<p>Terst, Ronchi dei Legionari, tel. +39 040 631484[\/vc_column_text][\/vc_column][\/vc_row][vc_row][vc_column][vc_column_text]<strong>A AK CHCETE \u00cdS\u0164 DO BEN\u00c1TOK<\/strong>[\/vc_column_text][vc_column_text]V bl\u00edzkosti hotela (100 metrov) sa nach\u00e1dza autobusov\u00e1 zast\u00e1vka do Punta Sabbioni (pr\u00ecstav), autobus cislo 5 prem\u00e1va ka\u017ed\u00fdch 30 min\u00fat.<br \/>\nOdtia\u013e sa m\u00f4\u017eete lo\u010fou dosta\u0165 do Ben\u00e1tok (priamo na n\u00e0mestie S. Marka) Najlep\u0161\u00ed a najluxusnej\u0161\u00ed sp\u00f4sob, ako nav\u0161t\u00edvi\u0165 toto jedine\u010dn\u00e9 mesto na svete.[\/vc_column_text][\/vc_column][\/vc_row]<\/p>\n","protected":false},"excerpt":{"rendered":"<p>[vc_row css=&#8220;.vc_custom_1633956299380{margin-top: 30px !important;}&#8220;][vc_column width=&#8220;1\/2&#8243; css=&#8220;.vc_custom_1467214267244{padding-top: 10px !important;padding-bottom: 10px !important;}&#8220;][vc_column_text]Ak chcete vyu\u017ei\u0165 \u010fal\u0161ie zauj\u00edmav\u00e9 ponuky a n\u00e1vrhy, nev\u00e1hajte n\u00e1s kontaktova\u0165 priamo pomocou formul\u00e1ra, zabezpe\u010d\u00edme v\u00e1m rezerv\u00e1ciu najv\u00fdhodnej\u0161ej ceny.[\/vc_column_text][\/vc_column][vc_column width=&#8220;1\/2&#8243; css=&#8220;.vc_custom_1467214272039{padding-top: 10px !important;padding-bottom: 10px !important;}&#8220;][vc_raw_html]JTNDaWZyYW1lJTIwc3JjJTNEJTIyaHR0cHMlM0ElMkYlMkZ3d3cuZ29vZ2xlLmNvbSUyRm1hcHMlMkZlbWJlZCUzRnBiJTNEJTIxMW0xOCUyMTFtMTIlMjExbTMlMjExZDI3OTYuMjc0MTQxNzkxOTY1NiUyMTJkMTIuNjM5MjgwODE1MzI2MDg5JTIxM2Q0NS41MDQ1NTk3NzkxMDE0NTYlMjEybTMlMjExZjAlMjEyZjAlMjEzZjAlMjEzbTIlMjExaTEwMjQlMjEyaTc2OCUyMTRmMTMuMSUyMTNtMyUyMTFtMiUyMTFzMHg0NzdjMDA5ZTY1MmJiM2I1JTI1M0EweDUwMjI0MTA3MGIwMjk5NTUlMjEyc1ZpYSUyNTIwQmFmaWxlJTI1MkMlMjUyMDExMyUyNTJDJTI1MjAzMDAxNiUyNTIwSmVzb2xvJTI1MjBWRSUyMTVlMCUyMTNtMiUyMTFzaXQlMjEyc2l0JTIxNHYxNjM1ODUwNTIyNDUwJTIxNW0yJTIxMXNpdCUyMTJzaXQlMjIlMjB3aWR0aCUzRCUyMjEwMCUyNSUyMiUyMGhlaWdodCUzRCUyMjMwMCUyMiUyMHN0eWxlJTNEJTIyYm9yZGVyJTNBMCUzQiUyMiUyMGFsbG93ZnVsbHNjcmVlbiUzRCUyMiUyMiUyMGxvYWRpbmclM0QlMjJsYXp5JTIyJTNFJTNDJTJGaWZyYW1lJTNF[\/vc_raw_html][vc_row_inner][vc_column_inner][\/vc_column_inner][\/vc_row_inner][\/vc_column][\/vc_row][vc_row][vc_column][vc_column_text]Hotel Marco Polo sa nach\u00e1dza v Lido di Jesolo, v centre denn\u00e9ho a no\u010dn\u00e9ho \u017eivota mesta. V\u010faka svojej polohe 100 metrov od [&hellip;]<\/p>\n","protected":false},"author":2,"featured_media":0,"parent":0,"menu_order":0,"comment_status":"closed","ping_status":"closed","template":"","meta":{"footnotes":""},"class_list":["post-4196","page","type-page","status-publish","hentry"],"yoast_head":"<!-- This site is optimized with the Yoast SEO plugin v21.5 - https:\/\/yoast.com\/wordpress\/plugins\/seo\/ -->\n<title>Ak chcete z\u00edska\u0165 inform\u00e1cie, kontaktujte hotel Marco Polo<\/title>\n<meta name=\"description\" content=\"Str\u00e1nka venovan\u00e1 vy\u017eiadaniu inform\u00e1ci\u00ed pre rezerv\u00e1cie v hoteli Marco Polo v Jesolo Lido.\" \/>\n<meta name=\"robots\" content=\"index, follow, max-snippet:-1, max-image-preview:large, max-video-preview:-1\" \/>\n<link rel=\"canonical\" href=\"https:\/\/www.hotelmarcopolo.it\/sk\/kontakty\/\" \/>\n<meta property=\"og:locale\" content=\"sk_SK\" \/>\n<meta property=\"og:type\" content=\"article\" \/>\n<meta property=\"og:title\" content=\"Ak chcete z\u00edska\u0165 inform\u00e1cie, kontaktujte hotel Marco Polo\" \/>\n<meta property=\"og:description\" content=\"Str\u00e1nka venovan\u00e1 vy\u017eiadaniu inform\u00e1ci\u00ed pre rezerv\u00e1cie v hoteli Marco Polo v Jesolo Lido.\" \/>\n<meta property=\"og:url\" content=\"https:\/\/www.hotelmarcopolo.it\/sk\/kontakty\/\" \/>\n<meta property=\"og:site_name\" content=\"Hotel Marco Polo\" \/>\n<meta property=\"article:modified_time\" content=\"2022-03-28T14:50:39+00:00\" \/>\n<meta name=\"twitter:card\" content=\"summary_large_image\" \/>\n<meta name=\"twitter:label1\" content=\"Predpokladan\u00fd \u010das \u010d\u00edtania\" \/>\n\t<meta name=\"twitter:data1\" content=\"5 min\u00fat\" \/>\n<script type=\"application\/ld+json\" class=\"yoast-schema-graph\">{\"@context\":\"https:\/\/schema.org\",\"@graph\":[{\"@type\":\"WebPage\",\"@id\":\"https:\/\/www.hotelmarcopolo.it\/sk\/kontakty\/\",\"url\":\"https:\/\/www.hotelmarcopolo.it\/sk\/kontakty\/\",\"name\":\"Ak chcete z\u00edska\u0165 inform\u00e1cie, kontaktujte hotel Marco Polo\",\"isPartOf\":{\"@id\":\"https:\/\/www.hotelmarcopolo.it\/sk\/#website\"},\"datePublished\":\"2021-05-28T13:05:58+00:00\",\"dateModified\":\"2022-03-28T14:50:39+00:00\",\"description\":\"Str\u00e1nka venovan\u00e1 vy\u017eiadaniu inform\u00e1ci\u00ed pre rezerv\u00e1cie v hoteli Marco Polo v Jesolo Lido.\",\"breadcrumb\":{\"@id\":\"https:\/\/www.hotelmarcopolo.it\/sk\/kontakty\/#breadcrumb\"},\"inLanguage\":\"sk-SK\",\"potentialAction\":[{\"@type\":\"ReadAction\",\"target\":[\"https:\/\/www.hotelmarcopolo.it\/sk\/kontakty\/\"]}]},{\"@type\":\"BreadcrumbList\",\"@id\":\"https:\/\/www.hotelmarcopolo.it\/sk\/kontakty\/#breadcrumb\",\"itemListElement\":[{\"@type\":\"ListItem\",\"position\":1,\"name\":\"Home\",\"item\":\"https:\/\/www.hotelmarcopolo.it\/sk\/\"},{\"@type\":\"ListItem\",\"position\":2,\"name\":\"Kontakty\"}]},{\"@type\":\"WebSite\",\"@id\":\"https:\/\/www.hotelmarcopolo.it\/sk\/#website\",\"url\":\"https:\/\/www.hotelmarcopolo.it\/sk\/\",\"name\":\"Hotel Marco Polo\",\"description\":\"Un nuovo sito targato WordPress\",\"potentialAction\":[{\"@type\":\"SearchAction\",\"target\":{\"@type\":\"EntryPoint\",\"urlTemplate\":\"https:\/\/www.hotelmarcopolo.it\/sk\/?s={search_term_string}\"},\"query-input\":\"required name=search_term_string\"}],\"inLanguage\":\"sk-SK\"}]}<\/script>\n<!-- \/ Yoast SEO plugin. -->","yoast_head_json":{"title":"Ak chcete z\u00edska\u0165 inform\u00e1cie, kontaktujte hotel Marco Polo","description":"Str\u00e1nka venovan\u00e1 vy\u017eiadaniu inform\u00e1ci\u00ed pre rezerv\u00e1cie v hoteli Marco Polo v Jesolo Lido.","robots":{"index":"index","follow":"follow","max-snippet":"max-snippet:-1","max-image-preview":"max-image-preview:large","max-video-preview":"max-video-preview:-1"},"canonical":"https:\/\/www.hotelmarcopolo.it\/sk\/kontakty\/","og_locale":"sk_SK","og_type":"article","og_title":"Ak chcete z\u00edska\u0165 inform\u00e1cie, kontaktujte hotel Marco Polo","og_description":"Str\u00e1nka venovan\u00e1 vy\u017eiadaniu inform\u00e1ci\u00ed pre rezerv\u00e1cie v hoteli Marco Polo v Jesolo Lido.","og_url":"https:\/\/www.hotelmarcopolo.it\/sk\/kontakty\/","og_site_name":"Hotel Marco Polo","article_modified_time":"2022-03-28T14:50:39+00:00","twitter_card":"summary_large_image","twitter_misc":{"Predpokladan\u00fd \u010das \u010d\u00edtania":"5 min\u00fat"},"schema":{"@context":"https:\/\/schema.org","@graph":[{"@type":"WebPage","@id":"https:\/\/www.hotelmarcopolo.it\/sk\/kontakty\/","url":"https:\/\/www.hotelmarcopolo.it\/sk\/kontakty\/","name":"Ak chcete z\u00edska\u0165 inform\u00e1cie, kontaktujte hotel Marco Polo","isPartOf":{"@id":"https:\/\/www.hotelmarcopolo.it\/sk\/#website"},"datePublished":"2021-05-28T13:05:58+00:00","dateModified":"2022-03-28T14:50:39+00:00","description":"Str\u00e1nka venovan\u00e1 vy\u017eiadaniu inform\u00e1ci\u00ed pre rezerv\u00e1cie v hoteli Marco Polo v Jesolo Lido.","breadcrumb":{"@id":"https:\/\/www.hotelmarcopolo.it\/sk\/kontakty\/#breadcrumb"},"inLanguage":"sk-SK","potentialAction":[{"@type":"ReadAction","target":["https:\/\/www.hotelmarcopolo.it\/sk\/kontakty\/"]}]},{"@type":"BreadcrumbList","@id":"https:\/\/www.hotelmarcopolo.it\/sk\/kontakty\/#breadcrumb","itemListElement":[{"@type":"ListItem","position":1,"name":"Home","item":"https:\/\/www.hotelmarcopolo.it\/sk\/"},{"@type":"ListItem","position":2,"name":"Kontakty"}]},{"@type":"WebSite","@id":"https:\/\/www.hotelmarcopolo.it\/sk\/#website","url":"https:\/\/www.hotelmarcopolo.it\/sk\/","name":"Hotel Marco Polo","description":"Un nuovo sito targato WordPress","potentialAction":[{"@type":"SearchAction","target":{"@type":"EntryPoint","urlTemplate":"https:\/\/www.hotelmarcopolo.it\/sk\/?s={search_term_string}"},"query-input":"required name=search_term_string"}],"inLanguage":"sk-SK"}]}},"_links":{"self":[{"href":"https:\/\/www.hotelmarcopolo.it\/sk\/wp-json\/wp\/v2\/pages\/4196","targetHints":{"allow":["GET"]}}],"collection":[{"href":"https:\/\/www.hotelmarcopolo.it\/sk\/wp-json\/wp\/v2\/pages"}],"about":[{"href":"https:\/\/www.hotelmarcopolo.it\/sk\/wp-json\/wp\/v2\/types\/page"}],"author":[{"embeddable":true,"href":"https:\/\/www.hotelmarcopolo.it\/sk\/wp-json\/wp\/v2\/users\/2"}],"replies":[{"embeddable":true,"href":"https:\/\/www.hotelmarcopolo.it\/sk\/wp-json\/wp\/v2\/comments?post=4196"}],"version-history":[{"count":0,"href":"https:\/\/www.hotelmarcopolo.it\/sk\/wp-json\/wp\/v2\/pages\/4196\/revisions"}],"wp:attachment":[{"href":"https:\/\/www.hotelmarcopolo.it\/sk\/wp-json\/wp\/v2\/media?parent=4196"}],"curies":[{"name":"wp","href":"https:\/\/api.w.org\/{rel}","templated":true}]}}