{"id":4267,"date":"2021-06-03T17:44:10","date_gmt":"2021-06-03T15:44:10","guid":{"rendered":"https:\/\/www.hotelmarcopolo.it\/jesolo-business-hotel\/"},"modified":"2024-10-08T16:53:48","modified_gmt":"2024-10-08T14:53:48","slug":"jesolo-business-hotel","status":"publish","type":"page","link":"https:\/\/www.hotelmarcopolo.it\/sk\/jesolo-business-hotel\/","title":{"rendered":"Tvoj Business Hotel v Jesolo Lido"},"content":{"rendered":"<p>[vc_row css=&#8220;.vc_custom_1633956447426{margin-top: 30px !important;}&#8220;][vc_column] <h2 style=\"color:#1c1c1c;padding:px;text-align:;font-size:34px;line-height:45px;letter-spacing: px;font-weight:\" class=\"    \">Marco Polo pre va\u0161e slu\u017eobn\u00e9 cesty<\/h2> <div style=\"background-color:;height: 50px\" class=\"nicdark_section  \"><\/div>[vc_single_image image=&#8220;11837&#8243; img_size=&#8220;large&#8220;]<div style=\"background-color:;height: 20px\" class=\"nicdark_section  \"><\/div>[vc_column_text]Ak nie ste v Jesolo na dovolenke, ale za pr\u00e1cou, neznamen\u00e1 to, \u017ee v\u00e1\u0161 pobyt by mal by\u0165 nepr\u00edjemn\u00fd. V hoteli Marco Polo m\u00f4\u017eu <strong>obchodn\u00ed hostia<\/strong> vyu\u017ei\u0165 mno\u017estvo slu\u017eieb ur\u010den\u00fdch najm\u00e4<strong> pre obchodn\u00fdch cestuj\u00facich<\/strong>.<\/p>\n<p>Ak sa mus\u00edte z pracovn\u00fdch d\u00f4vodov ubytova\u0165 v Jesole, na\u0161e izby v\u00e1m pon\u00faknu vynikaj\u00face ubytovanie a navy\u0161e budete ma\u0165 mo\u017enos\u0165 vyu\u017ei\u0165 <strong>v\u0161etko potrebn\u00e9<\/strong> na pr\u00edpravu na v\u00e1\u0161 n\u00e1ro\u010dn\u00fd de\u0148, ako je wi-fi pripojenie na internet, LCD TV s TV adapt\u00e9rom na pripojenie po\u010d\u00edta\u010da.[\/vc_column_text][\/vc_column][\/vc_row][vc_row full_width=&#8220;stretch_row_content_no_spaces&#8220; css=&#8220;.vc_custom_1634033273184{margin-top: 30px !important;margin-bottom: 30px !important;}&#8220;][vc_column][vc_single_image image=&#8220;11846&#8243; img_size=&#8220;full&#8220;][\/vc_column][\/vc_row][vc_row][vc_column][vc_column_text]A po n\u00e1ro\u010dnom dni v pr\u00e1ci si m\u00f4\u017eete odd\u00fdchnu\u0165 a vychutna\u0165 si pohodlie a teplo v izbe alebo <strong>si dopria\u0165 trochu vo\u013en\u00e9ho \u010dasu<\/strong> a vychutna\u0165 si mesto Jesolo medzi n\u00e1dhernou pl\u00e1\u017eou a z\u00e1bavou no\u010dn\u00e9ho \u017eivota v Jesolo.<\/p>\n<p>Hotel sa nach\u00e1dza sa vo ve\u013emi centr\u00e1lnej a dobre obsluhovanej lokalite, na via Bafile a <strong>v bl\u00edzkosti autobusovej stanice<\/strong>. Tak budete ma\u0165 mo\u017enos\u0165 dosta\u0165 sa ku v\u0161etkej verejnej doprave a \u013eahko sa pres\u00fava\u0165 linkami na letisko alebo \u017eelezni\u010dn\u00fa stanicu a sp\u00e4\u0165.<\/p>\n<p>Ak m\u00e1te auto, hotel pon\u00faka parkovisko.[\/vc_column_text][\/vc_column][\/vc_row]<\/p>\n","protected":false},"excerpt":{"rendered":"<p>[vc_row css=&#8220;.vc_custom_1633956447426{margin-top: 30px !important;}&#8220;][vc_column][vc_single_image image=&#8220;11837&#8243; img_size=&#8220;large&#8220;][vc_column_text]Ak nie ste v Jesolo na dovolenke, ale za pr\u00e1cou, neznamen\u00e1 to, \u017ee v\u00e1\u0161 pobyt by mal by\u0165 nepr\u00edjemn\u00fd. V hoteli Marco Polo m\u00f4\u017eu obchodn\u00ed hostia vyu\u017ei\u0165 mno\u017estvo slu\u017eieb ur\u010den\u00fdch najm\u00e4 pre obchodn\u00fdch cestuj\u00facich. Ak sa mus\u00edte z pracovn\u00fdch d\u00f4vodov ubytova\u0165 v Jesole, na\u0161e izby v\u00e1m pon\u00faknu vynikaj\u00face ubytovanie a [&hellip;]<\/p>\n","protected":false},"author":2,"featured_media":0,"parent":0,"menu_order":0,"comment_status":"closed","ping_status":"closed","template":"","meta":{"footnotes":""},"class_list":["post-4267","page","type-page","status-publish","hentry"],"yoast_head":"<!-- This site is optimized with the Yoast SEO plugin v21.5 - https:\/\/yoast.com\/wordpress\/plugins\/seo\/ -->\n<title>Biznis hotel v Jesolo lido<\/title>\n<meta name=\"description\" content=\"Mus\u00edte sa z\u00fa\u010dastni\u0165 konferencie alebo obchodn\u00e9ho stretnutia? V\u010faka svojej polohe je hotel Marco Poloide\u00e1lnym ubytovan\u00edm pre va\u0161u slu\u017eobn\u00fa cestu.\" \/>\n<meta name=\"robots\" content=\"index, follow, max-snippet:-1, max-image-preview:large, max-video-preview:-1\" \/>\n<link rel=\"canonical\" href=\"https:\/\/www.hotelmarcopolo.it\/sk\/jesolo-business-hotel\/\" \/>\n<meta property=\"og:locale\" content=\"sk_SK\" \/>\n<meta property=\"og:type\" content=\"article\" \/>\n<meta property=\"og:title\" content=\"Biznis hotel v Jesolo lido\" \/>\n<meta property=\"og:description\" content=\"Mus\u00edte sa z\u00fa\u010dastni\u0165 konferencie alebo obchodn\u00e9ho stretnutia? V\u010faka svojej polohe je hotel Marco Poloide\u00e1lnym ubytovan\u00edm pre va\u0161u slu\u017eobn\u00fa cestu.\" \/>\n<meta property=\"og:url\" content=\"https:\/\/www.hotelmarcopolo.it\/sk\/jesolo-business-hotel\/\" \/>\n<meta property=\"og:site_name\" content=\"Hotel Marco Polo\" \/>\n<meta property=\"article:modified_time\" content=\"2024-10-08T14:53:48+00:00\" \/>\n<meta name=\"twitter:card\" content=\"summary_large_image\" \/>\n<meta name=\"twitter:label1\" content=\"Predpokladan\u00fd \u010das \u010d\u00edtania\" \/>\n\t<meta name=\"twitter:data1\" content=\"1 min\u00fata\" \/>\n<script type=\"application\/ld+json\" class=\"yoast-schema-graph\">{\"@context\":\"https:\/\/schema.org\",\"@graph\":[{\"@type\":\"WebPage\",\"@id\":\"https:\/\/www.hotelmarcopolo.it\/sk\/jesolo-business-hotel\/\",\"url\":\"https:\/\/www.hotelmarcopolo.it\/sk\/jesolo-business-hotel\/\",\"name\":\"Biznis hotel v Jesolo lido\",\"isPartOf\":{\"@id\":\"https:\/\/www.hotelmarcopolo.it\/sk\/#website\"},\"datePublished\":\"2021-06-03T15:44:10+00:00\",\"dateModified\":\"2024-10-08T14:53:48+00:00\",\"description\":\"Mus\u00edte sa z\u00fa\u010dastni\u0165 konferencie alebo obchodn\u00e9ho stretnutia? V\u010faka svojej polohe je hotel Marco Poloide\u00e1lnym ubytovan\u00edm pre va\u0161u slu\u017eobn\u00fa cestu.\",\"breadcrumb\":{\"@id\":\"https:\/\/www.hotelmarcopolo.it\/sk\/jesolo-business-hotel\/#breadcrumb\"},\"inLanguage\":\"sk-SK\",\"potentialAction\":[{\"@type\":\"ReadAction\",\"target\":[\"https:\/\/www.hotelmarcopolo.it\/sk\/jesolo-business-hotel\/\"]}]},{\"@type\":\"BreadcrumbList\",\"@id\":\"https:\/\/www.hotelmarcopolo.it\/sk\/jesolo-business-hotel\/#breadcrumb\",\"itemListElement\":[{\"@type\":\"ListItem\",\"position\":1,\"name\":\"Home\",\"item\":\"https:\/\/www.hotelmarcopolo.it\/sk\/\"},{\"@type\":\"ListItem\",\"position\":2,\"name\":\"Tvoj Business Hotel v Jesolo Lido\"}]},{\"@type\":\"WebSite\",\"@id\":\"https:\/\/www.hotelmarcopolo.it\/sk\/#website\",\"url\":\"https:\/\/www.hotelmarcopolo.it\/sk\/\",\"name\":\"Hotel Marco Polo\",\"description\":\"Un nuovo sito targato WordPress\",\"potentialAction\":[{\"@type\":\"SearchAction\",\"target\":{\"@type\":\"EntryPoint\",\"urlTemplate\":\"https:\/\/www.hotelmarcopolo.it\/sk\/?s={search_term_string}\"},\"query-input\":\"required name=search_term_string\"}],\"inLanguage\":\"sk-SK\"}]}<\/script>\n<!-- \/ Yoast SEO plugin. -->","yoast_head_json":{"title":"Biznis hotel v Jesolo lido","description":"Mus\u00edte sa z\u00fa\u010dastni\u0165 konferencie alebo obchodn\u00e9ho stretnutia? V\u010faka svojej polohe je hotel Marco Poloide\u00e1lnym ubytovan\u00edm pre va\u0161u slu\u017eobn\u00fa cestu.","robots":{"index":"index","follow":"follow","max-snippet":"max-snippet:-1","max-image-preview":"max-image-preview:large","max-video-preview":"max-video-preview:-1"},"canonical":"https:\/\/www.hotelmarcopolo.it\/sk\/jesolo-business-hotel\/","og_locale":"sk_SK","og_type":"article","og_title":"Biznis hotel v Jesolo lido","og_description":"Mus\u00edte sa z\u00fa\u010dastni\u0165 konferencie alebo obchodn\u00e9ho stretnutia? V\u010faka svojej polohe je hotel Marco Poloide\u00e1lnym ubytovan\u00edm pre va\u0161u slu\u017eobn\u00fa cestu.","og_url":"https:\/\/www.hotelmarcopolo.it\/sk\/jesolo-business-hotel\/","og_site_name":"Hotel Marco Polo","article_modified_time":"2024-10-08T14:53:48+00:00","twitter_card":"summary_large_image","twitter_misc":{"Predpokladan\u00fd \u010das \u010d\u00edtania":"1 min\u00fata"},"schema":{"@context":"https:\/\/schema.org","@graph":[{"@type":"WebPage","@id":"https:\/\/www.hotelmarcopolo.it\/sk\/jesolo-business-hotel\/","url":"https:\/\/www.hotelmarcopolo.it\/sk\/jesolo-business-hotel\/","name":"Biznis hotel v Jesolo lido","isPartOf":{"@id":"https:\/\/www.hotelmarcopolo.it\/sk\/#website"},"datePublished":"2021-06-03T15:44:10+00:00","dateModified":"2024-10-08T14:53:48+00:00","description":"Mus\u00edte sa z\u00fa\u010dastni\u0165 konferencie alebo obchodn\u00e9ho stretnutia? V\u010faka svojej polohe je hotel Marco Poloide\u00e1lnym ubytovan\u00edm pre va\u0161u slu\u017eobn\u00fa cestu.","breadcrumb":{"@id":"https:\/\/www.hotelmarcopolo.it\/sk\/jesolo-business-hotel\/#breadcrumb"},"inLanguage":"sk-SK","potentialAction":[{"@type":"ReadAction","target":["https:\/\/www.hotelmarcopolo.it\/sk\/jesolo-business-hotel\/"]}]},{"@type":"BreadcrumbList","@id":"https:\/\/www.hotelmarcopolo.it\/sk\/jesolo-business-hotel\/#breadcrumb","itemListElement":[{"@type":"ListItem","position":1,"name":"Home","item":"https:\/\/www.hotelmarcopolo.it\/sk\/"},{"@type":"ListItem","position":2,"name":"Tvoj Business Hotel v Jesolo Lido"}]},{"@type":"WebSite","@id":"https:\/\/www.hotelmarcopolo.it\/sk\/#website","url":"https:\/\/www.hotelmarcopolo.it\/sk\/","name":"Hotel Marco Polo","description":"Un nuovo sito targato WordPress","potentialAction":[{"@type":"SearchAction","target":{"@type":"EntryPoint","urlTemplate":"https:\/\/www.hotelmarcopolo.it\/sk\/?s={search_term_string}"},"query-input":"required name=search_term_string"}],"inLanguage":"sk-SK"}]}},"_links":{"self":[{"href":"https:\/\/www.hotelmarcopolo.it\/sk\/wp-json\/wp\/v2\/pages\/4267","targetHints":{"allow":["GET"]}}],"collection":[{"href":"https:\/\/www.hotelmarcopolo.it\/sk\/wp-json\/wp\/v2\/pages"}],"about":[{"href":"https:\/\/www.hotelmarcopolo.it\/sk\/wp-json\/wp\/v2\/types\/page"}],"author":[{"embeddable":true,"href":"https:\/\/www.hotelmarcopolo.it\/sk\/wp-json\/wp\/v2\/users\/2"}],"replies":[{"embeddable":true,"href":"https:\/\/www.hotelmarcopolo.it\/sk\/wp-json\/wp\/v2\/comments?post=4267"}],"version-history":[{"count":1,"href":"https:\/\/www.hotelmarcopolo.it\/sk\/wp-json\/wp\/v2\/pages\/4267\/revisions"}],"predecessor-version":[{"id":11855,"href":"https:\/\/www.hotelmarcopolo.it\/sk\/wp-json\/wp\/v2\/pages\/4267\/revisions\/11855"}],"wp:attachment":[{"href":"https:\/\/www.hotelmarcopolo.it\/sk\/wp-json\/wp\/v2\/media?parent=4267"}],"curies":[{"name":"wp","href":"https:\/\/api.w.org\/{rel}","templated":true}]}}